{"id":750766,"date":"2025-08-28T04:29:34","date_gmt":"2025-08-28T01:29:34","guid":{"rendered":"https:\/\/roveyayinevi.com.tr\/index.php\/urun\/yasamin-kodu\/"},"modified":"2026-04-16T03:04:00","modified_gmt":"2026-04-16T00:04:00","slug":"yasamin-kodu","status":"publish","type":"product","link":"https:\/\/roveyayinevi.com.tr\/index.php\/urun\/yasamin-kodu\/","title":{"rendered":"Ya\u015fam\u0131n Kodu"},"content":{"rendered":"<p>Biyolojide bir devrim ya\u015fan\u0131yor. Ola\u011fan\u00fcst\u00fc bir teknoloji art\u0131k hastal\u0131klar\u0131 daha kolay tedavi etmemizi, vir\u00fcsleri yok etmemizi ve daha sa\u011fl\u0131kl\u0131 bebeklerin do\u011fmas\u0131n\u0131 sa\u011flayacak. Devrimin kalbinde ise 2020\u2019de Nobel\u2019e lay\u0131k g\u00f6r\u00fclen Jennifer Doudna ile arkada\u015flar\u0131 var. Isaacson\u2019un yeni kitab\u0131n\u0131n kahramanlar\u0131 onlar. Lisede rehber \u00f6\u011fretmeni ona k\u0131zlar\u0131n bilim yapamayaca\u011f\u0131n\u0131 s\u00f6ylese de Jennifer Doudna\u2019n\u0131n ya\u015fam\u0131n gizli mekanizmalar\u0131n\u0131 ke\u015ffetme tutkusu, DNA \u00e7ift sarmal\u0131n\u0131n ke\u015ffinden beri biyolojideki en \u00f6nemli ilerlemeyi sa\u011flad\u0131. Doudna, do\u011fan\u0131n i\u015fleyi\u015finde fark etti\u011fi bir ilgin\u00e7li\u011fi insanl\u0131\u011f\u0131n gidi\u015fat\u0131n\u0131 de\u011fi\u015ftirecek bir bulu\u015fa \u00e7evirdi. DNA\u2019m\u0131z\u0131 kolayca d\u00fczenlememizi sa\u011flayacak CRISPR teknolojisi, t\u0131bbi mucizelerle \u2013ama bir yandan da ahlaki sorularla\u2013 dolu bir \u201ccesur yeni d\u00fcnyan\u0131n\u201d kap\u0131lar\u0131n\u0131 a\u00e7t\u0131. Ge\u00e7ti\u011fimiz elli y\u0131lda dijital devrimi ya\u015fad\u0131k, \u015fimdiyse ya\u015fam biliminin devrimi ba\u015fl\u0131yor. Yak\u0131nda dijital kodlama \u00f6\u011frenen \u00e7ocuklar\u0131n yan\u0131na genetik kod \u00f6\u011frenenler kat\u0131lacak. Peki bu yeni \u00fcst\u00fcnl\u00fc\u011f\u00fcm\u00fcz\u00fc vir\u00fcslere kar\u015f\u0131 g\u00fc\u00e7lenmek i\u00e7in kullanmal\u0131 m\u0131y\u0131z? Ya da depresyonu engellemek i\u00e7in? Sadece paras\u0131 yeten ailelerin, \u00e7ocuklar\u0131n\u0131n b\u00fcnyesini ve zek\u00e2s\u0131n\u0131 g\u00fc\u00e7lendirebilece\u011fi bir d\u00fcnyay\u0131 kabul ediyor muyuz? CRISPR teknolojisinin ke\u015ffine liderlik eden Doudna, \u015fimdi bu etik tart\u0131\u015fmalar\u0131n merkezinde duruyor. Doudna\u2019n\u0131n hayat \u00f6yk\u00fcs\u00fc, do\u011fan\u0131n en derin mucizeleri aras\u0131nda dolan\u0131p, ya\u015fam\u0131n kayna\u011f\u0131ndan t\u00fcr\u00fcm\u00fcz\u00fcn gelece\u011fine dek uzanan, b\u00fcy\u00fcleyici bir macera. <\/p>\n","protected":false},"excerpt":{"rendered":"<p>Biyolojide bir devrim ya\u015fan\u0131yor. Ola\u011fan\u00fcst\u00fc bir teknoloji art\u0131k hastal\u0131klar\u0131 daha kolay tedavi etmemizi, vir\u00fcsleri yok etmemizi ve daha sa\u011fl\u0131kl\u0131 bebeklerin do\u011fmas\u0131n\u0131 sa\u011flayacak. Devrimin kalbinde ise 2020\u2019de<span class=\"excerpt-hellip\"> [\u2026]<\/span><\/p>\n","protected":false},"featured_media":0,"template":"","meta":{"_monsterinsights_skip_tracking":false,"_monsterinsights_sitenote_active":false,"_monsterinsights_sitenote_note":"","_monsterinsights_sitenote_category":0},"product_brand":[],"product_cat":[13005,13010],"product_tag":[],"class_list":{"0":"post-750766","1":"product","2":"type-product","3":"status-publish","5":"product_cat-bilim-muhendislik","6":"product_cat-doga-bilimleri","7":"pa_cilt-ciltsiz","8":"pa_tur-kitap","9":"pa_yayinevi-domingo-yayinevi","10":"pa_yazar-walter-isaacson","12":"first","13":"instock","14":"sale","15":"shipping-taxable","16":"purchasable","17":"product-type-simple"},"_links":{"self":[{"href":"https:\/\/roveyayinevi.com.tr\/index.php\/wp-json\/wp\/v2\/product\/750766","targetHints":{"allow":["GET"]}}],"collection":[{"href":"https:\/\/roveyayinevi.com.tr\/index.php\/wp-json\/wp\/v2\/product"}],"about":[{"href":"https:\/\/roveyayinevi.com.tr\/index.php\/wp-json\/wp\/v2\/types\/product"}],"wp:attachment":[{"href":"https:\/\/roveyayinevi.com.tr\/index.php\/wp-json\/wp\/v2\/media?parent=750766"}],"wp:term":[{"taxonomy":"product_brand","embeddable":true,"href":"https:\/\/roveyayinevi.com.tr\/index.php\/wp-json\/wp\/v2\/product_brand?post=750766"},{"taxonomy":"product_cat","embeddable":true,"href":"https:\/\/roveyayinevi.com.tr\/index.php\/wp-json\/wp\/v2\/product_cat?post=750766"},{"taxonomy":"product_tag","embeddable":true,"href":"https:\/\/roveyayinevi.com.tr\/index.php\/wp-json\/wp\/v2\/product_tag?post=750766"}],"curies":[{"name":"wp","href":"https:\/\/api.w.org\/{rel}","templated":true}]}}