{"id":750761,"date":"2025-08-28T04:29:27","date_gmt":"2025-08-28T01:29:27","guid":{"rendered":"https:\/\/roveyayinevi.com.tr\/index.php\/urun\/astronot-kopek-maylo\/"},"modified":"2026-04-16T03:03:59","modified_gmt":"2026-04-16T00:03:59","slug":"astronot-kopek-maylo","status":"publish","type":"product","link":"https:\/\/roveyayinevi.com.tr\/index.php\/urun\/astronot-kopek-maylo\/","title":{"rendered":"Astronot K\u00f6pek Maylo"},"content":{"rendered":"<p>D\u00fcnyan\u0131n en yaramaz, en tatl\u0131 k\u00f6pe\u011fi: MAYLO! Hayatta en sevdi\u011fi \u015fey \u201cUzay!\u201d Bir g\u00fcn mutlaka uzaya gidece\u011fine ve oraya giden ilk k\u00f6pek olaca\u011f\u0131na inan\u0131yor. Hem de t\u00fcm kalbiyle&#8230; \u0130\u015fte bu hayali, ba\u015f\u0131na k\u00fc\u00e7\u00fck sorunlar a\u00e7m\u0131yor de\u011fil. En yak\u0131n arkada\u015f\u0131 Can ve ailesi, zaman zaman onun i\u00e7in endi\u015felense de MAYLO\u2019yu uzaya g\u00f6ndermenin bir yolunu sizce bulabilecekler mi?   Dostluk ve hayaller \u00fczerine s\u0131cac\u0131k bir hik\u00e2ye&#8230;<\/p>\n","protected":false},"excerpt":{"rendered":"<p>D\u00fcnyan\u0131n en yaramaz, en tatl\u0131 k\u00f6pe\u011fi: MAYLO! Hayatta en sevdi\u011fi \u015fey \u201cUzay!\u201d Bir g\u00fcn mutlaka uzaya gidece\u011fine ve oraya giden ilk k\u00f6pek olaca\u011f\u0131na inan\u0131yor. Hem de<span class=\"excerpt-hellip\"> [\u2026]<\/span><\/p>\n","protected":false},"featured_media":0,"template":"","meta":{"_monsterinsights_skip_tracking":false,"_monsterinsights_sitenote_active":false,"_monsterinsights_sitenote_note":"","_monsterinsights_sitenote_category":0},"product_brand":[],"product_cat":[12274,12284],"product_tag":[],"class_list":{"0":"post-750761","1":"product","2":"type-product","3":"status-publish","5":"product_cat-cocuk-ve-genclik-kitaplari","6":"product_cat-hikayeler","7":"pa_cilt-ciltsiz","8":"pa_tur-kitap","9":"pa_yayinevi-luna-cocuk-yayinlari","10":"pa_yazar-zeynep-usta-iman","12":"first","13":"instock","14":"sale","15":"shipping-taxable","16":"purchasable","17":"product-type-simple"},"_links":{"self":[{"href":"https:\/\/roveyayinevi.com.tr\/index.php\/wp-json\/wp\/v2\/product\/750761","targetHints":{"allow":["GET"]}}],"collection":[{"href":"https:\/\/roveyayinevi.com.tr\/index.php\/wp-json\/wp\/v2\/product"}],"about":[{"href":"https:\/\/roveyayinevi.com.tr\/index.php\/wp-json\/wp\/v2\/types\/product"}],"wp:attachment":[{"href":"https:\/\/roveyayinevi.com.tr\/index.php\/wp-json\/wp\/v2\/media?parent=750761"}],"wp:term":[{"taxonomy":"product_brand","embeddable":true,"href":"https:\/\/roveyayinevi.com.tr\/index.php\/wp-json\/wp\/v2\/product_brand?post=750761"},{"taxonomy":"product_cat","embeddable":true,"href":"https:\/\/roveyayinevi.com.tr\/index.php\/wp-json\/wp\/v2\/product_cat?post=750761"},{"taxonomy":"product_tag","embeddable":true,"href":"https:\/\/roveyayinevi.com.tr\/index.php\/wp-json\/wp\/v2\/product_tag?post=750761"}],"curies":[{"name":"wp","href":"https:\/\/api.w.org\/{rel}","templated":true}]}}