{"id":750760,"date":"2025-08-28T04:29:26","date_gmt":"2025-08-28T01:29:26","guid":{"rendered":"https:\/\/roveyayinevi.com.tr\/index.php\/urun\/siir-yolculugu\/"},"modified":"2026-04-16T03:03:59","modified_gmt":"2026-04-16T00:03:59","slug":"siir-yolculugu","status":"publish","type":"product","link":"https:\/\/roveyayinevi.com.tr\/index.php\/urun\/siir-yolculugu\/","title":{"rendered":"\u015eiir Yolculu\u011fu"},"content":{"rendered":"<p>Bir yolcu d\u00fc\u015fer yollara, Gurbetin zorlu yollar\u0131na, Aramakta \u00f6z\u00fcne yolu, Sonsuzlu\u011fun gizemli yoluna.   Kalabal\u0131klar i\u00e7inde yaln\u0131z, Yaln\u0131zl\u0131kta hayalleriyle dolu, Ge\u00e7mi\u015fin izleri, gelece\u011fin \u00fcmitleri, sevgiyle ve merhametle Y\u00fcre\u011finde biriktirdi\u011fi t\u00fcm \u00f6zlemiyle yolcu, Yoluna devam etti.   \u00c7ok y\u00fcr\u00fcd\u00fc, \u00e7ok arad\u0131, Bulamad\u0131 kaybolan hik\u00e2yesini ya\u015farken Ama umutla, sevgiyle ve \u015fefkatle Yolunda y\u00fcr\u00fcmeye devam etti.   G\u00f6zlerinde hasret, dudaklar\u0131nda tebess\u00fcm, hi\u00e7 eksilmedi Kocaman bir y\u00fcrek ta\u015f\u0131yan bu yolcu, zamanla biriktirdi\u011fi Sevgisiyle, sabr\u0131yla ve kararl\u0131l\u0131\u011f\u0131yla Karanl\u0131klar\u0131 ayd\u0131nlatan bir \u0131\u015f\u0131k oldu.   Ve nihayet bir g\u00fcn geldi, Yolcu varl\u0131\u011f\u0131na kavu\u015ftu, sonunda Huzur ve saadet i\u00e7inde, Ebediyen sonsuzlu\u011fa do\u011fru y\u00fcr\u00fcd\u00fc.<\/p>\n","protected":false},"excerpt":{"rendered":"<p>Bir yolcu d\u00fc\u015fer yollara, Gurbetin zorlu yollar\u0131na, Aramakta \u00f6z\u00fcne yolu, Sonsuzlu\u011fun gizemli yoluna. Kalabal\u0131klar i\u00e7inde yaln\u0131z, Yaln\u0131zl\u0131kta hayalleriyle dolu, Ge\u00e7mi\u015fin izleri, gelece\u011fin \u00fcmitleri, sevgiyle ve merhametle<span class=\"excerpt-hellip\"> [\u2026]<\/span><\/p>\n","protected":false},"featured_media":0,"template":"","meta":{"_monsterinsights_skip_tracking":false,"_monsterinsights_sitenote_active":false,"_monsterinsights_sitenote_note":"","_monsterinsights_sitenote_category":0},"product_brand":[],"product_cat":[12291,12509],"product_tag":[],"class_list":{"0":"post-750760","1":"product","2":"type-product","3":"status-publish","5":"product_cat-edebiyat","6":"product_cat-siir","7":"pa_cilt-ciltsiz","8":"pa_tur-kitap","9":"pa_yayinevi-luna-yayinlari","10":"pa_yazar-ufuk-eryildiz","12":"first","13":"instock","14":"sale","15":"shipping-taxable","16":"purchasable","17":"product-type-simple"},"_links":{"self":[{"href":"https:\/\/roveyayinevi.com.tr\/index.php\/wp-json\/wp\/v2\/product\/750760","targetHints":{"allow":["GET"]}}],"collection":[{"href":"https:\/\/roveyayinevi.com.tr\/index.php\/wp-json\/wp\/v2\/product"}],"about":[{"href":"https:\/\/roveyayinevi.com.tr\/index.php\/wp-json\/wp\/v2\/types\/product"}],"wp:attachment":[{"href":"https:\/\/roveyayinevi.com.tr\/index.php\/wp-json\/wp\/v2\/media?parent=750760"}],"wp:term":[{"taxonomy":"product_brand","embeddable":true,"href":"https:\/\/roveyayinevi.com.tr\/index.php\/wp-json\/wp\/v2\/product_brand?post=750760"},{"taxonomy":"product_cat","embeddable":true,"href":"https:\/\/roveyayinevi.com.tr\/index.php\/wp-json\/wp\/v2\/product_cat?post=750760"},{"taxonomy":"product_tag","embeddable":true,"href":"https:\/\/roveyayinevi.com.tr\/index.php\/wp-json\/wp\/v2\/product_tag?post=750760"}],"curies":[{"name":"wp","href":"https:\/\/api.w.org\/{rel}","templated":true}]}}