{"id":750758,"date":"2025-08-28T04:29:23","date_gmt":"2025-08-28T01:29:23","guid":{"rendered":"https:\/\/roveyayinevi.com.tr\/index.php\/urun\/cikolata-cocuk-2\/"},"modified":"2026-04-16T03:03:59","modified_gmt":"2026-04-16T00:03:59","slug":"cikolata-cocuk-2","status":"publish","type":"product","link":"https:\/\/roveyayinevi.com.tr\/index.php\/urun\/cikolata-cocuk-2\/","title":{"rendered":"\u00c7ikolata \u00c7ocuk"},"content":{"rendered":"<p>Sahneden ayr\u0131l\u0131p salona inince b\u00fct\u00fcn \u00f6\u011frenciler etraf\u0131m\u0131 sard\u0131lar. \u201cNe olur Burhan, sonra ne oldu anlat, hem kimdi bu \u00e7ocuk?\u201d Ellerinden kurtulmaya imk\u00e2n olmad\u0131\u011f\u0131n\u0131 anlay\u0131nca, tekrar sahneye \u00e7\u0131kt\u0131m: \u201cK\u0131ymetli arkada\u015flar\u0131m. Bu hik\u00e2yenin sonu hi\u00e7 kimsenin tahmin edemeyece\u011fi tarzda bitiyor. Ama biraz \u00f6nce de s\u00f6yledi\u011fim gibi, sonunu anlatamayaca\u011f\u0131m. Fakat size s\u00f6z veriyorum, bu hik\u00e2yenin sonunu y\u0131llar sonra da olsa, sizlere anlataca\u011f\u0131m. O zaman hepimiz yurdun bir k\u00f6\u015fesinde \u00e7e\u015fitli mesleklerin sahibi olaca\u011f\u0131z. Fakat ben bu s\u00f6z\u00fcm\u00fc, \u00c7ikolata \u00c7ocuk adl\u0131 bir kitap yazarak tutaca\u011f\u0131m. Bu kitab\u0131n \u00e7\u0131kt\u0131\u011f\u0131n\u0131 duydu\u011funuz zaman anlay\u0131n ki bu hik\u00e2yenin sonu gelmi\u015ftir. Fakat bu hik\u00e2yenin sonunun, bir an evvel gelmesini ve s\u00f6z\u00fcmde gecikmeden durmay\u0131 \u00e7ok istiyorum. \u201d <\/p>\n","protected":false},"excerpt":{"rendered":"<p>Sahneden ayr\u0131l\u0131p salona inince b\u00fct\u00fcn \u00f6\u011frenciler etraf\u0131m\u0131 sard\u0131lar. \u201cNe olur Burhan, sonra ne oldu anlat, hem kimdi bu \u00e7ocuk?\u201d Ellerinden kurtulmaya imk\u00e2n olmad\u0131\u011f\u0131n\u0131 anlay\u0131nca, tekrar sahneye<span class=\"excerpt-hellip\"> [\u2026]<\/span><\/p>\n","protected":false},"featured_media":0,"template":"","meta":{"_monsterinsights_skip_tracking":false,"_monsterinsights_sitenote_active":false,"_monsterinsights_sitenote_note":"","_monsterinsights_sitenote_category":0},"product_brand":[],"product_cat":[12291,18202],"product_tag":[],"class_list":{"0":"post-750758","1":"product","2":"type-product","3":"status-publish","5":"product_cat-edebiyat","6":"product_cat-hikaye","7":"pa_cilt-ciltsiz","8":"pa_tur-kitap","9":"pa_yayinevi-nesil-yayinlari","10":"pa_yazar-gonca-gulsel-senler","12":"first","13":"instock","14":"sale","15":"shipping-taxable","16":"purchasable","17":"product-type-simple"},"_links":{"self":[{"href":"https:\/\/roveyayinevi.com.tr\/index.php\/wp-json\/wp\/v2\/product\/750758","targetHints":{"allow":["GET"]}}],"collection":[{"href":"https:\/\/roveyayinevi.com.tr\/index.php\/wp-json\/wp\/v2\/product"}],"about":[{"href":"https:\/\/roveyayinevi.com.tr\/index.php\/wp-json\/wp\/v2\/types\/product"}],"wp:attachment":[{"href":"https:\/\/roveyayinevi.com.tr\/index.php\/wp-json\/wp\/v2\/media?parent=750758"}],"wp:term":[{"taxonomy":"product_brand","embeddable":true,"href":"https:\/\/roveyayinevi.com.tr\/index.php\/wp-json\/wp\/v2\/product_brand?post=750758"},{"taxonomy":"product_cat","embeddable":true,"href":"https:\/\/roveyayinevi.com.tr\/index.php\/wp-json\/wp\/v2\/product_cat?post=750758"},{"taxonomy":"product_tag","embeddable":true,"href":"https:\/\/roveyayinevi.com.tr\/index.php\/wp-json\/wp\/v2\/product_tag?post=750758"}],"curies":[{"name":"wp","href":"https:\/\/api.w.org\/{rel}","templated":true}]}}