{"id":750757,"date":"2025-08-28T04:29:21","date_gmt":"2025-08-28T01:29:21","guid":{"rendered":"https:\/\/roveyayinevi.com.tr\/index.php\/urun\/caylak-ile-filozof-6\/"},"modified":"2026-04-15T03:14:07","modified_gmt":"2026-04-15T00:14:07","slug":"caylak-ile-filozof-6","status":"publish","type":"product","link":"https:\/\/roveyayinevi.com.tr\/index.php\/urun\/caylak-ile-filozof-6\/","title":{"rendered":"\u00c7aylak \u0130le Filozof -6"},"content":{"rendered":"<p>\u2013E\u011fer her \u00f6l\u00fcn\u00fcn bir mezar\u0131 olsayd\u0131 ve mezar ta\u015flar\u0131na insanlar\u0131n isimleri, do\u011fum ve \u00f6l\u00fcm tarihleri ile birlikte, ne u\u011fruna can verdikleri de yaz\u0131lsayd\u0131, orada en \u00e7ok g\u00f6rece\u011fin kelimelerden biri \u00f6zg\u00fcrl\u00fck olurdu!  \u2013Tek istedi\u011fim tatilin tad\u0131n\u0131 doya doya \u00e7\u0131karabilece\u011fim bir \u00f6zg\u00fcrl\u00fck Filozof! Beni \u00f6zg\u00fcr b\u0131rak! Sal beni! \u2013\u00d6zg\u00fcrl\u00fck sorumluluktur \u00c7aylak! \u2013Sorumluluk ve \u00f6zg\u00fcrl\u00fck kelimelerini yan yana hayal bile edemiyorum! Bu nas\u0131l olabilir? Benim de senin gibi d\u00fc\u015f\u00fcnmemi istiyorsun ama ben senin gibi d\u00fc\u015f\u00fcnmek istemiyorum! \u2013Benim gibi d\u00fc\u015f\u00fcnmeni istiyor falan de\u011filim. Ben sadece d\u00fc\u015f\u00fcnmeni istiyorum \u00c7aylak. \u00c7\u00fcnk\u00fc senin bir \u015fey d\u00fc\u015f\u00fcnd\u00fc\u011f\u00fcn yok. \u2013Hakl\u0131s\u0131n. Tamam. Ben d\u00fc\u015f\u00fcnm\u00fcyorum ve d\u00fc\u015f\u00fcnmek de istemiyorum. D\u00fc\u015f\u00fcnmeme \u00f6zg\u00fcrl\u00fc\u011f\u00fcm\u00fc kullanmak istiyorum. D\u00fc\u015f\u00fcnme \u00f6zg\u00fcrl\u00fc\u011f\u00fc diye bir \u015fey varsa, d\u00fc\u015f\u00fcnmeme \u00f6zg\u00fcrl\u00fc\u011f\u00fc diye bir \u015fey de olmal\u0131! \u2013Olmaz olur mu? Ama sadece beyinsizler i\u00e7in! \u015eimdi odana \u00e7\u0131k ve \u00f6zg\u00fcrl\u00fc\u011f\u00fcn\u00fcn tad\u0131n\u0131 orada doya doya \u00e7\u0131kar \u00c7aylak! Ac\u0131k\u0131nca da bir kurt gibi mutfa\u011fa inersin. Dua et, ben de yemek yapmama \u00f6zg\u00fcrl\u00fc\u011f\u00fcm\u00fcn tad\u0131n\u0131 \u00e7\u0131kar\u0131yor olmayay\u0131m. \u2013If it feels good, do it! Sana kendini iyi hissettirecekse yap gitsin Filozof! <\/p>\n","protected":false},"excerpt":{"rendered":"<p>\u2013E\u011fer her \u00f6l\u00fcn\u00fcn bir mezar\u0131 olsayd\u0131 ve mezar ta\u015flar\u0131na insanlar\u0131n isimleri, do\u011fum ve \u00f6l\u00fcm tarihleri ile birlikte, ne u\u011fruna can verdikleri de yaz\u0131lsayd\u0131, orada en \u00e7ok<span class=\"excerpt-hellip\"> [\u2026]<\/span><\/p>\n","protected":false},"featured_media":0,"template":"","meta":{"_monsterinsights_skip_tracking":false,"_monsterinsights_sitenote_active":false,"_monsterinsights_sitenote_note":"","_monsterinsights_sitenote_category":0},"product_brand":[],"product_cat":[12274,12284],"product_tag":[],"class_list":{"0":"post-750757","1":"product","2":"type-product","3":"status-publish","5":"product_cat-cocuk-ve-genclik-kitaplari","6":"product_cat-hikayeler","7":"pa_cilt-ciltsiz","8":"pa_tur-kitap","9":"pa_yayinevi-ugurbocegi-yayinlari","10":"pa_yazar-ozkan-oze","12":"first","13":"instock","14":"sale","15":"shipping-taxable","16":"purchasable","17":"product-type-simple"},"_links":{"self":[{"href":"https:\/\/roveyayinevi.com.tr\/index.php\/wp-json\/wp\/v2\/product\/750757","targetHints":{"allow":["GET"]}}],"collection":[{"href":"https:\/\/roveyayinevi.com.tr\/index.php\/wp-json\/wp\/v2\/product"}],"about":[{"href":"https:\/\/roveyayinevi.com.tr\/index.php\/wp-json\/wp\/v2\/types\/product"}],"wp:attachment":[{"href":"https:\/\/roveyayinevi.com.tr\/index.php\/wp-json\/wp\/v2\/media?parent=750757"}],"wp:term":[{"taxonomy":"product_brand","embeddable":true,"href":"https:\/\/roveyayinevi.com.tr\/index.php\/wp-json\/wp\/v2\/product_brand?post=750757"},{"taxonomy":"product_cat","embeddable":true,"href":"https:\/\/roveyayinevi.com.tr\/index.php\/wp-json\/wp\/v2\/product_cat?post=750757"},{"taxonomy":"product_tag","embeddable":true,"href":"https:\/\/roveyayinevi.com.tr\/index.php\/wp-json\/wp\/v2\/product_tag?post=750757"}],"curies":[{"name":"wp","href":"https:\/\/api.w.org\/{rel}","templated":true}]}}