{"id":750752,"date":"2025-08-28T04:29:15","date_gmt":"2025-08-28T01:29:15","guid":{"rendered":"https:\/\/roveyayinevi.com.tr\/index.php\/urun\/kutadgu-biligden-secmeler-3\/"},"modified":"2026-04-16T03:03:59","modified_gmt":"2026-04-16T00:03:59","slug":"kutadgu-biligden-secmeler-3","status":"publish","type":"product","link":"https:\/\/roveyayinevi.com.tr\/index.php\/urun\/kutadgu-biligden-secmeler-3\/","title":{"rendered":"Kutadgu Bilig&#8217;den Se\u00e7meler"},"content":{"rendered":"<p>Budist gelenek etraf\u0131nda meydana getirilen Uygur edebiyat\u0131n\u0131n 850\u2019li y\u0131llardan sonra sekteye u\u011framas\u0131n\u0131n ard\u0131ndan 1069\u2019da Yusuf Has Hacib taraf\u0131ndan kaleme al\u0131nan Kutadgu Bilig, T\u00fcrk k\u00fclt\u00fcr ve d\u00fc\u015f\u00fcnce hayat\u0131nda yeni bir edebiyat anlay\u0131\u015f\u0131 habercisi olmu\u015ftur. Kutadgu Bilig, \u0130slam\u00ee d\u00f6nem T\u00fcrk k\u00fclt\u00fcr \u00e7evresinin ilk \u00f6nemli eseri olup siyaset bilimi, sosyoloji, halkla ili\u015fkiler gibi g\u00fcn\u00fcm\u00fcz sosyal bilimlerinin konular\u0131n\u0131 ele alarak ideal insan tipini anlat\u0131r. Hacib\u2019in b\u00fct\u00fcn k\u00f6t\u00fc vas\u0131flardan ar\u0131nm\u0131\u015f ve iyi huylarla bezenmi\u015f olarak anlatt\u0131\u011f\u0131 ideal insan\u0131; birey, toplum ve devlet ili\u015fkisinin en iyi bi\u00e7imde d\u00fczenlenebilmesi i\u00e7in gerekli b\u00fct\u00fcn bilgi ve erdemlere sahiptir. Kutadgu Bilig\u2019den Se\u00e7meler; adalet, kut, ak\u0131l ve ak\u0131bet gibi d\u00f6rt temel kavram\u0131n yan\u0131 s\u0131ra devlet anlay\u0131\u015f\u0131, devlet-toplum ili\u015fkisi, toplumsal hayat, aile, insan gibi konular etraf\u0131nda d\u00fc\u015f\u00fcncelerin bir araya getirilmesiyle haz\u0131rlanan bir T\u00fcrk klasi\u011fi se\u00e7kisi olarak okurlara sunulmaktad\u0131r.<\/p>\n","protected":false},"excerpt":{"rendered":"<p>Budist gelenek etraf\u0131nda meydana getirilen Uygur edebiyat\u0131n\u0131n 850\u2019li y\u0131llardan sonra sekteye u\u011framas\u0131n\u0131n ard\u0131ndan 1069\u2019da Yusuf Has Hacib taraf\u0131ndan kaleme al\u0131nan Kutadgu Bilig, T\u00fcrk k\u00fclt\u00fcr ve d\u00fc\u015f\u00fcnce<span class=\"excerpt-hellip\"> [\u2026]<\/span><\/p>\n","protected":false},"featured_media":0,"template":"","meta":{"_monsterinsights_skip_tracking":false,"_monsterinsights_sitenote_active":false,"_monsterinsights_sitenote_note":"","_monsterinsights_sitenote_category":0},"product_brand":[],"product_cat":[13072,12291],"product_tag":[],"class_list":{"0":"post-750752","1":"product","2":"type-product","3":"status-publish","5":"product_cat-arastirma-inceleme-referans","6":"product_cat-edebiyat","7":"pa_cilt-ciltsiz","8":"pa_tur-kitap","9":"pa_yayinevi-yeditepe-yayinevi","10":"pa_yazar-yusuf-has-hacib","12":"first","13":"instock","14":"sale","15":"shipping-taxable","16":"purchasable","17":"product-type-simple"},"_links":{"self":[{"href":"https:\/\/roveyayinevi.com.tr\/index.php\/wp-json\/wp\/v2\/product\/750752","targetHints":{"allow":["GET"]}}],"collection":[{"href":"https:\/\/roveyayinevi.com.tr\/index.php\/wp-json\/wp\/v2\/product"}],"about":[{"href":"https:\/\/roveyayinevi.com.tr\/index.php\/wp-json\/wp\/v2\/types\/product"}],"wp:attachment":[{"href":"https:\/\/roveyayinevi.com.tr\/index.php\/wp-json\/wp\/v2\/media?parent=750752"}],"wp:term":[{"taxonomy":"product_brand","embeddable":true,"href":"https:\/\/roveyayinevi.com.tr\/index.php\/wp-json\/wp\/v2\/product_brand?post=750752"},{"taxonomy":"product_cat","embeddable":true,"href":"https:\/\/roveyayinevi.com.tr\/index.php\/wp-json\/wp\/v2\/product_cat?post=750752"},{"taxonomy":"product_tag","embeddable":true,"href":"https:\/\/roveyayinevi.com.tr\/index.php\/wp-json\/wp\/v2\/product_tag?post=750752"}],"curies":[{"name":"wp","href":"https:\/\/api.w.org\/{rel}","templated":true}]}}