{"id":750750,"date":"2025-08-28T04:29:12","date_gmt":"2025-08-28T01:29:12","guid":{"rendered":"https:\/\/roveyayinevi.com.tr\/index.php\/urun\/ceplerine-cicek-dolduran-cocuk\/"},"modified":"2026-04-16T03:03:59","modified_gmt":"2026-04-16T00:03:59","slug":"ceplerine-cicek-dolduran-cocuk","status":"publish","type":"product","link":"https:\/\/roveyayinevi.com.tr\/index.php\/urun\/ceplerine-cicek-dolduran-cocuk\/","title":{"rendered":"Ceplerine \u00c7i\u00e7ek Dolduran \u00c7ocuk"},"content":{"rendered":"<p>Belle\u011fin gizemli sand\u0131\u011f\u0131ndan \u00f6yk\u00fcler\u2026Edit\u00f6rl\u00fc\u011f\u00fcn\u00fc Semih G\u00fcm\u00fc\u015f\u2019\u00fcn \u00fcstlendi\u011fi K\u00f6pr\u00fc Kitaplar koleksiyonunun 28. kitab\u0131n\u0131, \u00e7a\u011fda\u015f edebiyat\u0131m\u0131z\u0131n dikkati \u00e7eken yazarlar\u0131ndan Tolga G\u00fcm\u00fc\u015fay yazd\u0131. B\u00fcy\u00fcme yolculu\u011fundaki bir \u00e7ocu\u011fun ilk heyecanlar\u0131n\u0131, korkular\u0131n\u0131, sevin\u00e7lerini dillendiren 11 \u00f6yk\u00fc, her ya\u015ftan okura, \u00e7ocukluktan ilkgen\u00e7li\u011fe ya\u015fanm\u0131\u015f sihirli anlar\u0131, an\u0131lar\u0131 ve hayalleri ula\u015ft\u0131r\u0131yor. G\u00fc\u00e7l\u00fc \u00f6yk\u00fcc\u00fcl\u00fc\u011f\u00fcn\u00fc incelikli ve duru anlat\u0131m\u0131yla birle\u015ftiren yazar, \u00e7ocukluk belle\u011finin derinlerine iniyor. Kusursuz bir \u00f6yk\u00fc diliyle, her \u015feye ra\u011fmen \u00e7ocuk duygular\u0131n\u0131 koruyanlar i\u00e7in anlat\u0131yor.<\/p>\n","protected":false},"excerpt":{"rendered":"<p>Belle\u011fin gizemli sand\u0131\u011f\u0131ndan \u00f6yk\u00fcler\u2026Edit\u00f6rl\u00fc\u011f\u00fcn\u00fc Semih G\u00fcm\u00fc\u015f\u2019\u00fcn \u00fcstlendi\u011fi K\u00f6pr\u00fc Kitaplar koleksiyonunun 28. kitab\u0131n\u0131, \u00e7a\u011fda\u015f edebiyat\u0131m\u0131z\u0131n dikkati \u00e7eken yazarlar\u0131ndan Tolga G\u00fcm\u00fc\u015fay yazd\u0131. B\u00fcy\u00fcme yolculu\u011fundaki bir \u00e7ocu\u011fun ilk heyecanlar\u0131n\u0131,<span class=\"excerpt-hellip\"> [\u2026]<\/span><\/p>\n","protected":false},"featured_media":0,"template":"","meta":{"_monsterinsights_skip_tracking":false,"_monsterinsights_sitenote_active":false,"_monsterinsights_sitenote_note":"","_monsterinsights_sitenote_category":0},"product_brand":[],"product_cat":[12274,12284],"product_tag":[],"class_list":{"0":"post-750750","1":"product","2":"type-product","3":"status-publish","5":"product_cat-cocuk-ve-genclik-kitaplari","6":"product_cat-hikayeler","7":"pa_cilt-ciltsiz","8":"pa_tur-kitap","9":"pa_yayinevi-gunisigi-kitapligi","10":"pa_yazar-tolga-gumusay","12":"first","13":"instock","14":"sale","15":"shipping-taxable","16":"purchasable","17":"product-type-simple"},"_links":{"self":[{"href":"https:\/\/roveyayinevi.com.tr\/index.php\/wp-json\/wp\/v2\/product\/750750","targetHints":{"allow":["GET"]}}],"collection":[{"href":"https:\/\/roveyayinevi.com.tr\/index.php\/wp-json\/wp\/v2\/product"}],"about":[{"href":"https:\/\/roveyayinevi.com.tr\/index.php\/wp-json\/wp\/v2\/types\/product"}],"wp:attachment":[{"href":"https:\/\/roveyayinevi.com.tr\/index.php\/wp-json\/wp\/v2\/media?parent=750750"}],"wp:term":[{"taxonomy":"product_brand","embeddable":true,"href":"https:\/\/roveyayinevi.com.tr\/index.php\/wp-json\/wp\/v2\/product_brand?post=750750"},{"taxonomy":"product_cat","embeddable":true,"href":"https:\/\/roveyayinevi.com.tr\/index.php\/wp-json\/wp\/v2\/product_cat?post=750750"},{"taxonomy":"product_tag","embeddable":true,"href":"https:\/\/roveyayinevi.com.tr\/index.php\/wp-json\/wp\/v2\/product_tag?post=750750"}],"curies":[{"name":"wp","href":"https:\/\/api.w.org\/{rel}","templated":true}]}}