{"id":750748,"date":"2025-08-28T04:29:10","date_gmt":"2025-08-28T01:29:10","guid":{"rendered":"https:\/\/roveyayinevi.com.tr\/index.php\/urun\/gorev-2\/"},"modified":"2026-04-16T03:03:59","modified_gmt":"2026-04-16T00:03:59","slug":"gorev-2","status":"publish","type":"product","link":"https:\/\/roveyayinevi.com.tr\/index.php\/urun\/gorev-2\/","title":{"rendered":"G\u00f6rev"},"content":{"rendered":"<p>Bilim insanlar\u0131 D\u00fcnya d\u0131\u015f\u0131ndaki ilk okyanus olan Europa\u2019y\u0131 ke\u015ffettiklerinde iki b\u00fcy\u00fck sorular\u0131 vard\u0131: \u201cYa\u015fanabilir mi?\u201d ve \u201cOraya nas\u0131l gidece\u011fiz?\u201d B\u00f6ylece canl\u0131 bir ekibin J\u00fcpiter\u2019in okyanus ay\u0131 Europa\u2019ya bir misyon d\u00fczenlemek i\u00e7in yirmi y\u0131ll\u0131k maceras\u0131 ba\u015flad\u0131. Ama bu macerada pek \u00e7ok engelle kar\u015f\u0131la\u015ft\u0131lar: Mars\u2019a inen robotlar NASA\u2019n\u0131n kaynaklar\u0131n\u0131 bitirmi\u015fti; Beyaz Saray uzay b\u00fct\u00e7esini k\u0131smak istiyordu; Kongre astronotlar\u0131 mutlaka bir yere, aya veya Mars\u2019a yollamay\u0131 kafas\u0131na koymu\u015ftu. Jupiter\u2019in kendisi bile bir engeldi, \u00e7\u00fcnk\u00fc Europa\u2019y\u0131 titre\u015fen, dalgalanan bir radyasyon ku\u015fa\u011f\u0131yla sarm\u0131\u015ft\u0131 ve bir termon\u00fckleer patlama sonras\u0131n\u0131 and\u0131ran bir ortam yaratm\u0131\u015ft\u0131. G\u00f6rev, Homeros tarz\u0131nda bir modern uzay ke\u015ffinin daha \u00f6nce hi\u00e7 anlat\u0131lmam\u0131\u015f hikayesi ve g\u00fcne\u015f sisteminin gizemli d\u0131\u015f gezegenlerini inceleyen bilim insanlar\u0131n\u0131n muhte\u015fem bir portresi.   \u201c\u015eimdiye kadar tasarlanan en iddial\u0131 bilim projesi olan, NASA\u2019n\u0131n g\u00fcne\u015f sistemimizdeki bilinen ilk uzayl\u0131 ya\u015fam\u0131n\u0131n y\u00fczebilece\u011fi J\u00fcpiter ay\u0131 Europa\u2019ya yapt\u0131\u011f\u0131 derin uzay g\u00f6revinin muhte\u015fem bir anlat\u0131m\u0131.\u201d \u2013Scientific American   \u201cBu kitap, Europa G\u00f6revinde hem b\u00fcrokratik hem de fiziksel engellere kar\u015f\u0131 verilen m\u00fcthi\u015f m\u00fccadeleyi anlat\u0131yor.\u201d \u2013New Yorker   \u201cOla\u011fan\u00fcst\u00fc s\u00fcr\u00fckleyici ve heyecan verici&#8230; Bu, bir uzay g\u00f6revini ger\u00e7e\u011fe d\u00f6n\u00fc\u015ft\u00fcrmek i\u00e7in durmaks\u0131z\u0131n \u00e7al\u0131\u015fan bir grup zeki insan\u0131n dayan\u0131kl\u0131l\u0131\u011f\u0131n\u0131 ve azmini kutlayan bir kitap. \u2013Nature <\/p>\n","protected":false},"excerpt":{"rendered":"<p>Bilim insanlar\u0131 D\u00fcnya d\u0131\u015f\u0131ndaki ilk okyanus olan Europa\u2019y\u0131 ke\u015ffettiklerinde iki b\u00fcy\u00fck sorular\u0131 vard\u0131: \u201cYa\u015fanabilir mi?\u201d ve \u201cOraya nas\u0131l gidece\u011fiz?\u201d B\u00f6ylece canl\u0131 bir ekibin J\u00fcpiter\u2019in okyanus ay\u0131<span class=\"excerpt-hellip\"> [\u2026]<\/span><\/p>\n","protected":false},"featured_media":0,"template":"","meta":{"_monsterinsights_skip_tracking":false,"_monsterinsights_sitenote_active":false,"_monsterinsights_sitenote_note":"","_monsterinsights_sitenote_category":0},"product_brand":[],"product_cat":[13005],"product_tag":[],"class_list":{"0":"post-750748","1":"product","2":"type-product","3":"status-publish","5":"product_cat-bilim-muhendislik","6":"pa_cilt-ciltsiz","7":"pa_tur-kitap","8":"pa_yayinevi-alfa-yayinlari","9":"pa_yazar-david-w-brown","11":"first","12":"instock","13":"sale","14":"shipping-taxable","15":"purchasable","16":"product-type-simple"},"_links":{"self":[{"href":"https:\/\/roveyayinevi.com.tr\/index.php\/wp-json\/wp\/v2\/product\/750748","targetHints":{"allow":["GET"]}}],"collection":[{"href":"https:\/\/roveyayinevi.com.tr\/index.php\/wp-json\/wp\/v2\/product"}],"about":[{"href":"https:\/\/roveyayinevi.com.tr\/index.php\/wp-json\/wp\/v2\/types\/product"}],"wp:attachment":[{"href":"https:\/\/roveyayinevi.com.tr\/index.php\/wp-json\/wp\/v2\/media?parent=750748"}],"wp:term":[{"taxonomy":"product_brand","embeddable":true,"href":"https:\/\/roveyayinevi.com.tr\/index.php\/wp-json\/wp\/v2\/product_brand?post=750748"},{"taxonomy":"product_cat","embeddable":true,"href":"https:\/\/roveyayinevi.com.tr\/index.php\/wp-json\/wp\/v2\/product_cat?post=750748"},{"taxonomy":"product_tag","embeddable":true,"href":"https:\/\/roveyayinevi.com.tr\/index.php\/wp-json\/wp\/v2\/product_tag?post=750748"}],"curies":[{"name":"wp","href":"https:\/\/api.w.org\/{rel}","templated":true}]}}