{"id":750747,"date":"2025-08-28T04:29:08","date_gmt":"2025-08-28T01:29:08","guid":{"rendered":"https:\/\/roveyayinevi.com.tr\/index.php\/urun\/kelepir-6-kitap-seti\/"},"modified":"2026-04-16T03:03:59","modified_gmt":"2026-04-16T00:03:59","slug":"kelepir-6-kitap-seti","status":"publish","type":"product","link":"https:\/\/roveyayinevi.com.tr\/index.php\/urun\/kelepir-6-kitap-seti\/","title":{"rendered":"Kelepir 6 Kitap Seti"},"content":{"rendered":"<p>Setimiz alt\u0131 kitaptan olu\u015fmaktad\u0131r.\u0130\u00e7imdeki Sen, A\u015fk Roman\u0131 \u2013 Esra Nur G\u00fclerSenaryoya Bilet \u2013 K\u0131sa \u00d6yk\u00fcler \u2013 Didem Alt\u0131nda\u015fBirli Ya\u015fam, Ayk\u0131r\u0131 Edebiyat \u2013 \u00dcmit Da\u011fc\u0131K\u0131y\u0131, Biyograf\u0131 \u2013 \u00d6mer UzunBir Umut Yeter, A\u015fk Roman\u0131 \u2013 \u00c7\u0131naraSonsuz Art\u0131 Bir, Mektup\/Aforizma \u2013 Se\u00e7il Tekin<\/p>\n","protected":false},"excerpt":{"rendered":"<p>Setimiz alt\u0131 kitaptan olu\u015fmaktad\u0131r.\u0130\u00e7imdeki Sen, A\u015fk Roman\u0131 \u2013 Esra Nur G\u00fclerSenaryoya Bilet \u2013 K\u0131sa \u00d6yk\u00fcler \u2013 Didem Alt\u0131nda\u015fBirli Ya\u015fam, Ayk\u0131r\u0131 Edebiyat \u2013 \u00dcmit Da\u011fc\u0131K\u0131y\u0131, Biyograf\u0131 \u2013<span class=\"excerpt-hellip\"> [\u2026]<\/span><\/p>\n","protected":false},"featured_media":0,"template":"","meta":{"_monsterinsights_skip_tracking":false,"_monsterinsights_sitenote_active":false,"_monsterinsights_sitenote_note":"","_monsterinsights_sitenote_category":0},"product_brand":[],"product_cat":[12291,12711],"product_tag":[],"class_list":{"0":"post-750747","1":"product","2":"type-product","3":"status-publish","5":"product_cat-edebiyat","6":"product_cat-roman-oyku","7":"pa_cilt-ciltsiz","8":"pa_tur-kitap","9":"pa_yayinevi-vaveyla-yayincilik","10":"pa_yazar-kolektif","12":"first","13":"instock","14":"sale","15":"shipping-taxable","16":"purchasable","17":"product-type-simple"},"_links":{"self":[{"href":"https:\/\/roveyayinevi.com.tr\/index.php\/wp-json\/wp\/v2\/product\/750747","targetHints":{"allow":["GET"]}}],"collection":[{"href":"https:\/\/roveyayinevi.com.tr\/index.php\/wp-json\/wp\/v2\/product"}],"about":[{"href":"https:\/\/roveyayinevi.com.tr\/index.php\/wp-json\/wp\/v2\/types\/product"}],"wp:attachment":[{"href":"https:\/\/roveyayinevi.com.tr\/index.php\/wp-json\/wp\/v2\/media?parent=750747"}],"wp:term":[{"taxonomy":"product_brand","embeddable":true,"href":"https:\/\/roveyayinevi.com.tr\/index.php\/wp-json\/wp\/v2\/product_brand?post=750747"},{"taxonomy":"product_cat","embeddable":true,"href":"https:\/\/roveyayinevi.com.tr\/index.php\/wp-json\/wp\/v2\/product_cat?post=750747"},{"taxonomy":"product_tag","embeddable":true,"href":"https:\/\/roveyayinevi.com.tr\/index.php\/wp-json\/wp\/v2\/product_tag?post=750747"}],"curies":[{"name":"wp","href":"https:\/\/api.w.org\/{rel}","templated":true}]}}