{"id":750746,"date":"2025-08-28T04:29:06","date_gmt":"2025-08-28T01:29:06","guid":{"rendered":"https:\/\/roveyayinevi.com.tr\/index.php\/urun\/kelepir-8-kitap-seti\/"},"modified":"2026-03-03T03:21:50","modified_gmt":"2026-03-03T00:21:50","slug":"kelepir-8-kitap-seti","status":"publish","type":"product","link":"https:\/\/roveyayinevi.com.tr\/index.php\/urun\/kelepir-8-kitap-seti\/","title":{"rendered":"Kelepir 8 Kitap Seti"},"content":{"rendered":"<p>Setimiz sekiz kitaptan olu\u015fmaktad\u0131r.Kay\u0131p, Psikolojik Roman \u2013 Eren T\u00fcmerBir Umut Yeter, A\u015fk Roman\u0131 \u2013 \u00c7\u0131naraSenaryoya Bilet, K\u0131sa \u00d6yk\u00fcler \u2013 Didem Alt\u0131nda\u015fBirli Ya\u015fam, Ayk\u0131r\u0131 Edebiyat \u2013 \u00dcmit Da\u011fc\u0131Adrian, Fantastik Uzun \u00d6yk\u00fc \u2013 \u0130rem KabazSvein, Fantastik Uzun \u00d6yk\u00fc \u2013 Taylan Ali Y\u0131lmazYanaNcak, A\u015fk Roman\u0131 \u2013 \u00dcmit Da\u011fc\u0131Gen\u00e7 Yazarlar Tak\u0131m\u0131, K\u0131sa \u00d6yk\u00fcler \u2013 \u00dcmit Da\u011fc\u0131<\/p>\n","protected":false},"excerpt":{"rendered":"<p>Setimiz sekiz kitaptan olu\u015fmaktad\u0131r.Kay\u0131p, Psikolojik Roman \u2013 Eren T\u00fcmerBir Umut Yeter, A\u015fk Roman\u0131 \u2013 \u00c7\u0131naraSenaryoya Bilet, K\u0131sa \u00d6yk\u00fcler \u2013 Didem Alt\u0131nda\u015fBirli Ya\u015fam, Ayk\u0131r\u0131 Edebiyat \u2013 \u00dcmit<span class=\"excerpt-hellip\"> [\u2026]<\/span><\/p>\n","protected":false},"featured_media":0,"template":"","meta":{"_monsterinsights_skip_tracking":false,"_monsterinsights_sitenote_active":false,"_monsterinsights_sitenote_note":"","_monsterinsights_sitenote_category":0},"product_brand":[],"product_cat":[12291,12711],"product_tag":[],"class_list":{"0":"post-750746","1":"product","2":"type-product","3":"status-publish","5":"product_cat-edebiyat","6":"product_cat-roman-oyku","7":"pa_cilt-ciltsiz","8":"pa_tur-kitap","9":"pa_yayinevi-vaveyla-yayincilik","10":"pa_yazar-kolektif","12":"first","13":"instock","14":"sale","15":"shipping-taxable","16":"purchasable","17":"product-type-simple"},"_links":{"self":[{"href":"https:\/\/roveyayinevi.com.tr\/index.php\/wp-json\/wp\/v2\/product\/750746","targetHints":{"allow":["GET"]}}],"collection":[{"href":"https:\/\/roveyayinevi.com.tr\/index.php\/wp-json\/wp\/v2\/product"}],"about":[{"href":"https:\/\/roveyayinevi.com.tr\/index.php\/wp-json\/wp\/v2\/types\/product"}],"wp:attachment":[{"href":"https:\/\/roveyayinevi.com.tr\/index.php\/wp-json\/wp\/v2\/media?parent=750746"}],"wp:term":[{"taxonomy":"product_brand","embeddable":true,"href":"https:\/\/roveyayinevi.com.tr\/index.php\/wp-json\/wp\/v2\/product_brand?post=750746"},{"taxonomy":"product_cat","embeddable":true,"href":"https:\/\/roveyayinevi.com.tr\/index.php\/wp-json\/wp\/v2\/product_cat?post=750746"},{"taxonomy":"product_tag","embeddable":true,"href":"https:\/\/roveyayinevi.com.tr\/index.php\/wp-json\/wp\/v2\/product_tag?post=750746"}],"curies":[{"name":"wp","href":"https:\/\/api.w.org\/{rel}","templated":true}]}}