{"id":750744,"date":"2025-08-28T04:29:02","date_gmt":"2025-08-28T01:29:02","guid":{"rendered":"https:\/\/roveyayinevi.com.tr\/index.php\/urun\/adanmis-hayatlar\/"},"modified":"2026-04-16T03:03:59","modified_gmt":"2026-04-16T00:03:59","slug":"adanmis-hayatlar","status":"publish","type":"product","link":"https:\/\/roveyayinevi.com.tr\/index.php\/urun\/adanmis-hayatlar\/","title":{"rendered":"Adanm\u0131\u015f Hayatlar"},"content":{"rendered":"<p>Adanm\u0131\u015f hayatlarla kuruldu bu cumhuriyet. Hepsinin hayalleri vard\u0131; planlan ve umutlan&#8230; Kiminin yari sevdice\u011fi, kiminin anas\u0131 babas\u0131 bac\u0131s\u0131&#8230; Ama herkesin bir geride kalan\u0131. Vazge\u00e7tiler ya\u015famaktan. Vatan olmadan hi\u00e7biri olmazd\u0131. Takvimler 1908&#8217;i g\u00f6steriyordu. \u0130stanbul konferans\u0131 entrikalar ve bir \u00fclkeyi sava\u015fa g\u00f6t\u00fcren imzalar&#8230; Zaman akarken tarih yazma tela\u015f\u0131nda bir grup insand\u0131lar. Ger\u00e7ektiler ve bir o kadar yoktular. Ve bu \u00fclkeye inand\u0131lar. \u0130\u015fte okuyacaklar\u0131n\u0131z; bu vazge\u00e7ilen ya\u015famlar\u0131n ve vatana adanm\u0131\u015f hayatlar\u0131n hikayesi. <\/p>\n","protected":false},"excerpt":{"rendered":"<p>Adanm\u0131\u015f hayatlarla kuruldu bu cumhuriyet. Hepsinin hayalleri vard\u0131; planlan ve umutlan&#8230; Kiminin yari sevdice\u011fi, kiminin anas\u0131 babas\u0131 bac\u0131s\u0131&#8230; Ama herkesin bir geride kalan\u0131. Vazge\u00e7tiler ya\u015famaktan. Vatan<span class=\"excerpt-hellip\"> [\u2026]<\/span><\/p>\n","protected":false},"featured_media":0,"template":"","meta":{"_monsterinsights_skip_tracking":false,"_monsterinsights_sitenote_active":false,"_monsterinsights_sitenote_note":"","_monsterinsights_sitenote_category":0},"product_brand":[],"product_cat":[12291,12745],"product_tag":[],"class_list":{"0":"post-750744","1":"product","2":"type-product","3":"status-publish","5":"product_cat-edebiyat","6":"product_cat-tarihi-roman","7":"pa_cilt-ciltsiz","8":"pa_tur-kitap","9":"pa_yayinevi-semenderkitap-yayinlari","10":"pa_yazar-funda-ozyurt","12":"first","13":"instock","14":"sale","15":"shipping-taxable","16":"purchasable","17":"product-type-simple"},"_links":{"self":[{"href":"https:\/\/roveyayinevi.com.tr\/index.php\/wp-json\/wp\/v2\/product\/750744","targetHints":{"allow":["GET"]}}],"collection":[{"href":"https:\/\/roveyayinevi.com.tr\/index.php\/wp-json\/wp\/v2\/product"}],"about":[{"href":"https:\/\/roveyayinevi.com.tr\/index.php\/wp-json\/wp\/v2\/types\/product"}],"wp:attachment":[{"href":"https:\/\/roveyayinevi.com.tr\/index.php\/wp-json\/wp\/v2\/media?parent=750744"}],"wp:term":[{"taxonomy":"product_brand","embeddable":true,"href":"https:\/\/roveyayinevi.com.tr\/index.php\/wp-json\/wp\/v2\/product_brand?post=750744"},{"taxonomy":"product_cat","embeddable":true,"href":"https:\/\/roveyayinevi.com.tr\/index.php\/wp-json\/wp\/v2\/product_cat?post=750744"},{"taxonomy":"product_tag","embeddable":true,"href":"https:\/\/roveyayinevi.com.tr\/index.php\/wp-json\/wp\/v2\/product_tag?post=750744"}],"curies":[{"name":"wp","href":"https:\/\/api.w.org\/{rel}","templated":true}]}}