{"id":750743,"date":"2025-08-28T04:29:01","date_gmt":"2025-08-28T01:29:01","guid":{"rendered":"https:\/\/roveyayinevi.com.tr\/index.php\/urun\/cocuklar-0-18-icin-kulturel-miras-calismalari-calistayi-ii-ogretmen-odakli-uygulamalar-bildiriler\/"},"modified":"2026-04-16T03:03:59","modified_gmt":"2026-04-16T00:03:59","slug":"cocuklar-0-18-icin-kulturel-miras-calismalari-calistayi-ii-ogretmen-odakli-uygulamalar-bildiriler","status":"publish","type":"product","link":"https:\/\/roveyayinevi.com.tr\/index.php\/urun\/cocuklar-0-18-icin-kulturel-miras-calismalari-calistayi-ii-ogretmen-odakli-uygulamalar-bildiriler\/","title":{"rendered":"\u00c7ocuklar (0-18) \u0130\u00e7in K\u00fclt\u00fcrel Miras \u00c7al\u0131\u015fmalar\u0131 \u00c7al\u0131\u015ftay\u0131 II: \u00d6\u011fretmen Odakl\u0131 Uygulamalar Bildiriler"},"content":{"rendered":"<p>\u00c7i\u011fdem Maner ve \u00d6zlem Dengiz U\u011fur taraf\u0131ndan yay\u0131na haz\u0131rlanan kitap, T\u00fcrkiye\u2019de k\u00fclt\u00fcrel miras konusunda \u00e7al\u0131\u015fanlar i\u00e7in yeni fikirlerin olu\u015fmas\u0131 ve s\u00fcrd\u00fcrebilir k\u00fclt\u00fcrel miras e\u011fitiminin desteklenmesi amac\u0131yla, VEKAM taraf\u0131ndan 29-30 Nisan 2021 tarihlerinde ger\u00e7ekle\u015ftirilen \u201c\u00c7ocuklar i\u00e7in K\u00fclt\u00fcrel Miras \u00c7al\u0131\u015fmalar\u0131 \u00c7al\u0131\u015ftay\u0131 II: \u00d6\u011fretmen Odakl\u0131 Uygulamalar\u201d adl\u0131 \u00e7al\u0131\u015ftayda sunulan bildirileri i\u00e7ermektedir. \u00c7al\u0131\u015ftay \u00f6zelinde; k\u00fclt\u00fcrel miras\u0131 \u00e7ocuklara \u00f6\u011fretme ve \u00f6\u011frenme konular\u0131 \u00fczerine odaklan\u0131lm\u0131\u015f; alan\u0131nda yetkin akademisyen ve uzmanlar \u00f6zg\u00fcn \u00e7al\u0131\u015fmalar\u0131n\u0131 ve g\u00f6r\u00fc\u015flerini payla\u015fm\u0131\u015flard\u0131r. Kitap, \u00e7ocuklara y\u00f6nelik k\u00fclt\u00fcrel miras e\u011fitimi \u00e7al\u0131\u015fmalar\u0131 y\u00fcr\u00fctenler i\u00e7in y\u00f6ntem a\u00e7\u0131s\u0131ndan \u00f6nemli bir ba\u015fvuru kayna\u011f\u0131 olacakt\u0131r. <\/p>\n","protected":false},"excerpt":{"rendered":"<p>\u00c7i\u011fdem Maner ve \u00d6zlem Dengiz U\u011fur taraf\u0131ndan yay\u0131na haz\u0131rlanan kitap, T\u00fcrkiye\u2019de k\u00fclt\u00fcrel miras konusunda \u00e7al\u0131\u015fanlar i\u00e7in yeni fikirlerin olu\u015fmas\u0131 ve s\u00fcrd\u00fcrebilir k\u00fclt\u00fcrel miras e\u011fitiminin desteklenmesi amac\u0131yla,<span class=\"excerpt-hellip\"> [\u2026]<\/span><\/p>\n","protected":false},"featured_media":0,"template":"","meta":{"_monsterinsights_skip_tracking":false,"_monsterinsights_sitenote_active":false,"_monsterinsights_sitenote_note":"","_monsterinsights_sitenote_category":0},"product_brand":[],"product_cat":[12365,12364],"product_tag":[],"class_list":{"0":"post-750743","1":"product","2":"type-product","3":"status-publish","5":"product_cat-diger-genel-konular","6":"product_cat-genel-konular","7":"pa_cilt-ciltsiz","8":"pa_tur-kitap","9":"pa_yayinevi-vekam-koc-universitesi-vehbi-koc-ankara-arastirmalari-uygulama-ve-arastirma-merkezi","10":"pa_yazar-cigdem-maner-ozlem-deniz-ugur","12":"first","13":"instock","14":"sale","15":"shipping-taxable","16":"purchasable","17":"product-type-simple"},"_links":{"self":[{"href":"https:\/\/roveyayinevi.com.tr\/index.php\/wp-json\/wp\/v2\/product\/750743","targetHints":{"allow":["GET"]}}],"collection":[{"href":"https:\/\/roveyayinevi.com.tr\/index.php\/wp-json\/wp\/v2\/product"}],"about":[{"href":"https:\/\/roveyayinevi.com.tr\/index.php\/wp-json\/wp\/v2\/types\/product"}],"wp:attachment":[{"href":"https:\/\/roveyayinevi.com.tr\/index.php\/wp-json\/wp\/v2\/media?parent=750743"}],"wp:term":[{"taxonomy":"product_brand","embeddable":true,"href":"https:\/\/roveyayinevi.com.tr\/index.php\/wp-json\/wp\/v2\/product_brand?post=750743"},{"taxonomy":"product_cat","embeddable":true,"href":"https:\/\/roveyayinevi.com.tr\/index.php\/wp-json\/wp\/v2\/product_cat?post=750743"},{"taxonomy":"product_tag","embeddable":true,"href":"https:\/\/roveyayinevi.com.tr\/index.php\/wp-json\/wp\/v2\/product_tag?post=750743"}],"curies":[{"name":"wp","href":"https:\/\/api.w.org\/{rel}","templated":true}]}}