{"id":750742,"date":"2025-08-28T04:29:00","date_gmt":"2025-08-28T01:29:00","guid":{"rendered":"https:\/\/roveyayinevi.com.tr\/index.php\/urun\/kitap-lik-227-mayis-haziran-2023\/"},"modified":"2026-04-16T03:03:59","modified_gmt":"2026-04-16T00:03:59","slug":"kitap-lik-227-mayis-haziran-2023","status":"publish","type":"product","link":"https:\/\/roveyayinevi.com.tr\/index.php\/urun\/kitap-lik-227-mayis-haziran-2023\/","title":{"rendered":"Kitap-l\u0131k 227 \/ May\u0131s \u2013 Haziran 2023"},"content":{"rendered":"<p>Cumhuriyetin Yeni Y\u00fczy\u0131l\u0131nda Esendal   227. say\u0131n\u0131n dosya konusu Memduh \u015eevket Esendal. \u0130brahim Y\u0131ld\u0131r\u0131m, Erendiz Atas\u00fc, Bahriye \u00c7eri, M. Sad\u0131k Aslankara, Beh\u00e7et \u00c7elik, Faruk Duman, H\u00fclya Soy\u015fekerci yaz\u0131lar\u0131yla Esendal\u2019\u0131n \u00fctopik d\u00fcnyas\u0131n\u0131, \u00f6yk\u00fcc\u00fcl\u00fc\u011f\u00fcn\u00fc edebiyat\u0131m\u0131zdaki yerini ve politik ya\u015fam\u0131n\u0131 de\u011ferlendiriyorlar.   F\u00fcruzan\u2019\u0131n yeni \u00f6yk\u00fc kitab\u0131 \u201cAkim Sevgilim\u201d \u00fcst\u00fcne Birsen Ferahl\u0131 ve Abdullah Ezik\u2019in yaz\u0131lar\u0131 ile Timour Muhidine ve Ahmet Telli s\u00f6yle\u015fileri de bu say\u0131n\u0131n dikkati \u00e7eken sayfalar\u0131.   Nihat Ziyalan, Muzaffer Kale, \u0130smail Karakurt, Arif Erguvan, Ersun \u00c7\u0131plak, Cengiz \u015eenol, Serhat Uyurkulak, Ula\u015f Bager Aldemir ve Utku F\u0131rat \u00d6z\u00e7elik \u015fiirleri; Zehra T\u0131r\u0131l, Sel\u00e7uk Erez, Eray Kar\u0131nca, Seyhan Aslan Hanotte ve Hasan T\u00fcrksel \u00f6yk\u00fcleri; Mehmet Erg\u00fcven, Mehmet Rifat, Jean-Claude Coquet, \u0130zzet G\u00f6ldeli, Sezer Duru, Osman Kahraman, Sabri G\u00fcrses ve Seval \u015eahin Atba\u015f yaz\u0131lar\u0131yla kitap-l\u0131k dergisinin 227. say\u0131s\u0131nda.   kitap-l\u0131k 30 y\u0131ld\u0131r iyi edebiyat\u0131n adresi.. <\/p>\n","protected":false},"excerpt":{"rendered":"<p>Cumhuriyetin Yeni Y\u00fczy\u0131l\u0131nda Esendal 227. say\u0131n\u0131n dosya konusu Memduh \u015eevket Esendal. \u0130brahim Y\u0131ld\u0131r\u0131m, Erendiz Atas\u00fc, Bahriye \u00c7eri, M. Sad\u0131k Aslankara, Beh\u00e7et \u00c7elik, Faruk Duman, H\u00fclya Soy\u015fekerci<span class=\"excerpt-hellip\"> [\u2026]<\/span><\/p>\n","protected":false},"featured_media":0,"template":"","meta":{"_monsterinsights_skip_tracking":false,"_monsterinsights_sitenote_active":false,"_monsterinsights_sitenote_note":"","_monsterinsights_sitenote_category":0},"product_brand":[],"product_cat":[13527],"product_tag":[],"class_list":{"0":"post-750742","1":"product","2":"type-product","3":"status-publish","5":"product_cat-sureli-yayinlar","6":"pa_cilt-ciltsiz","7":"pa_tur-dergi","8":"pa_yayinevi-yapi-kredi-yayinlari-dergi","9":"pa_yazar-kolektif","11":"first","12":"instock","13":"sale","14":"shipping-taxable","15":"purchasable","16":"product-type-simple"},"_links":{"self":[{"href":"https:\/\/roveyayinevi.com.tr\/index.php\/wp-json\/wp\/v2\/product\/750742","targetHints":{"allow":["GET"]}}],"collection":[{"href":"https:\/\/roveyayinevi.com.tr\/index.php\/wp-json\/wp\/v2\/product"}],"about":[{"href":"https:\/\/roveyayinevi.com.tr\/index.php\/wp-json\/wp\/v2\/types\/product"}],"wp:attachment":[{"href":"https:\/\/roveyayinevi.com.tr\/index.php\/wp-json\/wp\/v2\/media?parent=750742"}],"wp:term":[{"taxonomy":"product_brand","embeddable":true,"href":"https:\/\/roveyayinevi.com.tr\/index.php\/wp-json\/wp\/v2\/product_brand?post=750742"},{"taxonomy":"product_cat","embeddable":true,"href":"https:\/\/roveyayinevi.com.tr\/index.php\/wp-json\/wp\/v2\/product_cat?post=750742"},{"taxonomy":"product_tag","embeddable":true,"href":"https:\/\/roveyayinevi.com.tr\/index.php\/wp-json\/wp\/v2\/product_tag?post=750742"}],"curies":[{"name":"wp","href":"https:\/\/api.w.org\/{rel}","templated":true}]}}