{"id":750741,"date":"2025-08-28T04:28:59","date_gmt":"2025-08-28T01:28:59","guid":{"rendered":"https:\/\/roveyayinevi.com.tr\/index.php\/urun\/sanat-dunyamiz-194-mayis-haziran-2023\/"},"modified":"2026-04-16T03:03:59","modified_gmt":"2026-04-16T00:03:59","slug":"sanat-dunyamiz-194-mayis-haziran-2023","status":"publish","type":"product","link":"https:\/\/roveyayinevi.com.tr\/index.php\/urun\/sanat-dunyamiz-194-mayis-haziran-2023\/","title":{"rendered":"Sanat D\u00fcnyam\u0131z 194 \/ May\u0131s \u2013 Haziran 2023"},"content":{"rendered":"<p>Sanat D\u00fcnyam\u0131z dergisi May\u0131s Haziran say\u0131s\u0131yla okuyucuyla bulu\u015fuyor. Dergi T\u00fcrkiye\u2019den ve d\u00fcnyadan g\u00fcncel sanat\u0131n \u00f6ne \u00e7\u0131kan sergilerine dair de\u011ferlendirme, s\u00f6yle\u015fi, ele\u015ftiri ve deneme yaz\u0131lar\u0131n\u0131 bir araya getiriyor. Kapakta Me\u015fher\u2019de 23 Temmuz\u2019a dek devam eden \u201cJohn Craxton: I\u015f\u0131\u011f\u0131n Pe\u015finde\u201d sergisinin k\u00fcrat\u00f6r\u00fc ve Yap\u0131 Kredi Yay\u0131nlar\u0131\u2019ndan \u00e7\u0131kan \u201cJohn Craxton &#8211; Hayat\u0131n L\u00fctuflar\u0131\u201d kitab\u0131n\u0131n yazar\u0131 Ian Collins\u2019le K\u00fcltigin Ka\u011fan Akbulut\u2019un yapt\u0131\u011f\u0131 bir s\u00f6yle\u015fi yer al\u0131yor. Dergide Arter\u2019de 27 A\u011fustos\u2019a dek devam eden Eva Ko\u0165\u00e1tkov\u00e1\u2019n\u0131n sergisi \u201cBir Bal\u0131km\u0131\u015f\u0131m Bacaklar\u0131 Olan\u201d \u00fczerine \u00d6zlem Altunok\u2019un de\u011ferlendirmesi ve M\u00fcze Gazhane\u2019de Naile Ak\u0131nc\u0131\u2019n\u0131n retrospektifine yer veren \u201cBir Kendilik \u00d6yk\u00fcs\u00fc: Naile Ak\u0131nc\u0131 (1953-2013)\u201d sergisi \u00fczerine k\u00fcrat\u00f6r Ebru Nalan S\u00fcl\u00fcn\u2019le Oktay Orhun\u2019un yapt\u0131\u011f\u0131 bir s\u00f6yle\u015fi  okunabiliyor. Ayr\u0131ca Versus Art Project\u2019te d\u00fczenlenen Yelta K\u00f6m\u2019\u00fcn ki\u015fisel sergisi \u201cher \u015fey tan\u0131d\u0131k her \u015fey yabanc\u0131\u201d ve Galerist\u2019te devam eden Lara \u00d6gel\u2019in ki\u015fisel sergisi \u201c\u00dczerimdeki Y\u0131ld\u0131zl\u0131 G\u00f6ky\u00fcz\u00fc ve \u0130\u00e7imdeki\u201d \u00fczerine birer s\u00f6yle\u015fi de sanat\u00e7\u0131lar\u0131n d\u00fcnyas\u0131n\u0131 aral\u0131yor.   Abdullah Ezik, Ekin Sa\u00e7l\u0131o\u011flu\u2019nun ki\u015fisel sergisi \u201cPar\u00e7al\u0131\u201dy\u0131, Naz Kocadere 15. Sharjah Bienali\u2019ni, Seda Ni\u011fbolu Ulysses Jenkins\u2019in \u201cYorumun Olmadan\u201d sergisini inceledikleri yaz\u0131lar\u0131yla dergide.   S\u00fcreyyya Evren bu say\u0131da sanat ele\u015ftirisinin yoklu\u011funa dair veryans\u0131nlardan yola \u00e7\u0131karak ba\u015flad\u0131\u011f\u0131 ve g\u00fcn\u00fcm\u00fczde sanat \u00fczerine yazman\u0131n hallerini ele alarak s\u00fcrd\u00fcrd\u00fc\u011f\u00fc serisini tamaml\u0131yor.   Huo Rf sanat kitaplar\u0131n\u0131 inceledi\u011fi \u201cBa\u015fl\u0131 Ba\u015f\u0131na Bir \u0130\u015f\u201d serisinde James Unsworth\u2019un \u201cAncient Greek Ceramic Plate Drawings\u201d Kitab\u0131, Printing On Fire Projesi ve 4-7 May\u0131s tarihlerinde ger\u00e7ekle\u015fecek Border_Less Artbook Days\u2019e dair notlar\u0131n\u0131 payla\u015f\u0131yor.   Elif Kam\u0131\u015fl\u0131\u2019n\u0131n deneme yaz\u0131s\u0131 farkl\u0131 sergiler aras\u0131nda gezinen bir hik\u00e2ye kurgularken Furkan \u00d6ztekin Onur Haftalar\u0131 sergilerinin tarihine bak\u0131yor. Derginin izlenimlere yer verdi\u011fi b\u00f6l\u00fcm\u00fcnde ise \u015e\u00fckran \u00c7akmak Medea\u2019ya G\u00f6re Ahlak oyununu de\u011ferlendiriyor.   Derginin her say\u0131 bir sanat\u00e7\u0131 taraf\u0131ndan haz\u0131rlanan Ajanda b\u00f6l\u00fcm\u00fc ise bu say\u0131 Martch Art Project Pera\u2019da s\u00fcren ki\u015fisel sergisi \u201cAte\u015fi Yakt\u0131k, Denizi \u0130\u00e7tik\u201dle yer alan sanat\u00e7\u0131 Burak Ata\u2019ya emanet. <\/p>\n","protected":false},"excerpt":{"rendered":"<p>Sanat D\u00fcnyam\u0131z dergisi May\u0131s Haziran say\u0131s\u0131yla okuyucuyla bulu\u015fuyor. Dergi T\u00fcrkiye\u2019den ve d\u00fcnyadan g\u00fcncel sanat\u0131n \u00f6ne \u00e7\u0131kan sergilerine dair de\u011ferlendirme, s\u00f6yle\u015fi, ele\u015ftiri ve deneme yaz\u0131lar\u0131n\u0131 bir araya<span class=\"excerpt-hellip\"> [\u2026]<\/span><\/p>\n","protected":false},"featured_media":0,"template":"","meta":{"_monsterinsights_skip_tracking":false,"_monsterinsights_sitenote_active":false,"_monsterinsights_sitenote_note":"","_monsterinsights_sitenote_category":0},"product_brand":[],"product_cat":[13527],"product_tag":[],"class_list":{"0":"post-750741","1":"product","2":"type-product","3":"status-publish","5":"product_cat-sureli-yayinlar","6":"pa_cilt-ciltsiz","7":"pa_tur-dergi","8":"pa_yayinevi-yapi-kredi-yayinlari-dergi","9":"pa_yazar-kolektif","11":"first","12":"instock","13":"sale","14":"shipping-taxable","15":"purchasable","16":"product-type-simple"},"_links":{"self":[{"href":"https:\/\/roveyayinevi.com.tr\/index.php\/wp-json\/wp\/v2\/product\/750741","targetHints":{"allow":["GET"]}}],"collection":[{"href":"https:\/\/roveyayinevi.com.tr\/index.php\/wp-json\/wp\/v2\/product"}],"about":[{"href":"https:\/\/roveyayinevi.com.tr\/index.php\/wp-json\/wp\/v2\/types\/product"}],"wp:attachment":[{"href":"https:\/\/roveyayinevi.com.tr\/index.php\/wp-json\/wp\/v2\/media?parent=750741"}],"wp:term":[{"taxonomy":"product_brand","embeddable":true,"href":"https:\/\/roveyayinevi.com.tr\/index.php\/wp-json\/wp\/v2\/product_brand?post=750741"},{"taxonomy":"product_cat","embeddable":true,"href":"https:\/\/roveyayinevi.com.tr\/index.php\/wp-json\/wp\/v2\/product_cat?post=750741"},{"taxonomy":"product_tag","embeddable":true,"href":"https:\/\/roveyayinevi.com.tr\/index.php\/wp-json\/wp\/v2\/product_tag?post=750741"}],"curies":[{"name":"wp","href":"https:\/\/api.w.org\/{rel}","templated":true}]}}