{"id":750738,"date":"2025-08-28T04:28:55","date_gmt":"2025-08-28T01:28:55","guid":{"rendered":"https:\/\/roveyayinevi.com.tr\/index.php\/urun\/bugun-2\/"},"modified":"2026-04-08T03:10:35","modified_gmt":"2026-04-08T00:10:35","slug":"bugun-2","status":"publish","type":"product","link":"https:\/\/roveyayinevi.com.tr\/index.php\/urun\/bugun-2\/","title":{"rendered":"Bug\u00fcn"},"content":{"rendered":"<p>Siz hi\u00e7 merakl\u0131 bir bal\u0131k g\u00f6rd\u00fcn\u00fcz m\u00fc? Peki ya \u00fczg\u00fcn bir bal\u0131k? \u015ea\u015fk\u0131n bir bal\u0131k da m\u0131 g\u00f6rmediniz? Peki, o halde bu kitab\u0131n sayfalar\u0131 aras\u0131nda bir s\u00fcr\u00fc sevimli bal\u0131kla kar\u015f\u0131la\u015facaks\u0131n\u0131z. Bu reng\u00e2renk bal\u0131klar duygular\u0131 tan\u0131mam\u0131za \u00e7ok yard\u0131mc\u0131 olacak. Bu \u00e7ok \u00f6zel kitab\u0131 Mies van Hout yazd\u0131 ve resimledi. <\/p>\n","protected":false},"excerpt":{"rendered":"<p>Siz hi\u00e7 merakl\u0131 bir bal\u0131k g\u00f6rd\u00fcn\u00fcz m\u00fc? Peki ya \u00fczg\u00fcn bir bal\u0131k? \u015ea\u015fk\u0131n bir bal\u0131k da m\u0131 g\u00f6rmediniz? Peki, o halde bu kitab\u0131n sayfalar\u0131 aras\u0131nda bir<span class=\"excerpt-hellip\"> [\u2026]<\/span><\/p>\n","protected":false},"featured_media":0,"template":"","meta":{"_monsterinsights_skip_tracking":false,"_monsterinsights_sitenote_active":false,"_monsterinsights_sitenote_note":"","_monsterinsights_sitenote_category":0},"product_brand":[],"product_cat":[12274,12284],"product_tag":[],"class_list":{"0":"post-750738","1":"product","2":"type-product","3":"status-publish","5":"product_cat-cocuk-ve-genclik-kitaplari","6":"product_cat-hikayeler","7":"pa_cilt-ciltsiz","8":"pa_tur-kitap","9":"pa_yayinevi-yapi-kredi-yayinlari","10":"pa_yazar-mies-van-hout","12":"first","13":"instock","14":"sale","15":"shipping-taxable","16":"purchasable","17":"product-type-simple"},"_links":{"self":[{"href":"https:\/\/roveyayinevi.com.tr\/index.php\/wp-json\/wp\/v2\/product\/750738","targetHints":{"allow":["GET"]}}],"collection":[{"href":"https:\/\/roveyayinevi.com.tr\/index.php\/wp-json\/wp\/v2\/product"}],"about":[{"href":"https:\/\/roveyayinevi.com.tr\/index.php\/wp-json\/wp\/v2\/types\/product"}],"wp:attachment":[{"href":"https:\/\/roveyayinevi.com.tr\/index.php\/wp-json\/wp\/v2\/media?parent=750738"}],"wp:term":[{"taxonomy":"product_brand","embeddable":true,"href":"https:\/\/roveyayinevi.com.tr\/index.php\/wp-json\/wp\/v2\/product_brand?post=750738"},{"taxonomy":"product_cat","embeddable":true,"href":"https:\/\/roveyayinevi.com.tr\/index.php\/wp-json\/wp\/v2\/product_cat?post=750738"},{"taxonomy":"product_tag","embeddable":true,"href":"https:\/\/roveyayinevi.com.tr\/index.php\/wp-json\/wp\/v2\/product_tag?post=750738"}],"curies":[{"name":"wp","href":"https:\/\/api.w.org\/{rel}","templated":true}]}}