{"id":750737,"date":"2025-08-28T04:28:53","date_gmt":"2025-08-28T01:28:53","guid":{"rendered":"https:\/\/roveyayinevi.com.tr\/index.php\/urun\/ah-keske\/"},"modified":"2026-04-16T03:03:59","modified_gmt":"2026-04-16T00:03:59","slug":"ah-keske","status":"publish","type":"product","link":"https:\/\/roveyayinevi.com.tr\/index.php\/urun\/ah-keske\/","title":{"rendered":"Ah Ke\u015fke!"},"content":{"rendered":"<p>U\u011furb\u00f6ce\u011fi kar\u0131nca gibi g\u00fc\u00e7l\u00fc olmay\u0131 hayal ediyor. Kelebek pek dikkat \u00e7ekmek istemiyor. F\u0131rf\u0131rb\u00f6ce\u011fi ise t\u0131pk\u0131 bir ate\u015fb\u00f6ce\u011fi gibi karanl\u0131kta daha cesur olmak istiyor.   Bu kitaptaki b\u00fct\u00fcn hayvanlar\u0131n \u00e7ok \u00f6zel y\u00f6nleri var ama her birinin istekleri ve hayalleri de var. Mies van Hout\u2019un reng\u00e2renk d\u00fcnyas\u0131ndan sevimli ve samimi bir hik\u00e2ye daha merakl\u0131 okurlarla bulu\u015fuyor. <\/p>\n","protected":false},"excerpt":{"rendered":"<p>U\u011furb\u00f6ce\u011fi kar\u0131nca gibi g\u00fc\u00e7l\u00fc olmay\u0131 hayal ediyor. Kelebek pek dikkat \u00e7ekmek istemiyor. F\u0131rf\u0131rb\u00f6ce\u011fi ise t\u0131pk\u0131 bir ate\u015fb\u00f6ce\u011fi gibi karanl\u0131kta daha cesur olmak istiyor. Bu kitaptaki b\u00fct\u00fcn<span class=\"excerpt-hellip\"> [\u2026]<\/span><\/p>\n","protected":false},"featured_media":0,"template":"","meta":{"_monsterinsights_skip_tracking":false,"_monsterinsights_sitenote_active":false,"_monsterinsights_sitenote_note":"","_monsterinsights_sitenote_category":0},"product_brand":[],"product_cat":[12274,12284],"product_tag":[],"class_list":{"0":"post-750737","1":"product","2":"type-product","3":"status-publish","5":"product_cat-cocuk-ve-genclik-kitaplari","6":"product_cat-hikayeler","7":"pa_cilt-ciltsiz","8":"pa_tur-kitap","9":"pa_yayinevi-yapi-kredi-yayinlari","10":"pa_yazar-mies-van-hout","12":"first","13":"instock","14":"sale","15":"shipping-taxable","16":"purchasable","17":"product-type-simple"},"_links":{"self":[{"href":"https:\/\/roveyayinevi.com.tr\/index.php\/wp-json\/wp\/v2\/product\/750737","targetHints":{"allow":["GET"]}}],"collection":[{"href":"https:\/\/roveyayinevi.com.tr\/index.php\/wp-json\/wp\/v2\/product"}],"about":[{"href":"https:\/\/roveyayinevi.com.tr\/index.php\/wp-json\/wp\/v2\/types\/product"}],"wp:attachment":[{"href":"https:\/\/roveyayinevi.com.tr\/index.php\/wp-json\/wp\/v2\/media?parent=750737"}],"wp:term":[{"taxonomy":"product_brand","embeddable":true,"href":"https:\/\/roveyayinevi.com.tr\/index.php\/wp-json\/wp\/v2\/product_brand?post=750737"},{"taxonomy":"product_cat","embeddable":true,"href":"https:\/\/roveyayinevi.com.tr\/index.php\/wp-json\/wp\/v2\/product_cat?post=750737"},{"taxonomy":"product_tag","embeddable":true,"href":"https:\/\/roveyayinevi.com.tr\/index.php\/wp-json\/wp\/v2\/product_tag?post=750737"}],"curies":[{"name":"wp","href":"https:\/\/api.w.org\/{rel}","templated":true}]}}