{"id":750731,"date":"2025-08-28T04:28:45","date_gmt":"2025-08-28T01:28:45","guid":{"rendered":"https:\/\/roveyayinevi.com.tr\/index.php\/urun\/dersler\/"},"modified":"2026-04-08T03:10:35","modified_gmt":"2026-04-08T00:10:35","slug":"dersler","status":"publish","type":"product","link":"https:\/\/roveyayinevi.com.tr\/index.php\/urun\/dersler\/","title":{"rendered":"Dersler"},"content":{"rendered":"<p>Y\u0131l 1959: So\u011fuk Sava\u015f d\u00fcnyaya t\u00fcm kasvetiyle \u00e7\u00f6km\u00fc\u015fken on bir ya\u015f\u0131ndaki Roland Baines\u2019in hayat\u0131 de\u011fi\u015fmek \u00fczeredir. Kald\u0131\u011f\u0131 yat\u0131l\u0131 okulda yaln\u0131zl\u0131\u011fa al\u0131\u015fmaya \u00e7al\u0131\u015fan Roland, piyano \u00f6\u011fretmeni Miriam Cornell\u2019in dikkatini \u00e7eker. \u00dcrk\u00fct\u00fcc\u00fc ve gizemli \u00f6\u011fretmeniyle ba\u015flad\u0131\u011f\u0131 piyano dersleri Roland\u2019\u0131n zihninde silinmez izler b\u0131rakacakt\u0131r.   Y\u0131l 1986: Kar\u0131s\u0131 Alissa\u2019n\u0131n evi terk etti\u011fi, \u00c7ernobil\u2019deki patlaman\u0131n Avrupa\u2019da bir korku dalgas\u0131na yol a\u00e7t\u0131\u011f\u0131 g\u00fcnlerde Roland o\u011fluyla birlikte eve kapan\u0131r. Bu kapanma Roland\u2019\u0131n ilkgen\u00e7lik g\u00fcnlerine, ailesinin s\u0131rlarla dolu tarih\u00e7esine ve Miriam Cornell\u2019in an\u0131s\u0131na do\u011fru \u00e7\u0131kaca\u011f\u0131 bir yolculu\u011fun ba\u015flang\u0131c\u0131 olur.   Ian McEwan\u2019\u0131n son roman\u0131 \u201cDersler\u201d, hayat\u0131 ka\u00e7\u0131r\u0131lm\u0131\u015f f\u0131rsatlar ve cevaps\u0131z sorularla dolu kahraman\u0131n\u0131n mutluluk aray\u0131\u015f\u0131 \u00fcst\u00fcnden \u0130ngiltere\u2019nin \u0130kinci D\u00fcnya Sava\u015f\u0131\u2019ndan sonraki ku\u015faklar\u0131n\u0131n hik\u00e2yelerine ve yak\u0131n ge\u00e7mi\u015fin b\u00fcy\u00fck alt\u00fcst olu\u015flar\u0131na bak\u0131yor. Hayat\u0131 K\u00fcba F\u00fcze Krizi\u2019nden \u00c7ernobil felaketine, Berlin Duvar\u0131\u2019n\u0131n \u00e7\u00f6k\u00fc\u015f\u00fcnden Covid-19 pandemisine tarihin b\u00fcy\u00fck kuvvetleri taraf\u0131ndan \u015fekillendirilirken, Roland Baines her insan i\u00e7in ge\u00e7erli olan sorularla y\u00fczle\u015fir: Hayatlar\u0131m\u0131z\u0131n kontrol\u00fc ne \u00f6l\u00e7\u00fcde bizim elimizdedir? Ge\u00e7mi\u015fin travmalar\u0131yla y\u00fczle\u015fmek m\u00fcmk\u00fcn m\u00fcd\u00fcr? En sona gelindi\u011finde, insan iyi bir hayat ya\u015fay\u0131p ya\u015famad\u0131\u011f\u0131n\u0131 nas\u0131l anlar? \u201cDersler\u201d, m\u00fczik ve edebiyatla, siyaset tart\u0131\u015f\u0131lan arkada\u015f masalar\u0131n\u0131n g\u00fcr\u00fclt\u00fcs\u00fcyle, bulunan ve kaybedilen a\u015fklar\u0131n heyecan\u0131yla dolu, hayat kadar geni\u015f bir roman..   \u201c\u0130nsan\u0131n karma\u015f\u0131kl\u0131\u011f\u0131na bu kadar duyarl\u0131 oldu\u011fu i\u00e7in Dersler McEwan\u2019\u0131n son yirmi y\u0131ldaki en iyi roman\u0131. McEwan\u2019\u0131n halihaz\u0131rda hayret verici \u00f6l\u00e7\u00fcde \u00fcretken yazarl\u0131k hayat\u0131nda yeni ve \u00f6nemli bir a\u015faman\u0131n ba\u015flang\u0131c\u0131.\u201d New Statesman <\/p>\n","protected":false},"excerpt":{"rendered":"<p>Y\u0131l 1959: So\u011fuk Sava\u015f d\u00fcnyaya t\u00fcm kasvetiyle \u00e7\u00f6km\u00fc\u015fken on bir ya\u015f\u0131ndaki Roland Baines\u2019in hayat\u0131 de\u011fi\u015fmek \u00fczeredir. Kald\u0131\u011f\u0131 yat\u0131l\u0131 okulda yaln\u0131zl\u0131\u011fa al\u0131\u015fmaya \u00e7al\u0131\u015fan Roland, piyano \u00f6\u011fretmeni Miriam<span class=\"excerpt-hellip\"> [\u2026]<\/span><\/p>\n","protected":false},"featured_media":0,"template":"","meta":{"_monsterinsights_skip_tracking":false,"_monsterinsights_sitenote_active":false,"_monsterinsights_sitenote_note":"","_monsterinsights_sitenote_category":0},"product_brand":[],"product_cat":[12291,12711],"product_tag":[],"class_list":{"0":"post-750731","1":"product","2":"type-product","3":"status-publish","5":"product_cat-edebiyat","6":"product_cat-roman-oyku","7":"pa_cilt-ciltsiz","8":"pa_tur-kitap","9":"pa_yayinevi-yapi-kredi-yayinlari","10":"pa_yazar-ian-mcewan","12":"first","13":"instock","14":"sale","15":"shipping-taxable","16":"purchasable","17":"product-type-simple"},"_links":{"self":[{"href":"https:\/\/roveyayinevi.com.tr\/index.php\/wp-json\/wp\/v2\/product\/750731","targetHints":{"allow":["GET"]}}],"collection":[{"href":"https:\/\/roveyayinevi.com.tr\/index.php\/wp-json\/wp\/v2\/product"}],"about":[{"href":"https:\/\/roveyayinevi.com.tr\/index.php\/wp-json\/wp\/v2\/types\/product"}],"wp:attachment":[{"href":"https:\/\/roveyayinevi.com.tr\/index.php\/wp-json\/wp\/v2\/media?parent=750731"}],"wp:term":[{"taxonomy":"product_brand","embeddable":true,"href":"https:\/\/roveyayinevi.com.tr\/index.php\/wp-json\/wp\/v2\/product_brand?post=750731"},{"taxonomy":"product_cat","embeddable":true,"href":"https:\/\/roveyayinevi.com.tr\/index.php\/wp-json\/wp\/v2\/product_cat?post=750731"},{"taxonomy":"product_tag","embeddable":true,"href":"https:\/\/roveyayinevi.com.tr\/index.php\/wp-json\/wp\/v2\/product_tag?post=750731"}],"curies":[{"name":"wp","href":"https:\/\/api.w.org\/{rel}","templated":true}]}}