{"id":750728,"date":"2025-08-28T04:28:42","date_gmt":"2025-08-28T01:28:42","guid":{"rendered":"https:\/\/roveyayinevi.com.tr\/index.php\/urun\/resimdeki-kadin\/"},"modified":"2026-04-16T03:03:59","modified_gmt":"2026-04-16T00:03:59","slug":"resimdeki-kadin","status":"publish","type":"product","link":"https:\/\/roveyayinevi.com.tr\/index.php\/urun\/resimdeki-kadin\/","title":{"rendered":"Resimdeki Kad\u0131n"},"content":{"rendered":"<p>\u201cMcCormack\u2019in de yazd\u0131\u011f\u0131 gibi kad\u0131n d\u00fc\u015fmanl\u0131\u011f\u0131 o denli i\u00e7imize i\u015flemi\u015f ki varl\u0131\u011f\u0131n\u0131 fark etmek imk\u00e2ns\u0131z hale gelmi\u015f. Resimdeki Kad\u0131n, g\u00f6zlerimizin a\u00e7\u0131lmas\u0131n\u0131 sa\u011flayacak.\u201d Jessica Ferri, Silent Cities\u2019in [Sessiz \u015eehirler] yazar\u0131   Kimdir \u201ckad\u0131n\u201d? Kad\u0131n Ven\u00fcs\u2019t\u00fcr, \u201canne\u201ddir, \u201cbakire\u201ddir; \u201ccanavar\u201dd\u0131r, \u201ccad\u0131\u201dd\u0131r, \u201cfemme fatale\u201dd\u0131r, yani \u201cfelaketin ta kendisi\u201ddir. Hepsinden \u00f6te, kad\u0131n bak\u0131lacak bir \u201cimge\u201ddir. Tarih boyunca deh\u015fet, \u015fiddet, istismar, kad\u0131n d\u00fc\u015fmanl\u0131\u011f\u0131, eril bak\u0131\u015f ve ataerkinin in\u015fa etti\u011fi kal\u0131plar, sanat\u0131n maskesine gizlenerek g\u00f6rsel bir \u015f\u00f6lene d\u00f6n\u00fc\u015ft\u00fcr\u00fclm\u00fc\u015f; telefon ekranlar\u0131nda, sosyal medya payla\u015f\u0131mlar\u0131nda, her t\u00fcrl\u00fc t\u00fcketim \u00fcr\u00fcn\u00fcn\u00fcn \u00fcst\u00fcnde, herkesin eri\u015febildi\u011fi dizi ve filmlerde, tarihimize ev sahipli\u011fi yapan m\u00fczelerde, meydanlarda hatta evimizin duvarlar\u0131nda sinsice yerini alm\u0131\u015ft\u0131r. Sanat tarihi profes\u00f6r\u00fc Catherine McCormack, Resimdeki Kad\u0131n\u2019da sanat kisvesi alt\u0131nda g\u00f6z\u00fcm\u00fcz\u00fcn nas\u0131l boyand\u0131\u011f\u0131n\u0131, eril bak\u0131\u015f\u0131n kad\u0131n imgesini nas\u0131l \u015fekillendirdi\u011fini ve bunu g\u00fcnl\u00fck hayat\u0131m\u0131za yerle\u015ftirip normalle\u015ftirdi\u011fini anlat\u0131r. Titian, Botticelli ve Picasso\u2019nun eserleri gibi \u00e7ok sevdi\u011fimiz imgelerin asl\u0131nda nas\u0131l deh\u015fet verici anlamlar ta\u015f\u0131d\u0131\u011f\u0131n\u0131, ataerkinin kad\u0131n deneyimini ve \u201c\u00f6teki\u201d olan\u0131 bast\u0131r\u0131p yok etmek i\u00e7in sanat\u0131 nas\u0131l kulland\u0131\u011f\u0131n\u0131 \u00e7arp\u0131c\u0131 hik\u00e2yeler, anekdotlar ve ki\u015fisel g\u00f6r\u00fc\u015fleriyle kaleme al\u0131r. Yazar McCormack, Resimdeki Kad\u0131n\u2019da Berthe Morisot, Judy Chicago, Kara Walker\u2019dan Beyonc\u00e9\u2019ye uzanan \u00e7e\u015fitli kad\u0131n sanat\u00e7\u0131n\u0131n \u00e7al\u0131\u015fmalar\u0131n\u0131 inceleyerek estetik buldu\u011fumuz imgelere dair farkl\u0131 bir bak\u0131\u015f a\u00e7\u0131s\u0131 sunar bize; in\u015fa etti\u011fimiz kal\u0131plar\u0131 y\u0131k\u0131p kad\u0131n\u0131 (veya insan\u0131) ger\u00e7ek benli\u011fiyle kabullenmemiz gerekti\u011fini fark etmemizi sa\u011flar. <\/p>\n","protected":false},"excerpt":{"rendered":"<p>\u201cMcCormack\u2019in de yazd\u0131\u011f\u0131 gibi kad\u0131n d\u00fc\u015fmanl\u0131\u011f\u0131 o denli i\u00e7imize i\u015flemi\u015f ki varl\u0131\u011f\u0131n\u0131 fark etmek imk\u00e2ns\u0131z hale gelmi\u015f. Resimdeki Kad\u0131n, g\u00f6zlerimizin a\u00e7\u0131lmas\u0131n\u0131 sa\u011flayacak.\u201d Jessica Ferri, Silent Cities\u2019in<span class=\"excerpt-hellip\"> [\u2026]<\/span><\/p>\n","protected":false},"featured_media":0,"template":"","meta":{"_monsterinsights_skip_tracking":false,"_monsterinsights_sitenote_active":false,"_monsterinsights_sitenote_note":"","_monsterinsights_sitenote_category":0},"product_brand":[],"product_cat":[12324],"product_tag":[],"class_list":{"0":"post-750728","1":"product","2":"type-product","3":"status-publish","5":"product_cat-sosyoloji","6":"pa_cilt-ciltsiz","7":"pa_tur-kitap","8":"pa_yayinevi-dusbaz-kitaplar","9":"pa_yazar-catherine-mccormack","11":"first","12":"instock","13":"sale","14":"shipping-taxable","15":"purchasable","16":"product-type-simple"},"_links":{"self":[{"href":"https:\/\/roveyayinevi.com.tr\/index.php\/wp-json\/wp\/v2\/product\/750728","targetHints":{"allow":["GET"]}}],"collection":[{"href":"https:\/\/roveyayinevi.com.tr\/index.php\/wp-json\/wp\/v2\/product"}],"about":[{"href":"https:\/\/roveyayinevi.com.tr\/index.php\/wp-json\/wp\/v2\/types\/product"}],"wp:attachment":[{"href":"https:\/\/roveyayinevi.com.tr\/index.php\/wp-json\/wp\/v2\/media?parent=750728"}],"wp:term":[{"taxonomy":"product_brand","embeddable":true,"href":"https:\/\/roveyayinevi.com.tr\/index.php\/wp-json\/wp\/v2\/product_brand?post=750728"},{"taxonomy":"product_cat","embeddable":true,"href":"https:\/\/roveyayinevi.com.tr\/index.php\/wp-json\/wp\/v2\/product_cat?post=750728"},{"taxonomy":"product_tag","embeddable":true,"href":"https:\/\/roveyayinevi.com.tr\/index.php\/wp-json\/wp\/v2\/product_tag?post=750728"}],"curies":[{"name":"wp","href":"https:\/\/api.w.org\/{rel}","templated":true}]}}