{"id":750727,"date":"2025-08-28T04:28:40","date_gmt":"2025-08-28T01:28:40","guid":{"rendered":"https:\/\/roveyayinevi.com.tr\/index.php\/urun\/murebbiye-9\/"},"modified":"2026-04-16T03:03:59","modified_gmt":"2026-04-16T00:03:59","slug":"murebbiye-9","status":"publish","type":"product","link":"https:\/\/roveyayinevi.com.tr\/index.php\/urun\/murebbiye-9\/","title":{"rendered":"M\u00fcrebbiye"},"content":{"rendered":"<p>M\u00fcrebbiye roman\u0131 H\u00fcseyin Rahmi G\u00fcrp\u0131nar\u2019\u0131n (1864-1944) hen\u00fcz otuz \u00fc\u00e7 ya\u015f\u0131nda iken tamamlad\u0131\u011f\u0131 \u0130stanbul romanlar\u0131ndan biri. 1899 y\u0131l\u0131nda bas\u0131lan bu romanda olaylar Bo\u011fazi\u00e7i\u2019nde bir yal\u0131da geli\u015fir. Fransa\u2019da hayat kad\u0131n\u0131 iken bir vesileyle \u0130stanbul\u2019a gelen, Dehri Efendi\u2019nin yal\u0131s\u0131na m\u00fcrebbiye olarak giren Anjel, evin erkeklerini bir bir ba\u015ftan \u00e7\u0131kar\u0131r. \u00c2\u015f\u0131klar aras\u0131nda hesapla\u015fmalara yol a\u00e7ar. Bir s\u00fcrpriz geli\u015fme ile olaylar sona erer. H\u00fcseyin Rahmi\u2019nin kahramanlara yapt\u0131rd\u0131\u011f\u0131 felsefe tart\u0131\u015fmalar\u0131nda ve ansiklopedik bilgilerde \u00fcstad\u0131 Ahmet Mithat Efendi\u2019nin etkisi a\u00e7\u0131k\u00e7a g\u00f6r\u00fcl\u00fcr. Eserin asl\u0131na sad\u0131k kalarak yay\u0131ma haz\u0131rlanan bu \u00e7al\u0131\u015fmada gereken yerlerde k\u00f6\u015feli parantez i\u00e7inde a\u00e7\u0131klama verilmi\u015ftir.   <\/p>\n","protected":false},"excerpt":{"rendered":"<p>M\u00fcrebbiye roman\u0131 H\u00fcseyin Rahmi G\u00fcrp\u0131nar\u2019\u0131n (1864-1944) hen\u00fcz otuz \u00fc\u00e7 ya\u015f\u0131nda iken tamamlad\u0131\u011f\u0131 \u0130stanbul romanlar\u0131ndan biri. 1899 y\u0131l\u0131nda bas\u0131lan bu romanda olaylar Bo\u011fazi\u00e7i\u2019nde bir yal\u0131da geli\u015fir. Fransa\u2019da<span class=\"excerpt-hellip\"> [\u2026]<\/span><\/p>\n","protected":false},"featured_media":0,"template":"","meta":{"_monsterinsights_skip_tracking":false,"_monsterinsights_sitenote_active":false,"_monsterinsights_sitenote_note":"","_monsterinsights_sitenote_category":0},"product_brand":[],"product_cat":[12291,12711],"product_tag":[],"class_list":{"0":"post-750727","1":"product","2":"type-product","3":"status-publish","5":"product_cat-edebiyat","6":"product_cat-roman-oyku","7":"pa_cilt-ciltsiz","8":"pa_tur-kitap","9":"pa_yayinevi-ayrinti-yayinlari","10":"pa_yazar-huseyin-rahmi-gurpinar","12":"first","13":"instock","14":"sale","15":"shipping-taxable","16":"purchasable","17":"product-type-simple"},"_links":{"self":[{"href":"https:\/\/roveyayinevi.com.tr\/index.php\/wp-json\/wp\/v2\/product\/750727","targetHints":{"allow":["GET"]}}],"collection":[{"href":"https:\/\/roveyayinevi.com.tr\/index.php\/wp-json\/wp\/v2\/product"}],"about":[{"href":"https:\/\/roveyayinevi.com.tr\/index.php\/wp-json\/wp\/v2\/types\/product"}],"wp:attachment":[{"href":"https:\/\/roveyayinevi.com.tr\/index.php\/wp-json\/wp\/v2\/media?parent=750727"}],"wp:term":[{"taxonomy":"product_brand","embeddable":true,"href":"https:\/\/roveyayinevi.com.tr\/index.php\/wp-json\/wp\/v2\/product_brand?post=750727"},{"taxonomy":"product_cat","embeddable":true,"href":"https:\/\/roveyayinevi.com.tr\/index.php\/wp-json\/wp\/v2\/product_cat?post=750727"},{"taxonomy":"product_tag","embeddable":true,"href":"https:\/\/roveyayinevi.com.tr\/index.php\/wp-json\/wp\/v2\/product_tag?post=750727"}],"curies":[{"name":"wp","href":"https:\/\/api.w.org\/{rel}","templated":true}]}}