{"id":750726,"date":"2025-08-28T04:28:38","date_gmt":"2025-08-28T01:28:38","guid":{"rendered":"https:\/\/roveyayinevi.com.tr\/index.php\/urun\/koruda-soylenen\/"},"modified":"2026-04-16T03:03:59","modified_gmt":"2026-04-16T00:03:59","slug":"koruda-soylenen","status":"publish","type":"product","link":"https:\/\/roveyayinevi.com.tr\/index.php\/urun\/koruda-soylenen\/","title":{"rendered":"Koruda S\u00f6ylenen"},"content":{"rendered":"<p>Koruda S\u00f6ylenen, Soner Demirba\u015f\u2019\u0131n son y\u0131llarda yazd\u0131\u011f\u0131 \u015fiirlerden geni\u015f bir oylumu bir araya getiriyor. \u0130mgesel esnekli\u011fini \u201ceski ya\u011fmurlar\u0131n\u201d uykusuna yat\u0131ran, kay\u0131p zamanlar haritas\u0131n\u0131n s\u00f6nmeye y\u00fcz tutmu\u015f izlerinde \u201cyaral\u0131 a\u011fa\u00e7lar\u201d i\u00e7in kuytular biriktiren bir \u015fiir. Koruda S\u00f6ylenen\u2019de Soner Demirba\u015f, uzak bozk\u0131rdaki r\u00fczg\u00e2r t\u00fcllerinin ev ve insan i\u00e7lerine ta\u015f\u0131d\u0131\u011f\u0131 lirik patlamalar\u0131, sonsuz ve ac\u0131mas\u0131z zaman\u0131n haf\u0131za sand\u0131klar\u0131nda gizli evrensel im\u00e2lar\u0131 bir kez daha a\u015fik\u00e2r ediyor. Homeros\u2019tan Yunus Emre\u2019ye, Beckett\u2019ten Celan\u2019a, N\u00e2z\u0131m\u2019dan G\u00fclten Ak\u0131n\u2019a b\u00fcy\u00fck do\u011fa ve insanl\u0131k zaman\u0131n\u0131n \u201ckoruda s\u00f6ylenen\u201d iz s\u00fcr\u00fcc\u00fcs\u00fc: \u015eiir: Hik\u00e2ye\u2019den epik\u2019e, sone\u2019den gazel\u2019e  \u201cge\u00e7mi\u015fin, \u015fimdinin ve gelece\u011fin ke\u015fkesi\u201d; a\u015fk\u0131n, \u00f6zleyi\u015fin, yenilginin ve umudun i\u00e7e \u00e7ekilmi\u015f \u201c\u00e7al\u0131 diplerinde\u201d ya\u011fmur damlalar\u0131yla konu\u015fmaktan y\u0131lmayan, \u201cku\u015flar\u0131n bilgisi\u201dne g\u00fcvenen esrik kavmi! Beklenen yazlar, olas\u0131 kara k\u0131\u015flar ve ba\u015fka zamanlar i\u00e7in. <\/p>\n","protected":false},"excerpt":{"rendered":"<p>Koruda S\u00f6ylenen, Soner Demirba\u015f\u2019\u0131n son y\u0131llarda yazd\u0131\u011f\u0131 \u015fiirlerden geni\u015f bir oylumu bir araya getiriyor. \u0130mgesel esnekli\u011fini \u201ceski ya\u011fmurlar\u0131n\u201d uykusuna yat\u0131ran, kay\u0131p zamanlar haritas\u0131n\u0131n s\u00f6nmeye y\u00fcz tutmu\u015f<span class=\"excerpt-hellip\"> [\u2026]<\/span><\/p>\n","protected":false},"featured_media":0,"template":"","meta":{"_monsterinsights_skip_tracking":false,"_monsterinsights_sitenote_active":false,"_monsterinsights_sitenote_note":"","_monsterinsights_sitenote_category":0},"product_brand":[],"product_cat":[12291,12509],"product_tag":[],"class_list":{"0":"post-750726","1":"product","2":"type-product","3":"status-publish","5":"product_cat-edebiyat","6":"product_cat-siir","7":"pa_cilt-ciltsiz","8":"pa_tur-kitap","9":"pa_yayinevi-ayrinti-yayinlari","10":"pa_yazar-soner-demirbas","12":"first","13":"instock","14":"sale","15":"shipping-taxable","16":"purchasable","17":"product-type-simple"},"_links":{"self":[{"href":"https:\/\/roveyayinevi.com.tr\/index.php\/wp-json\/wp\/v2\/product\/750726","targetHints":{"allow":["GET"]}}],"collection":[{"href":"https:\/\/roveyayinevi.com.tr\/index.php\/wp-json\/wp\/v2\/product"}],"about":[{"href":"https:\/\/roveyayinevi.com.tr\/index.php\/wp-json\/wp\/v2\/types\/product"}],"wp:attachment":[{"href":"https:\/\/roveyayinevi.com.tr\/index.php\/wp-json\/wp\/v2\/media?parent=750726"}],"wp:term":[{"taxonomy":"product_brand","embeddable":true,"href":"https:\/\/roveyayinevi.com.tr\/index.php\/wp-json\/wp\/v2\/product_brand?post=750726"},{"taxonomy":"product_cat","embeddable":true,"href":"https:\/\/roveyayinevi.com.tr\/index.php\/wp-json\/wp\/v2\/product_cat?post=750726"},{"taxonomy":"product_tag","embeddable":true,"href":"https:\/\/roveyayinevi.com.tr\/index.php\/wp-json\/wp\/v2\/product_tag?post=750726"}],"curies":[{"name":"wp","href":"https:\/\/api.w.org\/{rel}","templated":true}]}}