{"id":750723,"date":"2025-08-28T04:28:35","date_gmt":"2025-08-28T01:28:35","guid":{"rendered":"https:\/\/roveyayinevi.com.tr\/index.php\/urun\/bay-dingonun-ahiri\/"},"modified":"2026-04-16T03:03:59","modified_gmt":"2026-04-16T00:03:59","slug":"bay-dingonun-ahiri","status":"publish","type":"product","link":"https:\/\/roveyayinevi.com.tr\/index.php\/urun\/bay-dingonun-ahiri\/","title":{"rendered":"Bay Dingo&#8217;nun Ah\u0131r\u0131"},"content":{"rendered":"<p>Hayvanlar, kendilerini ilgilendiren atas\u00f6zlerini ayr\u0131\u015ft\u0131r\u0131c\u0131 bulduklar\u0131 i\u00e7in Bay Dingo\u2019ya dan\u0131\u015ft\u0131lar. \u00c7iftlik sahibi Bay Dingo da hayvanlara hak verdi. Bay Dingo bu sorunu \u00e7\u00f6zmek i\u00e7in S\u00f6zl\u00fck Yap\u0131c\u0131lar Kurumuna ba\u015fvurdu. Hayvanlar\u0131n a\u011fz\u0131ndan atas\u00f6zlerini \u00f6\u011frendi\u011fimiz bu kitapta, atas\u00f6zlerine farkl\u0131 bir a\u00e7\u0131dan bak\u0131yoruz. Kitab\u0131n sonunda hik\u00e2yede ge\u00e7en atas\u00f6zlerinin anlamlar\u0131n\u0131n yer verildi\u011fi bir s\u00f6zl\u00fck de bulunuyor. <\/p>\n","protected":false},"excerpt":{"rendered":"<p>Hayvanlar, kendilerini ilgilendiren atas\u00f6zlerini ayr\u0131\u015ft\u0131r\u0131c\u0131 bulduklar\u0131 i\u00e7in Bay Dingo\u2019ya dan\u0131\u015ft\u0131lar. \u00c7iftlik sahibi Bay Dingo da hayvanlara hak verdi. Bay Dingo bu sorunu \u00e7\u00f6zmek i\u00e7in S\u00f6zl\u00fck Yap\u0131c\u0131lar<span class=\"excerpt-hellip\"> [\u2026]<\/span><\/p>\n","protected":false},"featured_media":0,"template":"","meta":{"_monsterinsights_skip_tracking":false,"_monsterinsights_sitenote_active":false,"_monsterinsights_sitenote_note":"","_monsterinsights_sitenote_category":0},"product_brand":[],"product_cat":[12274,12284],"product_tag":[],"class_list":{"0":"post-750723","1":"product","2":"type-product","3":"status-publish","5":"product_cat-cocuk-ve-genclik-kitaplari","6":"product_cat-hikayeler","7":"pa_cilt-ciltsiz","8":"pa_tur-kitap","9":"pa_yayinevi-dinozor-cocuk","10":"pa_yazar-gulsum-kocak-sonmez","12":"first","13":"instock","14":"sale","15":"shipping-taxable","16":"purchasable","17":"product-type-simple"},"_links":{"self":[{"href":"https:\/\/roveyayinevi.com.tr\/index.php\/wp-json\/wp\/v2\/product\/750723","targetHints":{"allow":["GET"]}}],"collection":[{"href":"https:\/\/roveyayinevi.com.tr\/index.php\/wp-json\/wp\/v2\/product"}],"about":[{"href":"https:\/\/roveyayinevi.com.tr\/index.php\/wp-json\/wp\/v2\/types\/product"}],"wp:attachment":[{"href":"https:\/\/roveyayinevi.com.tr\/index.php\/wp-json\/wp\/v2\/media?parent=750723"}],"wp:term":[{"taxonomy":"product_brand","embeddable":true,"href":"https:\/\/roveyayinevi.com.tr\/index.php\/wp-json\/wp\/v2\/product_brand?post=750723"},{"taxonomy":"product_cat","embeddable":true,"href":"https:\/\/roveyayinevi.com.tr\/index.php\/wp-json\/wp\/v2\/product_cat?post=750723"},{"taxonomy":"product_tag","embeddable":true,"href":"https:\/\/roveyayinevi.com.tr\/index.php\/wp-json\/wp\/v2\/product_tag?post=750723"}],"curies":[{"name":"wp","href":"https:\/\/api.w.org\/{rel}","templated":true}]}}