{"id":750719,"date":"2025-08-28T04:28:28","date_gmt":"2025-08-28T01:28:28","guid":{"rendered":"https:\/\/roveyayinevi.com.tr\/index.php\/urun\/korkuluk-halki\/"},"modified":"2026-04-16T03:03:59","modified_gmt":"2026-04-16T00:03:59","slug":"korkuluk-halki","status":"publish","type":"product","link":"https:\/\/roveyayinevi.com.tr\/index.php\/urun\/korkuluk-halki\/","title":{"rendered":"Korkuluk Halk\u0131"},"content":{"rendered":"<p>G\u00f6ky\u00fcz\u00fcnde Spitfire bombard\u0131man u\u00e7aklar\u0131 g\u00fcr\u00fclderken karanl\u0131k bir suret Woodville k\u00f6y\u00fcn\u00fc ar\u015f\u0131nl\u0131yor, gen\u00e7 bir kad\u0131nsa kaderini ke\u015ffe \u00e7\u0131k\u0131yor\u2026   Nedenini bilmeksizin kendisini hep farkl\u0131 hisseden Faye Bright, vefat eden annesinin g\u00fcnl\u00fc\u011f\u00fcne rastlar; re\u00e7elli pasta tarifinden b\u00fcy\u00fcl\u00fc s\u00f6zlere de\u011fin bir\u00e7ok bilgi bar\u0131nd\u0131ran bir g\u00fcnl\u00fck, bir cad\u0131 defteri!   Gen\u00e7 kad\u0131n\u0131n kendini ke\u015fif yolculu\u011fu tam da Korkuluk Halk\u0131\u2019n\u0131n ad\u0131mlar\u0131n\u0131n s\u0131kla\u015ft\u0131\u011f\u0131 zamana denk gelir. Karizmatik Bal Kaba\u011f\u0131 Kafa liderli\u011finde ilerleyen Korkuluk Halk\u0131\u2019n\u0131n tuhaf b\u00fcy\u00fcleri Faye\u2019i ve k\u00f6yl\u00fcleri tehdit eder\u2026   Cad\u0131larla, b\u00fcy\u00fclerle, \u00e7an sesleriyle, arkada\u015fl\u0131k ba\u011f\u0131yla dolu Faye Bright\u2019\u0131n ola\u011fan\u00fcst\u00fc d\u00fcnyas\u0131yla bulu\u015fmaya haz\u0131rlan\u0131n.   Muhte\u015fem bir kitap! Her sayfas\u0131na bay\u0131ld\u0131m. Oyuncu; Callan McAuliffe, The Walking Dead <\/p>\n","protected":false},"excerpt":{"rendered":"<p>G\u00f6ky\u00fcz\u00fcnde Spitfire bombard\u0131man u\u00e7aklar\u0131 g\u00fcr\u00fclderken karanl\u0131k bir suret Woodville k\u00f6y\u00fcn\u00fc ar\u015f\u0131nl\u0131yor, gen\u00e7 bir kad\u0131nsa kaderini ke\u015ffe \u00e7\u0131k\u0131yor\u2026 Nedenini bilmeksizin kendisini hep farkl\u0131 hisseden Faye Bright, vefat<span class=\"excerpt-hellip\"> [\u2026]<\/span><\/p>\n","protected":false},"featured_media":0,"template":"","meta":{"_monsterinsights_skip_tracking":false,"_monsterinsights_sitenote_active":false,"_monsterinsights_sitenote_note":"","_monsterinsights_sitenote_category":0},"product_brand":[],"product_cat":[12291,12711],"product_tag":[],"class_list":{"0":"post-750719","1":"product","2":"type-product","3":"status-publish","5":"product_cat-edebiyat","6":"product_cat-roman-oyku","7":"pa_cilt-ciltsiz","8":"pa_tur-kitap","9":"pa_yayinevi-sms-yayinlari","10":"pa_yazar-mark-stay","12":"first","13":"instock","14":"sale","15":"shipping-taxable","16":"purchasable","17":"product-type-simple"},"_links":{"self":[{"href":"https:\/\/roveyayinevi.com.tr\/index.php\/wp-json\/wp\/v2\/product\/750719","targetHints":{"allow":["GET"]}}],"collection":[{"href":"https:\/\/roveyayinevi.com.tr\/index.php\/wp-json\/wp\/v2\/product"}],"about":[{"href":"https:\/\/roveyayinevi.com.tr\/index.php\/wp-json\/wp\/v2\/types\/product"}],"wp:attachment":[{"href":"https:\/\/roveyayinevi.com.tr\/index.php\/wp-json\/wp\/v2\/media?parent=750719"}],"wp:term":[{"taxonomy":"product_brand","embeddable":true,"href":"https:\/\/roveyayinevi.com.tr\/index.php\/wp-json\/wp\/v2\/product_brand?post=750719"},{"taxonomy":"product_cat","embeddable":true,"href":"https:\/\/roveyayinevi.com.tr\/index.php\/wp-json\/wp\/v2\/product_cat?post=750719"},{"taxonomy":"product_tag","embeddable":true,"href":"https:\/\/roveyayinevi.com.tr\/index.php\/wp-json\/wp\/v2\/product_tag?post=750719"}],"curies":[{"name":"wp","href":"https:\/\/api.w.org\/{rel}","templated":true}]}}