{"id":750716,"date":"2025-08-28T04:28:25","date_gmt":"2025-08-28T01:28:25","guid":{"rendered":"https:\/\/roveyayinevi.com.tr\/index.php\/urun\/buyuk-hesaplasma-3\/"},"modified":"2026-04-16T03:03:58","modified_gmt":"2026-04-16T00:03:58","slug":"buyuk-hesaplasma-3","status":"publish","type":"product","link":"https:\/\/roveyayinevi.com.tr\/index.php\/urun\/buyuk-hesaplasma-3\/","title":{"rendered":"B\u00fcy\u00fck Hesapla\u015fma"},"content":{"rendered":"<p>Sevr bilinmeden Lozan\u2019\u0131n k\u0131ymeti tam olarak anla\u015f\u0131lamaz. Montr\u00f6 olmadan da Lozan eksik kal\u0131r. Bu nedenle Sevr Bar\u0131\u015f Antla\u015fmas\u0131 ile Montr\u00f6 Bo\u011fazlar Rejimi S\u00f6zle\u015fmesi\u2019ne de kitapta yer verilmi\u015ftir\u2026 Sevr, \u201c\u00d6l\u00fcm \u00c7\u0131ng\u0131ra\u011f\u0131\u201dndan ba\u015fka bir \u015fey de\u011fildi! Neredeyse devleti haritadan silmi\u015f, egemenli\u011fini s\u0131n\u0131rlam\u0131\u015f, T\u00fcrklere Anadolu\u2019nun ortas\u0131nda, ancak nefes alabilecek kadar bir yer b\u0131rakm\u0131\u015ft\u0131. Mustafa Kemal Pa\u015fa liderli\u011finde kurulan T\u00fcrkiye B\u00fcy\u00fck Millet Meclisi H\u00fck\u00fcmeti, \u00f6nce Sevr\u2019i kabul etmeyece\u011fini d\u00fcnyaya ilan etti; sonra da Milli Kurtulu\u015f Sava\u015f\u0131\u2019n\u0131 y\u00fcksek bir azim ve kararl\u0131l\u0131kla s\u00fcrd\u00fcr\u00fcp Sevr\u2019i par\u00e7alay\u0131p att\u0131. Lozan Bar\u0131\u015f Antla\u015fmas\u0131, Kurtulu\u015f Sava\u015f\u0131\u2019n\u0131n diplomatik kazan\u0131m\u0131, T\u00fcrkiye Cumhuriyeti Devleti\u2019nin uluslararas\u0131 hukuk senedidir. Cumhuriyet\u2019in tapusu olan \u201cLozan dok\u00fcman\u0131n\u0131\u201d millet\u00e7e, el alt\u0131nda bulundurmam\u0131z gerekiyor\u2026 <\/p>\n","protected":false},"excerpt":{"rendered":"<p>Sevr bilinmeden Lozan\u2019\u0131n k\u0131ymeti tam olarak anla\u015f\u0131lamaz. Montr\u00f6 olmadan da Lozan eksik kal\u0131r. Bu nedenle Sevr Bar\u0131\u015f Antla\u015fmas\u0131 ile Montr\u00f6 Bo\u011fazlar Rejimi S\u00f6zle\u015fmesi\u2019ne de kitapta yer<span class=\"excerpt-hellip\"> [\u2026]<\/span><\/p>\n","protected":false},"featured_media":0,"template":"","meta":{"_monsterinsights_skip_tracking":false,"_monsterinsights_sitenote_active":false,"_monsterinsights_sitenote_note":"","_monsterinsights_sitenote_category":0},"product_brand":[],"product_cat":[12370,12304],"product_tag":[],"class_list":{"0":"post-750716","1":"product","2":"type-product","3":"status-publish","5":"product_cat-arastirma-inceleme","6":"product_cat-tarih","7":"pa_cilt-ciltsiz","8":"pa_tur-kitap","9":"pa_yayinevi-inkilap-kitabevi","10":"pa_yazar-osman-pamukoglu","12":"first","13":"instock","14":"sale","15":"shipping-taxable","16":"purchasable","17":"product-type-simple"},"_links":{"self":[{"href":"https:\/\/roveyayinevi.com.tr\/index.php\/wp-json\/wp\/v2\/product\/750716","targetHints":{"allow":["GET"]}}],"collection":[{"href":"https:\/\/roveyayinevi.com.tr\/index.php\/wp-json\/wp\/v2\/product"}],"about":[{"href":"https:\/\/roveyayinevi.com.tr\/index.php\/wp-json\/wp\/v2\/types\/product"}],"wp:attachment":[{"href":"https:\/\/roveyayinevi.com.tr\/index.php\/wp-json\/wp\/v2\/media?parent=750716"}],"wp:term":[{"taxonomy":"product_brand","embeddable":true,"href":"https:\/\/roveyayinevi.com.tr\/index.php\/wp-json\/wp\/v2\/product_brand?post=750716"},{"taxonomy":"product_cat","embeddable":true,"href":"https:\/\/roveyayinevi.com.tr\/index.php\/wp-json\/wp\/v2\/product_cat?post=750716"},{"taxonomy":"product_tag","embeddable":true,"href":"https:\/\/roveyayinevi.com.tr\/index.php\/wp-json\/wp\/v2\/product_tag?post=750716"}],"curies":[{"name":"wp","href":"https:\/\/api.w.org\/{rel}","templated":true}]}}