{"id":750715,"date":"2025-08-28T04:28:23","date_gmt":"2025-08-28T01:28:23","guid":{"rendered":"https:\/\/roveyayinevi.com.tr\/index.php\/urun\/astrolojinin-gizemli-hazinesi\/"},"modified":"2026-04-16T03:03:58","modified_gmt":"2026-04-16T00:03:58","slug":"astrolojinin-gizemli-hazinesi","status":"publish","type":"product","link":"https:\/\/roveyayinevi.com.tr\/index.php\/urun\/astrolojinin-gizemli-hazinesi\/","title":{"rendered":"Astrolojinin Gizemli Hazinesi"},"content":{"rendered":"<p>S\u0131rlarla Dolu Bu Hazineyi Ke\u015ffetmeye Haz\u0131r m\u0131s\u0131n\u0131z? Mezopotamya k\u00fclt\u00fcr\u00fcndeki semboller R\u00f6nesans&#8217;\u0131 nas\u0131l etkiledi?Babil ve Asur \u0130mparatorluklar\u0131 d\u00f6neminde y\u0131ld\u0131zlar\u0131 okumak ne anlama geliyordu? Mezopotamya&#8217;daki mitolojik anlat\u0131lardan hermetik yorumlara uzanan sembollerin gizli mesajlar\u0131 aras\u0131nda neler var? G\u00fcn\u00fcm\u00fczde astroloji, bireyin geli\u015fimine ve ya\u015fam yolculu\u011funa ayna tutmak i\u00e7in kullan\u0131l\u0131r. Asl\u0131nda modern astrolojinin k\u00f6kleri, bireylerle de\u011fil devletle ve krallarla ilgilenen Babil kehanet bilimine dayan\u0131r. Bu bilginin Mezopotamya&#8217;dan M\u0131s\u0131r&#8217;a, oradan Floransa&#8217;ya ve hermetik gelene\u011fe uzanan y\u00fczy\u0131ll\u0131k yolculu\u011funun izini s\u00fcren Michael Baigent, erken Babil d\u00f6neminin kozmolojik yakla\u015f\u0131mlar\u0131n\u0131n Cosimo de Medici, Marsilio Ficino ve Botticelli gibi \u00f6nc\u00fc isimleri etkileyerek R\u00f6nesans&#8217;ta nas\u0131l \u00f6nemli bir rol oynad\u0131\u011f\u0131n\u0131 ortaya koyuyor. Bu kitab\u0131 haz\u0131rlarken, Asur Devleti H\u00fck\u00fcmdar\u0131 Asurbanipal taraf\u0131ndan M.\u00d6. 625 y\u0131l\u0131nda kurulan Ninova K\u00fct\u00fcphanesi&#8217;nden g\u00fcn\u00fcm\u00fcze ula\u015fan tabletlerden ve bir\u00e7ok eski kayna\u011f\u0131n \u00e7evirilerinden yararlanan Michael Baigent, modern astrolojinin Babil&#8217;in kehanet bilimine dek uzanan gizli hazinelerini okurla payla\u015f\u0131yor. S\u00fcmerler i\u00e7in Nanna, Akadlar i\u00e7in Sin olan Ay Tanr\u0131s\u0131, astral y\u00fcce varl\u0131klar\u0131n lideri olarak kalmaya devam etmi\u015ftir. Bu tanr\u0131, S\u00fcmerlerin ilk zamanlar\u0131ndan beri son derece \u00f6nemli g\u00f6r\u00fclm\u00fc\u015ft\u00fcr ve tanr\u0131sal ikizler olan G\u00fcne\u015f\u2019in ve Ven\u00fcs\u2019\u00fcn babas\u0131 olarak kabul edilmi\u015ftir. G\u00f6ksel hiyerar\u015fiyle ilgili bu g\u00f6r\u00fc\u015f, g\u00fcn\u00fcn geceden, G\u00fcne\u015f\u2019in Ay\u2019dan ve \u0131\u015f\u0131\u011f\u0131n karanl\u0131ktan t\u00fcredi\u011fini \u00f6ne s\u00fcren antik yakla\u015f\u0131mlarla uyum i\u00e7indedir. <\/p>\n","protected":false},"excerpt":{"rendered":"<p>S\u0131rlarla Dolu Bu Hazineyi Ke\u015ffetmeye Haz\u0131r m\u0131s\u0131n\u0131z? Mezopotamya k\u00fclt\u00fcr\u00fcndeki semboller R\u00f6nesans&#8217;\u0131 nas\u0131l etkiledi?Babil ve Asur \u0130mparatorluklar\u0131 d\u00f6neminde y\u0131ld\u0131zlar\u0131 okumak ne anlama geliyordu? Mezopotamya&#8217;daki mitolojik anlat\u0131lardan hermetik<span class=\"excerpt-hellip\"> [\u2026]<\/span><\/p>\n","protected":false},"featured_media":0,"template":"","meta":{"_monsterinsights_skip_tracking":false,"_monsterinsights_sitenote_active":false,"_monsterinsights_sitenote_note":"","_monsterinsights_sitenote_category":0},"product_brand":[],"product_cat":[19840,12364],"product_tag":[],"class_list":{"0":"post-750715","1":"product","2":"type-product","3":"status-publish","5":"product_cat-astroloji","6":"product_cat-genel-konular","7":"pa_cilt-ciltsiz","8":"pa_tur-kitap","9":"pa_yayinevi-omega","10":"pa_yazar-michael-baigent","12":"first","13":"instock","14":"sale","15":"shipping-taxable","16":"purchasable","17":"product-type-simple"},"_links":{"self":[{"href":"https:\/\/roveyayinevi.com.tr\/index.php\/wp-json\/wp\/v2\/product\/750715","targetHints":{"allow":["GET"]}}],"collection":[{"href":"https:\/\/roveyayinevi.com.tr\/index.php\/wp-json\/wp\/v2\/product"}],"about":[{"href":"https:\/\/roveyayinevi.com.tr\/index.php\/wp-json\/wp\/v2\/types\/product"}],"wp:attachment":[{"href":"https:\/\/roveyayinevi.com.tr\/index.php\/wp-json\/wp\/v2\/media?parent=750715"}],"wp:term":[{"taxonomy":"product_brand","embeddable":true,"href":"https:\/\/roveyayinevi.com.tr\/index.php\/wp-json\/wp\/v2\/product_brand?post=750715"},{"taxonomy":"product_cat","embeddable":true,"href":"https:\/\/roveyayinevi.com.tr\/index.php\/wp-json\/wp\/v2\/product_cat?post=750715"},{"taxonomy":"product_tag","embeddable":true,"href":"https:\/\/roveyayinevi.com.tr\/index.php\/wp-json\/wp\/v2\/product_tag?post=750715"}],"curies":[{"name":"wp","href":"https:\/\/api.w.org\/{rel}","templated":true}]}}