{"id":750713,"date":"2025-08-28T04:28:21","date_gmt":"2025-08-28T01:28:21","guid":{"rendered":"https:\/\/roveyayinevi.com.tr\/index.php\/urun\/1947-basinina-gore-turkiyede-iktidar-muhalefet-iliskileri\/"},"modified":"2026-04-16T03:03:58","modified_gmt":"2026-04-16T00:03:58","slug":"1947-basinina-gore-turkiyede-iktidar-muhalefet-iliskileri","status":"publish","type":"product","link":"https:\/\/roveyayinevi.com.tr\/index.php\/urun\/1947-basinina-gore-turkiyede-iktidar-muhalefet-iliskileri\/","title":{"rendered":"1947 Bas\u0131n\u0131na G\u00f6re T\u00fcrkiye&#8217;de \u0130ktidar-Muhalefet \u0130li\u015fkileri"},"content":{"rendered":"<p>1947 Bas\u0131n\u0131na G\u00f6re T\u00fcrkiye&#8217;de \u0130ktidar-Muhalefet \u0130li\u015fkileri <\/p>\n","protected":false},"excerpt":{"rendered":"<p>1947 Bas\u0131n\u0131na G\u00f6re T\u00fcrkiye&#8217;de \u0130ktidar-Muhalefet \u0130li\u015fkileri<\/p>\n","protected":false},"featured_media":0,"template":"","meta":{"_monsterinsights_skip_tracking":false,"_monsterinsights_sitenote_active":false,"_monsterinsights_sitenote_note":"","_monsterinsights_sitenote_category":0},"product_brand":[],"product_cat":[12573,12566],"product_tag":[],"class_list":{"0":"post-750713","1":"product","2":"type-product","3":"status-publish","5":"product_cat-akademik-kitaplar","6":"product_cat-egitim","7":"pa_cilt-ciltsiz","8":"pa_tur-kitap","9":"pa_yayinevi-soncag-akademik-kitaplar","10":"pa_yazar-bahar-senturk-acar","12":"first","13":"instock","14":"sale","15":"shipping-taxable","16":"purchasable","17":"product-type-simple"},"_links":{"self":[{"href":"https:\/\/roveyayinevi.com.tr\/index.php\/wp-json\/wp\/v2\/product\/750713","targetHints":{"allow":["GET"]}}],"collection":[{"href":"https:\/\/roveyayinevi.com.tr\/index.php\/wp-json\/wp\/v2\/product"}],"about":[{"href":"https:\/\/roveyayinevi.com.tr\/index.php\/wp-json\/wp\/v2\/types\/product"}],"wp:attachment":[{"href":"https:\/\/roveyayinevi.com.tr\/index.php\/wp-json\/wp\/v2\/media?parent=750713"}],"wp:term":[{"taxonomy":"product_brand","embeddable":true,"href":"https:\/\/roveyayinevi.com.tr\/index.php\/wp-json\/wp\/v2\/product_brand?post=750713"},{"taxonomy":"product_cat","embeddable":true,"href":"https:\/\/roveyayinevi.com.tr\/index.php\/wp-json\/wp\/v2\/product_cat?post=750713"},{"taxonomy":"product_tag","embeddable":true,"href":"https:\/\/roveyayinevi.com.tr\/index.php\/wp-json\/wp\/v2\/product_tag?post=750713"}],"curies":[{"name":"wp","href":"https:\/\/api.w.org\/{rel}","templated":true}]}}