{"id":750712,"date":"2025-08-28T04:28:19","date_gmt":"2025-08-28T01:28:19","guid":{"rendered":"https:\/\/roveyayinevi.com.tr\/index.php\/urun\/bes-yildizli-tefekkur\/"},"modified":"2026-04-16T03:03:58","modified_gmt":"2026-04-16T00:03:58","slug":"bes-yildizli-tefekkur","status":"publish","type":"product","link":"https:\/\/roveyayinevi.com.tr\/index.php\/urun\/bes-yildizli-tefekkur\/","title":{"rendered":"Be\u015f Y\u0131ld\u0131zl\u0131 Tefekk\u00fcr"},"content":{"rendered":"<p>H\u00e2limi terc\u00fcme edecek olursam ya da hayat hik\u00e2yemi k\u0131saca belirtecek olursam, akl\u0131ma \u015funlar geliyor: 1965 y\u0131l\u0131nda do\u011fdum. Do\u011fdu\u011fum yeri soracak olursan\u0131z hemen s\u00f6yleyeyim: Pazarc\u0131k. Kahramanmara\u015f\u2019\u0131n \u015firin bir il\u00e7esi. Pazarc\u0131k\u2019a, Kahramanmara\u015f\u2019tan gelmi\u015fiz. Asl\u0131m\u0131z Kahramanmara\u015f\u2019l\u0131d\u0131r. Sandalzade olarak bilinen bir aileye mensubum. Annem Besni\u2019lidir. 9 karde\u015fin be\u015fincisiyim. Annemin ismi Meryem, Babam\u0131n ismi Mehmet. Karde\u015flerimin isimleri Hasan, Ali, Ay\u015fe, Osman, Hayriye, Hac\u0131, Kadriye ve Rabia. Rabia ismini ben 14 ya\u015f\u0131nda iken do\u011fan Bac\u0131m i\u00e7in verdim.    Can\u0131m Babam ge\u00e7imini Marangozlukla sa\u011flard\u0131. Elinden emektar bir ki\u015fiydi. Hayat\u0131 boyunca hep \u00e7al\u0131\u015farak ya\u015fad\u0131. Can\u0131m Annem ev han\u0131m\u0131yd\u0131. Bir\u00e7ok Anadolu kad\u0131n\u0131 gibi \u00e7ileli bir hayat ya\u015fad\u0131. Annem 2007 y\u0131l\u0131nda, Babam 2022 y\u0131l\u0131nda vefat etti. Allah (cc) c\u00fcmlesine rahmet eylesin. Babam gibi Ben de el zanaatlar\u0131yla ilgilenmeyi ve marangozluk mesle\u011finde \u00fcr\u00fcnler \u00fcretmeyi \u00e7ok isterdim. Ancak, elim el zanaatk\u00e2rl\u0131\u011f\u0131na yatk\u0131n de\u011fil. Zanaatk\u00e2r olamad\u0131\u011f\u0131m\u0131z i\u00e7in okuduk. Pazarc\u0131k Lisesi\u2019nden sonra Ankara \u00dcniversitesi Siyasal Bilgiler Fak\u00fcltesini bitirdim. \u015eiire 13 ya\u015f\u0131nda ba\u015flad\u0131m. Ortaokul, lise, \u00fcniversite y\u0131llar\u0131nda \u00e7ok \u015fiir yazd\u0131m. 1987 y\u0131l\u0131nda memuriyete ba\u015flay\u0131nca biraz mola vereyim dedim. Bu mola uzun s\u00fcrd\u00fc. Yazmaya tekrar 2000\u2019li y\u0131llardan sonra ba\u015flad\u0131m. Bu tarihten sonra edebiyat alan\u0131ndaki \u00e7aba ve \u00e7al\u0131\u015fmalar\u0131m\u0131 art\u0131rd\u0131m. 2006 y\u0131l\u0131ndan bug\u00fcne 20\u2019den fazla kitap yay\u0131nlamak k\u0131smet oldu. Elhamd\u00fclillah.    Ayr\u0131ca, fertlerde i\u00e7sel geli\u015fim ve ruhi olgunluk sa\u011flayacak g\u00f6r\u00fc\u015f ve d\u00fc\u015f\u00fcncelerimi de \u00e7e\u015fitli yay\u0131n vas\u0131talar\u0131yla topluma aktard\u0131m. Kamu y\u00f6netiminin geli\u015ftirilmesi, adil idare, ahlakl\u0131 nesil meydana getirme, ailenin g\u00fc\u00e7lendirilmesi, temiz ve g\u00fczel \u00e7evrede ya\u015famak i\u00e7in gerekli olan \u015fartlar hususunda da eserler, \u00e7al\u0131\u015fmalar ger\u00e7ekle\u015ftirdim. Elhamd\u00fclillah, bu do\u011frultuda bir\u00e7ok kitap yay\u0131nlad\u0131\u011f\u0131m gibi, makale ve k\u00f6\u015fe yaz\u0131s\u0131 da yazd\u0131m. Onlarca seminer ve konferans sundum. Yukar\u0131da da belirttim. Edebiyat ve \u015fiir konusunda, ta \u00e7ocukluk y\u0131llar\u0131ma giden ilgi ve sevgim vard\u0131r. Fikir, d\u00fc\u015f\u00fcnce, g\u00f6zlem ve tecr\u00fcbelerimi 555 ba\u015fl\u0131kta anlatt\u0131\u011f\u0131m elinizdeki bu kitaptan sonra in\u015fallah bir \u015fiir kitab\u0131 daha yay\u0131nlayaca\u011f\u0131m.   Evliyim. Mehmet, Ebru Nur ve Abdurrahman Taha isminde \u00fc\u00e7 \u00e7ocuk babas\u0131y\u0131m. Ahmed Fuad ve Zeynep Ebrar isminde iki torunum var. Ma\u015fallah.   Y\u00fcre\u011fimden kaynaklanan duygular\u0131, akl\u0131mdan yay\u0131lan d\u00fc\u015f\u00fcnceleri sizlere bu kitapta sunmaktaki maksad\u0131m, sizin de y\u00fcreklerinizde ho\u015fluk ve ak\u0131llar\u0131n\u0131zda ayd\u0131nl\u0131k meydana getirebilmektir. Kendi y\u00fcre\u011fim ile akl\u0131m\u0131 da ho\u015f duygulara ve ayd\u0131nl\u0131k fikirlere her daim muhta\u00e7 bilirim. <\/p>\n","protected":false},"excerpt":{"rendered":"<p>H\u00e2limi terc\u00fcme edecek olursam ya da hayat hik\u00e2yemi k\u0131saca belirtecek olursam, akl\u0131ma \u015funlar geliyor: 1965 y\u0131l\u0131nda do\u011fdum. Do\u011fdu\u011fum yeri soracak olursan\u0131z hemen s\u00f6yleyeyim: Pazarc\u0131k. Kahramanmara\u015f\u2019\u0131n \u015firin<span class=\"excerpt-hellip\"> [\u2026]<\/span><\/p>\n","protected":false},"featured_media":0,"template":"","meta":{"_monsterinsights_skip_tracking":false,"_monsterinsights_sitenote_active":false,"_monsterinsights_sitenote_note":"","_monsterinsights_sitenote_category":0},"product_brand":[],"product_cat":[12777,12291],"product_tag":[],"class_list":{"0":"post-750712","1":"product","2":"type-product","3":"status-publish","5":"product_cat-deneme","6":"product_cat-edebiyat","7":"pa_cilt-ciltsiz","8":"pa_tur-kitap","9":"pa_yayinevi-gulnar-yayinlari","10":"pa_yazar-ahmet-sandal","12":"first","13":"instock","14":"sale","15":"shipping-taxable","16":"purchasable","17":"product-type-simple"},"_links":{"self":[{"href":"https:\/\/roveyayinevi.com.tr\/index.php\/wp-json\/wp\/v2\/product\/750712","targetHints":{"allow":["GET"]}}],"collection":[{"href":"https:\/\/roveyayinevi.com.tr\/index.php\/wp-json\/wp\/v2\/product"}],"about":[{"href":"https:\/\/roveyayinevi.com.tr\/index.php\/wp-json\/wp\/v2\/types\/product"}],"wp:attachment":[{"href":"https:\/\/roveyayinevi.com.tr\/index.php\/wp-json\/wp\/v2\/media?parent=750712"}],"wp:term":[{"taxonomy":"product_brand","embeddable":true,"href":"https:\/\/roveyayinevi.com.tr\/index.php\/wp-json\/wp\/v2\/product_brand?post=750712"},{"taxonomy":"product_cat","embeddable":true,"href":"https:\/\/roveyayinevi.com.tr\/index.php\/wp-json\/wp\/v2\/product_cat?post=750712"},{"taxonomy":"product_tag","embeddable":true,"href":"https:\/\/roveyayinevi.com.tr\/index.php\/wp-json\/wp\/v2\/product_tag?post=750712"}],"curies":[{"name":"wp","href":"https:\/\/api.w.org\/{rel}","templated":true}]}}