{"id":750710,"date":"2025-08-28T04:28:15","date_gmt":"2025-08-28T01:28:15","guid":{"rendered":"https:\/\/roveyayinevi.com.tr\/index.php\/urun\/evrentitresimharflersayilaresmaul-husna\/"},"modified":"2026-04-16T03:03:58","modified_gmt":"2026-04-16T00:03:58","slug":"evrentitresimharflersayilaresmaul-husna","status":"publish","type":"product","link":"https:\/\/roveyayinevi.com.tr\/index.php\/urun\/evrentitresimharflersayilaresmaul-husna\/","title":{"rendered":"Evren=Titre\u015fim=Harfler=Say\u0131lar=Esma\u00fcl H\u00fcsna"},"content":{"rendered":"<p>D\u00e2vud Aleyhissel\u00e2m\u2019\u0131n da\u011flara ve ku\u015flara teshir etmesindeki s\u0131r&#8230; S\u00fcleyman Aleyhissel\u00e2m\u2019\u0131n s\u0131rr\u0131 ise&#8230;   Harfler, enerji karakterlerine g\u00f6re \u201cbir ilimle\u201d birle\u015ftirildi\u011finde anlam\u0131na pararel enerjiler ta\u015f\u0131yan kelimeler; bu kelimeler \u201cbir ilimle\u201d birle\u015ftirildi\u011finde ise olaylar\u0131n enerjisini ta\u015f\u0131yan c\u00fcmleler ortaya \u00e7\u0131kar. Dolay\u0131s\u0131yla bu kelimelerin veya c\u00fcmlelerin \u201cbir ilimle\u201d do\u011fru say\u0131da tekrarl\u0131 okunmas\u0131, o kelime veya c\u00fcmlelerin anlamlar\u0131na pararel   enerjileri \u00e7eker; bu enerjiler ise  olaylar\u0131 etkiler.   \u0130nsan\u0131n DNA\u2019s\u0131n\u0131 olu\u015fturan Adenin, Timin, Guanin ve Sitozin farkl\u0131 harflerin &#8211; \u0130simlerin tecellisidir. Bitki ve hayvan t\u00fcrleri kusursuz     birle\u015fimde Esm\u00e2 terkipleridir.   Planetler yayd\u0131klar\u0131 titre\u015fimlerle insan beyni ve auras\u0131 \u00fczerinde \u201ck\u0131sa s\u00fcreli ve de\u011fi\u015fken\u201d zorlama rezonans etkisi olu\u015fturulan g\u00f6kteki Rahm\u00e2n\u00ee baz istasyonlar\u0131d\u0131r.   <\/p>\n","protected":false},"excerpt":{"rendered":"<p>D\u00e2vud Aleyhissel\u00e2m\u2019\u0131n da\u011flara ve ku\u015flara teshir etmesindeki s\u0131r&#8230; S\u00fcleyman Aleyhissel\u00e2m\u2019\u0131n s\u0131rr\u0131 ise&#8230; Harfler, enerji karakterlerine g\u00f6re \u201cbir ilimle\u201d birle\u015ftirildi\u011finde anlam\u0131na pararel enerjiler ta\u015f\u0131yan kelimeler; bu kelimeler<span class=\"excerpt-hellip\"> [\u2026]<\/span><\/p>\n","protected":false},"featured_media":0,"template":"","meta":{"_monsterinsights_skip_tracking":false,"_monsterinsights_sitenote_active":false,"_monsterinsights_sitenote_note":"","_monsterinsights_sitenote_category":0},"product_brand":[],"product_cat":[13036,12718,12719],"product_tag":[],"class_list":{"0":"post-750710","1":"product","2":"type-product","3":"status-publish","5":"product_cat-arastirma-inceleme-islam","6":"product_cat-din","7":"product_cat-islam","8":"pa_cilt-ciltsiz","9":"pa_tur-kitap","10":"pa_yayinevi-gulnar-yayinlari","11":"pa_yazar-muhammed-sadi","13":"first","14":"instock","15":"sale","16":"shipping-taxable","17":"purchasable","18":"product-type-simple"},"_links":{"self":[{"href":"https:\/\/roveyayinevi.com.tr\/index.php\/wp-json\/wp\/v2\/product\/750710","targetHints":{"allow":["GET"]}}],"collection":[{"href":"https:\/\/roveyayinevi.com.tr\/index.php\/wp-json\/wp\/v2\/product"}],"about":[{"href":"https:\/\/roveyayinevi.com.tr\/index.php\/wp-json\/wp\/v2\/types\/product"}],"wp:attachment":[{"href":"https:\/\/roveyayinevi.com.tr\/index.php\/wp-json\/wp\/v2\/media?parent=750710"}],"wp:term":[{"taxonomy":"product_brand","embeddable":true,"href":"https:\/\/roveyayinevi.com.tr\/index.php\/wp-json\/wp\/v2\/product_brand?post=750710"},{"taxonomy":"product_cat","embeddable":true,"href":"https:\/\/roveyayinevi.com.tr\/index.php\/wp-json\/wp\/v2\/product_cat?post=750710"},{"taxonomy":"product_tag","embeddable":true,"href":"https:\/\/roveyayinevi.com.tr\/index.php\/wp-json\/wp\/v2\/product_tag?post=750710"}],"curies":[{"name":"wp","href":"https:\/\/api.w.org\/{rel}","templated":true}]}}