{"id":750706,"date":"2025-08-28T04:28:10","date_gmt":"2025-08-28T01:28:10","guid":{"rendered":"https:\/\/roveyayinevi.com.tr\/index.php\/urun\/ataturk-donemi-turkiyesinde-tehdit-algilamalari\/"},"modified":"2026-04-16T03:03:58","modified_gmt":"2026-04-16T00:03:58","slug":"ataturk-donemi-turkiyesinde-tehdit-algilamalari","status":"publish","type":"product","link":"https:\/\/roveyayinevi.com.tr\/index.php\/urun\/ataturk-donemi-turkiyesinde-tehdit-algilamalari\/","title":{"rendered":"Atat\u00fcrk D\u00f6nemi T\u00fcrkiye&#8217;sinde Tehdit Alg\u0131lamalar\u0131"},"content":{"rendered":"<p>Bu kitap; doktora e\u011fitimi s\u00fcreci i\u00e7inde T\u00fcrkiye Cumhuriyeti Devleti\u2019nin, 1923-1938 y\u0131llar\u0131 aras\u0131 d\u00f6nemi ulusal g\u00fcvenlik siyasetini, farkl\u0131 bir bak\u0131\u015f a\u00e7\u0131s\u0131yla analiz etme heyecan\u0131 ile ortaya \u00e7\u0131km\u0131\u015ft\u0131r. <\/p>\n","protected":false},"excerpt":{"rendered":"<p>Bu kitap; doktora e\u011fitimi s\u00fcreci i\u00e7inde T\u00fcrkiye Cumhuriyeti Devleti\u2019nin, 1923-1938 y\u0131llar\u0131 aras\u0131 d\u00f6nemi ulusal g\u00fcvenlik siyasetini, farkl\u0131 bir bak\u0131\u015f a\u00e7\u0131s\u0131yla analiz etme heyecan\u0131 ile ortaya \u00e7\u0131km\u0131\u015ft\u0131r.<\/p>\n","protected":false},"featured_media":0,"template":"","meta":{"_monsterinsights_skip_tracking":false,"_monsterinsights_sitenote_active":false,"_monsterinsights_sitenote_note":"","_monsterinsights_sitenote_category":0},"product_brand":[],"product_cat":[12370,12304],"product_tag":[],"class_list":{"0":"post-750706","1":"product","2":"type-product","3":"status-publish","5":"product_cat-arastirma-inceleme","6":"product_cat-tarih","7":"pa_cilt-ciltsiz","8":"pa_tur-kitap","9":"pa_yayinevi-baris-kitap","10":"pa_yazar-ali-sahin-isleyen","12":"first","13":"instock","14":"sale","15":"shipping-taxable","16":"purchasable","17":"product-type-simple"},"_links":{"self":[{"href":"https:\/\/roveyayinevi.com.tr\/index.php\/wp-json\/wp\/v2\/product\/750706","targetHints":{"allow":["GET"]}}],"collection":[{"href":"https:\/\/roveyayinevi.com.tr\/index.php\/wp-json\/wp\/v2\/product"}],"about":[{"href":"https:\/\/roveyayinevi.com.tr\/index.php\/wp-json\/wp\/v2\/types\/product"}],"wp:attachment":[{"href":"https:\/\/roveyayinevi.com.tr\/index.php\/wp-json\/wp\/v2\/media?parent=750706"}],"wp:term":[{"taxonomy":"product_brand","embeddable":true,"href":"https:\/\/roveyayinevi.com.tr\/index.php\/wp-json\/wp\/v2\/product_brand?post=750706"},{"taxonomy":"product_cat","embeddable":true,"href":"https:\/\/roveyayinevi.com.tr\/index.php\/wp-json\/wp\/v2\/product_cat?post=750706"},{"taxonomy":"product_tag","embeddable":true,"href":"https:\/\/roveyayinevi.com.tr\/index.php\/wp-json\/wp\/v2\/product_tag?post=750706"}],"curies":[{"name":"wp","href":"https:\/\/api.w.org\/{rel}","templated":true}]}}