{"id":750705,"date":"2025-08-28T04:28:08","date_gmt":"2025-08-28T01:28:08","guid":{"rendered":"https:\/\/roveyayinevi.com.tr\/index.php\/urun\/tolkien-evreninden-yemek-tarifleri-ciltli\/"},"modified":"2026-03-28T03:06:32","modified_gmt":"2026-03-28T00:06:32","slug":"tolkien-evreninden-yemek-tarifleri-ciltli","status":"publish","type":"product","link":"https:\/\/roveyayinevi.com.tr\/index.php\/urun\/tolkien-evreninden-yemek-tarifleri-ciltli\/","title":{"rendered":"Tolkien Evreni\u2019nden Yemek Tarifleri (Ciltli)"},"content":{"rendered":"<p>LEMBAS EKME\u011e\u0130N\u0130N, TIKMANIN VEYA BEORN\u2019UN BALLI KEKLER\u0130N\u0130N TADININ NEYE BENZED\u0130\u011e\u0130N\u0130 H\u0130\u00c7 MERAK ETT\u0130N\u0130Z M\u0130?   \u00c7UKUR\u00c7AY USUL\u00dc ELMALI EKMEK\u2019ten P\u0130PP\u0130N\u2019\u0130N M\u0130NAS T\u0130R\u0130TH \u00d6\u011eLE YEME\u011e\u0130\u2019ne kadar ve BREND\u0130BADES\u0130 USUL\u00dc BALIK TURTASI\u2019ndan C\u00dcCE USUL\u00dc BAHARATLI PANCAR TUR\u015eUSUNA, BATI D\u0130RHEM USUL\u00dc TATLI B\u0130SK\u00dcV\u0130 ve BEORN\u2019UN \u00c7\u0130FTE FIRINLANMI\u015e KEKLER\u0130\u2019ne kadar, Tolkien Evreni\u2019nden Yemek Tarifleri sizi Orta D\u00fcnya\u2019da bir geziye \u00e7\u0131karacak, tat al\u0131c\u0131lar\u0131n\u0131za ve hayal g\u00fcc\u00fcn\u00fcze b\u00fcy\u00fck ikramlarda bulunacak olan 75\u2019ten fazla i\u015ftah kabart\u0131c\u0131 yemek tarifi i\u00e7erir.   Yerlerinden ve karakterlerinden esinlenilmi\u015f yemek tarifleriyle kendinizi Tolkien\u2019in destans\u0131 fantezi d\u00fcnyas\u0131na kapt\u0131r\u0131n ve hem orklara hem de elflere hitap eden bir ziyafet haz\u0131rlay\u0131n. <\/p>\n","protected":false},"excerpt":{"rendered":"<p>LEMBAS EKME\u011e\u0130N\u0130N, TIKMANIN VEYA BEORN\u2019UN BALLI KEKLER\u0130N\u0130N TADININ NEYE BENZED\u0130\u011e\u0130N\u0130 H\u0130\u00c7 MERAK ETT\u0130N\u0130Z M\u0130? \u00c7UKUR\u00c7AY USUL\u00dc ELMALI EKMEK\u2019ten P\u0130PP\u0130N\u2019\u0130N M\u0130NAS T\u0130R\u0130TH \u00d6\u011eLE YEME\u011e\u0130\u2019ne kadar ve BREND\u0130BADES\u0130<span class=\"excerpt-hellip\"> [\u2026]<\/span><\/p>\n","protected":false},"featured_media":0,"template":"","meta":{"_monsterinsights_skip_tracking":false,"_monsterinsights_sitenote_active":false,"_monsterinsights_sitenote_note":"","_monsterinsights_sitenote_category":0},"product_brand":[],"product_cat":[12291,14777],"product_tag":[],"class_list":{"0":"post-750705","1":"product","2":"type-product","3":"status-publish","5":"product_cat-edebiyat","6":"product_cat-fantastik","7":"pa_cilt-ciltli","8":"pa_tur-kitap","9":"pa_yayinevi-marti-yayinlari","10":"pa_yazar-robert-tuesley-anderson","12":"first","13":"instock","14":"sale","15":"shipping-taxable","16":"purchasable","17":"product-type-simple"},"_links":{"self":[{"href":"https:\/\/roveyayinevi.com.tr\/index.php\/wp-json\/wp\/v2\/product\/750705","targetHints":{"allow":["GET"]}}],"collection":[{"href":"https:\/\/roveyayinevi.com.tr\/index.php\/wp-json\/wp\/v2\/product"}],"about":[{"href":"https:\/\/roveyayinevi.com.tr\/index.php\/wp-json\/wp\/v2\/types\/product"}],"wp:attachment":[{"href":"https:\/\/roveyayinevi.com.tr\/index.php\/wp-json\/wp\/v2\/media?parent=750705"}],"wp:term":[{"taxonomy":"product_brand","embeddable":true,"href":"https:\/\/roveyayinevi.com.tr\/index.php\/wp-json\/wp\/v2\/product_brand?post=750705"},{"taxonomy":"product_cat","embeddable":true,"href":"https:\/\/roveyayinevi.com.tr\/index.php\/wp-json\/wp\/v2\/product_cat?post=750705"},{"taxonomy":"product_tag","embeddable":true,"href":"https:\/\/roveyayinevi.com.tr\/index.php\/wp-json\/wp\/v2\/product_tag?post=750705"}],"curies":[{"name":"wp","href":"https:\/\/api.w.org\/{rel}","templated":true}]}}