{"id":750699,"date":"2025-08-28T04:27:56","date_gmt":"2025-08-28T01:27:56","guid":{"rendered":"https:\/\/roveyayinevi.com.tr\/index.php\/urun\/kasirga-kertenkelesi-ve-plastik-kalamar\/"},"modified":"2026-04-16T03:03:58","modified_gmt":"2026-04-16T00:03:58","slug":"kasirga-kertenkelesi-ve-plastik-kalamar","status":"publish","type":"product","link":"https:\/\/roveyayinevi.com.tr\/index.php\/urun\/kasirga-kertenkelesi-ve-plastik-kalamar\/","title":{"rendered":"Kas\u0131rga Kertenkelesi ve Plastik Kalamar"},"content":{"rendered":"<p>\u0130klim de\u011fi\u015fikli\u011fi evrimi nas\u0131l y\u00f6nlendiriyor?   Kas\u0131rga Kertenkelesi ve Plastik Kalamar\u2019da Hanson, bitkilerin ve hayvanlar\u0131n iklime nas\u0131l tepki verdiklerinin, de\u011fi\u015fen ko\u015fullar kar\u015f\u0131s\u0131nda nas\u0131l uyum sa\u011flad\u0131klar\u0131n\u0131n, evrim ge\u00e7irdiklerinin ve bazen de nas\u0131l yok olup gittiklerinin b\u00fcy\u00fcleyici hik\u00e2yesini anlat\u0131yor. Anole kertenkelelerinin ya\u015fad\u0131klar\u0131 b\u00f6lgede s\u0131k s\u0131k ger\u00e7ekle\u015fen kas\u0131rgalara dayanabilmek i\u00e7in daha geni\u015f ayak tabanlar\u0131 geli\u015ftirmeleri; \u0131s\u0131nan sular y\u00fcz\u00fcnden Humboldt kalamarlar\u0131nda g\u00f6r\u00fclen b\u00fcy\u00fck de\u011fi\u015fimlerin bal\u0131k\u00e7\u0131lar\u0131 onlar\u0131 ba\u015fka bir t\u00fcr sanacaklar\u0131 kadar yan\u0131ltmas\u0131 ya da daha serin yuvalar bulabilmek i\u00e7in kahverengi pelikanlar\u0131n kuzeye, uzun dikenli denizkestanelerinin ise g\u00fcneye g\u00f6\u00e7 etmeleri gibi \u00e7arp\u0131c\u0131 \u00f6rneklerle iklim de\u011fi\u015fikli\u011finin etkilerini g\u00f6zler \u00f6n\u00fcne seriyor.    Bu kitap, umut, dayan\u0131kl\u0131l\u0131k ve riskin hik\u00e2yesi; ayn\u0131 zamanda hayat\u0131n karma\u015fas\u0131yla i\u00e7 i\u00e7e haldeki iklim de\u011fi\u015fikli\u011finin ne kadar \u00f6ng\u00f6r\u00fclemez olabilece\u011finin de bir hat\u0131rlat\u0131c\u0131s\u0131.   \u201cKendi deneyimlerini de katt\u0131\u011f\u0131 ileri g\u00f6r\u00fc\u015fl\u00fc yakla\u015f\u0131m\u0131yla Hanson, okurlar\u0131n iklim de\u011fi\u015fikli\u011fi konusundaki merak\u0131n\u0131 art\u0131rmay\u0131 ama\u00e7l\u0131yor ve uygun \u015fekilde bilgilendirildiklerinde bu konuda harekete ge\u00e7meye mecbur hissedeceklerini umuyor.\u201d \u2014Science   \u201cD\u00fcnya\u2019n\u0131n bitki ve hayvan krall\u0131klar\u0131na yap\u0131lan harikulade ve s\u00fcr\u00fckleyici bir tur.\u201d \u2014Times\u201cHanson hem bir biliminsan\u0131n\u0131n do\u011fal merak\u0131na hem de mizah anlay\u0131\u015f\u0131na sahip, cana yak\u0131n bir rehber ve hik\u00e2ye anlat\u0131c\u0131s\u0131.\u201d  \u2014Jonathan Balcombe, Bal\u0131klar\u0131n Bildikleri\u2019nin yazar\u0131 <\/p>\n","protected":false},"excerpt":{"rendered":"<p>\u0130klim de\u011fi\u015fikli\u011fi evrimi nas\u0131l y\u00f6nlendiriyor? Kas\u0131rga Kertenkelesi ve Plastik Kalamar\u2019da Hanson, bitkilerin ve hayvanlar\u0131n iklime nas\u0131l tepki verdiklerinin, de\u011fi\u015fen ko\u015fullar kar\u015f\u0131s\u0131nda nas\u0131l uyum sa\u011flad\u0131klar\u0131n\u0131n, evrim ge\u00e7irdiklerinin<span class=\"excerpt-hellip\"> [\u2026]<\/span><\/p>\n","protected":false},"featured_media":0,"template":"","meta":{"_monsterinsights_skip_tracking":false,"_monsterinsights_sitenote_active":false,"_monsterinsights_sitenote_note":"","_monsterinsights_sitenote_category":0},"product_brand":[],"product_cat":[13005],"product_tag":[],"class_list":{"0":"post-750699","1":"product","2":"type-product","3":"status-publish","5":"product_cat-bilim-muhendislik","6":"pa_cilt-ciltsiz","7":"pa_tur-kitap","8":"pa_yayinevi-nova-kitap","9":"pa_yazar-thor-hanson","11":"first","12":"instock","13":"sale","14":"shipping-taxable","15":"purchasable","16":"product-type-simple"},"_links":{"self":[{"href":"https:\/\/roveyayinevi.com.tr\/index.php\/wp-json\/wp\/v2\/product\/750699","targetHints":{"allow":["GET"]}}],"collection":[{"href":"https:\/\/roveyayinevi.com.tr\/index.php\/wp-json\/wp\/v2\/product"}],"about":[{"href":"https:\/\/roveyayinevi.com.tr\/index.php\/wp-json\/wp\/v2\/types\/product"}],"wp:attachment":[{"href":"https:\/\/roveyayinevi.com.tr\/index.php\/wp-json\/wp\/v2\/media?parent=750699"}],"wp:term":[{"taxonomy":"product_brand","embeddable":true,"href":"https:\/\/roveyayinevi.com.tr\/index.php\/wp-json\/wp\/v2\/product_brand?post=750699"},{"taxonomy":"product_cat","embeddable":true,"href":"https:\/\/roveyayinevi.com.tr\/index.php\/wp-json\/wp\/v2\/product_cat?post=750699"},{"taxonomy":"product_tag","embeddable":true,"href":"https:\/\/roveyayinevi.com.tr\/index.php\/wp-json\/wp\/v2\/product_tag?post=750699"}],"curies":[{"name":"wp","href":"https:\/\/api.w.org\/{rel}","templated":true}]}}