{"id":750698,"date":"2025-08-28T04:27:54","date_gmt":"2025-08-28T01:27:54","guid":{"rendered":"https:\/\/roveyayinevi.com.tr\/index.php\/urun\/her-seyden-once-sen\/"},"modified":"2026-04-16T03:03:58","modified_gmt":"2026-04-16T00:03:58","slug":"her-seyden-once-sen","status":"publish","type":"product","link":"https:\/\/roveyayinevi.com.tr\/index.php\/urun\/her-seyden-once-sen\/","title":{"rendered":"Her \u015eeyden \u00d6nce Sen"},"content":{"rendered":"<p>Crystal yaral\u0131 bir kad\u0131nd\u0131. A\u015fk\u0131n ac\u0131dan ba\u015fka bir \u015fey getirmedi\u011fini uzun zaman \u00f6nce \u00f6\u011frenmi\u015fti. Yaral\u0131 kalbini herkesten korumaya \u00e7al\u0131\u015f\u0131yor, \u00f6zellikle de erkeklere asla g\u00fcvenmiyordu. \u00c7\u00fcnk\u00fc bug\u00fcne dek tan\u0131\u015ft\u0131\u011f\u0131 herkes ya onu kullanm\u0131\u015f ya da ondan bir \u015fey alm\u0131\u015ft\u0131.   Ta ki Gabriel Dalton hayat\u0131na girene kadar. Ge\u00e7mi\u015fini saran o korkun\u00e7 karanl\u0131\u011fa ra\u011fmen Gabriel\u2019\u0131n i\u00e7indeki iyili\u011fi ink\u00e2r etmek m\u00fcmk\u00fcn de\u011fildi. Onun sessiz g\u00fcc\u00fc Crystal\u2019\u0131n sert kabu\u011funu k\u0131rm\u0131\u015f, o nazik sabr\u0131 bildi\u011fi her \u015feyi yeniden sorgulamas\u0131na neden olmu\u015ftu.   Belki de k\u0131r\u0131k bir kalbi tamir edebilecek tek \u015fey a\u015fkt\u0131.     \u201cKesinlikle b\u00fcy\u00fcleyici.\u015eahane yaz\u0131lm\u0131\u015f bir a\u015fk roman\u0131.\u201d \u2014Samantha Young   \u201cBa\u015fka Dilde A\u015fk\u2019\u0131 sevdiyseniz Her \u015eeyden \u00d6nce Sen\u2019e bay\u0131lacaks\u0131n\u0131z\u2026 Ger\u00e7ekten \u015fahane bir anlat\u0131m\u0131 var ve kendinizi \u00e2n\u0131nda hik\u00e2yenin i\u00e7inde buluyorsunuz.\u201d \u2014Aestas Book Blog   \u201c\u015eahane yaz\u0131lm\u0131\u015f ve kesinlikle e\u015fsiz. \u0130ki k\u0131rg\u0131n insan\u0131n y\u00fcreklere dokunan iyile\u015fme yolculu\u011fu.\u201d \u2014Natasha is a Book Junkie   \u201cBu roman\u0131n sizi hemen i\u00e7ine \u00e7ekece\u011fine hi\u00e7 \u015f\u00fcphe yok. Tam Mia Sheridan\u2019dan bekleyece\u011finiz gibi.\u201d \u2014Vilma Iris   \u201cBirbirine benzeyen iki yaral\u0131 ruhun umudu, arkada\u015fl\u0131\u011f\u0131 ve nihayet a\u015fk\u0131 bulu\u015funun m\u00fcthi\u015f hik\u00e2yesi.\u201d \u2014Washington Post   \u201cMia, yaral\u0131 iki insan\u0131n sa\u011flam kalan yanlar\u0131n\u0131 alm\u0131\u015f ve ko\u015fulsuz sevginin iyile\u015ftirici g\u00fcc\u00fcne dair duygusal bir hik\u00e2ye dokumu\u015f.\u201d \u2014JB Salsbury   \u201c\u0130\u00e7inizi s\u0131zlatacak, size ilham verecek ve kalbinize dokunacak.\u201d \u2014RT Book Reviews   \u201cHer \u015eeyden \u00d6nce Sen\u2019in her kelimesinden keyif ald\u0131m. Bu hik\u00e2ye i\u00e7imde sonsuza dek ya\u015fayacak.\u201d \u2014Corinne Michaels \u201cBu kitap sizi a\u015fk\u0131n her \u015feyi d\u00fczeltebilece\u011fine ve insanlar\u0131 iyile\u015ftirebilece\u011fine inand\u0131racak.\u201d \u2014K. Bromberg   \u201cMia\u2019n\u0131n, insan\u0131n akl\u0131n\u0131 ba\u015f\u0131ndan alan hassas ruhlu erkekler yazmas\u0131na bay\u0131l\u0131yorum.\u201d \u2014JB Salsbury   \u201cMia Sheridan \u00e7\u0131tay\u0131 ar\u015fa \u00e7\u0131karm\u0131\u015f.\u201d \u2014A.L. Jackson <\/p>\n","protected":false},"excerpt":{"rendered":"<p>Crystal yaral\u0131 bir kad\u0131nd\u0131. A\u015fk\u0131n ac\u0131dan ba\u015fka bir \u015fey getirmedi\u011fini uzun zaman \u00f6nce \u00f6\u011frenmi\u015fti. Yaral\u0131 kalbini herkesten korumaya \u00e7al\u0131\u015f\u0131yor, \u00f6zellikle de erkeklere asla g\u00fcvenmiyordu. \u00c7\u00fcnk\u00fc bug\u00fcne<span class=\"excerpt-hellip\"> [\u2026]<\/span><\/p>\n","protected":false},"featured_media":0,"template":"","meta":{"_monsterinsights_skip_tracking":false,"_monsterinsights_sitenote_active":false,"_monsterinsights_sitenote_note":"","_monsterinsights_sitenote_category":0},"product_brand":[],"product_cat":[12291,12711],"product_tag":[],"class_list":{"0":"post-750698","1":"product","2":"type-product","3":"status-publish","5":"product_cat-edebiyat","6":"product_cat-roman-oyku","7":"pa_cilt-ciltsiz","8":"pa_tur-kitap","9":"pa_yayinevi-yabanci-yayinevi","10":"pa_yazar-mia-sheridan","12":"first","13":"instock","14":"sale","15":"shipping-taxable","16":"purchasable","17":"product-type-simple"},"_links":{"self":[{"href":"https:\/\/roveyayinevi.com.tr\/index.php\/wp-json\/wp\/v2\/product\/750698","targetHints":{"allow":["GET"]}}],"collection":[{"href":"https:\/\/roveyayinevi.com.tr\/index.php\/wp-json\/wp\/v2\/product"}],"about":[{"href":"https:\/\/roveyayinevi.com.tr\/index.php\/wp-json\/wp\/v2\/types\/product"}],"wp:attachment":[{"href":"https:\/\/roveyayinevi.com.tr\/index.php\/wp-json\/wp\/v2\/media?parent=750698"}],"wp:term":[{"taxonomy":"product_brand","embeddable":true,"href":"https:\/\/roveyayinevi.com.tr\/index.php\/wp-json\/wp\/v2\/product_brand?post=750698"},{"taxonomy":"product_cat","embeddable":true,"href":"https:\/\/roveyayinevi.com.tr\/index.php\/wp-json\/wp\/v2\/product_cat?post=750698"},{"taxonomy":"product_tag","embeddable":true,"href":"https:\/\/roveyayinevi.com.tr\/index.php\/wp-json\/wp\/v2\/product_tag?post=750698"}],"curies":[{"name":"wp","href":"https:\/\/api.w.org\/{rel}","templated":true}]}}