{"id":750697,"date":"2025-08-28T04:27:54","date_gmt":"2025-08-28T01:27:54","guid":{"rendered":"https:\/\/roveyayinevi.com.tr\/index.php\/urun\/aile-modelleri-2\/"},"modified":"2026-04-16T03:03:58","modified_gmt":"2026-04-16T00:03:58","slug":"aile-modelleri-2","status":"publish","type":"product","link":"https:\/\/roveyayinevi.com.tr\/index.php\/urun\/aile-modelleri-2\/","title":{"rendered":"Aile Modelleri"},"content":{"rendered":"<p>Soyumuzdan bize aktar\u0131lan duygusal etkileri, davran\u0131\u015f kal\u0131plar\u0131n\u0131 hatta ya\u015fam bi\u00e7imlerini de sahiplendi\u011fimizin fark\u0131nda m\u0131y\u0131z? Aile modelleri kavram\u0131n\u0131n i\u00e7inde bir ailenin var olu\u015f bi\u00e7imi, k\u00fclt\u00fcr\u00fc, kad\u0131n ve erkek kimliklerine olan yakla\u015f\u0131mlar\u0131, dini inan\u0131\u015flar\u0131 hatta bat\u0131l inan\u0131\u015flar\u0131 da dahil bir\u00e7ok konu yer al\u0131r. Bunlar b\u00fcy\u00fck \u015feylerdir. Ancak bir de k\u00fc\u00e7\u00fck \u015feyler vard\u0131r. \u00c7ok k\u00fc\u00e7\u00fck\u2026 Her g\u00fcn olan, zaten hep olan \u015feyler. Bunlar \u00f6yle normalle\u015firler ki asl\u0131nda anormal olduklar\u0131n\u0131 hi\u00e7bir zaman fark etmeyiz oysa her biri hayat hikayemizde dramatik \u00f6nem ta\u015f\u0131r: \u201cBiz\u201d \u201cBen de\u2026\u201d \u201cAnnem de\u2026\u201d \u201cBabam y\u00fcz\u00fcnden\u2026\u201d \u201cAnnemle babam bize\u2026\u201d \u201cBabam bize daima \u2026 derdi.\u201d \u201cBen de b\u00f6yle biri olmak istiyorum.\u201d \u201cBabam pasifti; annem ise daima bask\u0131n biriydi.\u201d Meltem Reyhan, daha \u00f6nce yay\u0131mlad\u0131\u011f\u0131 R\u00fcya, S\u0131rlar Boh\u00e7as\u0131, Niyet Defteri, Para Ne S\u00f6yler Biz Ne Anlar\u0131z gibi \u00e7ok satan kitaplar\u0131nda oldu\u011fu gibi Aile Modelleri\u2019nde de hem hayat\u0131n gizemli dinamiklerini g\u00f6r\u00fcn\u00fcr k\u0131l\u0131yor hem de okurlar\u0131na kendi ya\u015famlar\u0131n\u0131n karanl\u0131k k\u00f6\u015felerini ayd\u0131nlatmalar\u0131 i\u00e7in farkl\u0131 bir perspektif sunuyor. 2021 y\u0131l\u0131nda bir cep kitab\u0131 olarak yay\u0131mlanan Aile Modelleri, geni\u015fletilmi\u015f i\u00e7eri\u011fi ve vaka \u00f6rneklerinin derlendi\u011fi yeni b\u00f6l\u00fcmleriyle bir kez daha okurlar\u0131yla bulu\u015fuyor. <\/p>\n","protected":false},"excerpt":{"rendered":"<p>Soyumuzdan bize aktar\u0131lan duygusal etkileri, davran\u0131\u015f kal\u0131plar\u0131n\u0131 hatta ya\u015fam bi\u00e7imlerini de sahiplendi\u011fimizin fark\u0131nda m\u0131y\u0131z? Aile modelleri kavram\u0131n\u0131n i\u00e7inde bir ailenin var olu\u015f bi\u00e7imi, k\u00fclt\u00fcr\u00fc, kad\u0131n ve<span class=\"excerpt-hellip\"> [\u2026]<\/span><\/p>\n","protected":false},"featured_media":0,"template":"","meta":{"_monsterinsights_skip_tracking":false,"_monsterinsights_sitenote_active":false,"_monsterinsights_sitenote_note":"","_monsterinsights_sitenote_category":0},"product_brand":[],"product_cat":[12364,12376],"product_tag":[],"class_list":{"0":"post-750697","1":"product","2":"type-product","3":"status-publish","5":"product_cat-genel-konular","6":"product_cat-kisisel-gelisim","7":"pa_cilt-ciltsiz","8":"pa_tur-kitap","9":"pa_yayinevi-muptela-yayinevi","10":"pa_yazar-meltem-reyhan","12":"first","13":"instock","14":"sale","15":"shipping-taxable","16":"purchasable","17":"product-type-simple"},"_links":{"self":[{"href":"https:\/\/roveyayinevi.com.tr\/index.php\/wp-json\/wp\/v2\/product\/750697","targetHints":{"allow":["GET"]}}],"collection":[{"href":"https:\/\/roveyayinevi.com.tr\/index.php\/wp-json\/wp\/v2\/product"}],"about":[{"href":"https:\/\/roveyayinevi.com.tr\/index.php\/wp-json\/wp\/v2\/types\/product"}],"wp:attachment":[{"href":"https:\/\/roveyayinevi.com.tr\/index.php\/wp-json\/wp\/v2\/media?parent=750697"}],"wp:term":[{"taxonomy":"product_brand","embeddable":true,"href":"https:\/\/roveyayinevi.com.tr\/index.php\/wp-json\/wp\/v2\/product_brand?post=750697"},{"taxonomy":"product_cat","embeddable":true,"href":"https:\/\/roveyayinevi.com.tr\/index.php\/wp-json\/wp\/v2\/product_cat?post=750697"},{"taxonomy":"product_tag","embeddable":true,"href":"https:\/\/roveyayinevi.com.tr\/index.php\/wp-json\/wp\/v2\/product_tag?post=750697"}],"curies":[{"name":"wp","href":"https:\/\/api.w.org\/{rel}","templated":true}]}}