{"id":750696,"date":"2025-08-28T04:27:53","date_gmt":"2025-08-28T01:27:53","guid":{"rendered":"https:\/\/roveyayinevi.com.tr\/index.php\/urun\/para-ne-soyler-biz-ne-anlariz\/"},"modified":"2026-04-16T03:03:58","modified_gmt":"2026-04-16T00:03:58","slug":"para-ne-soyler-biz-ne-anlariz","status":"publish","type":"product","link":"https:\/\/roveyayinevi.com.tr\/index.php\/urun\/para-ne-soyler-biz-ne-anlariz\/","title":{"rendered":"Para Ne S\u00f6yler Biz Ne Anlar\u0131z?"},"content":{"rendered":"<p>2021\u2019in En \u0130yi 50 Kurgu D\u0131\u015f\u0131 Kitab\u0131ndan biri. H\u00fcrriyet Kitap Sanat\u2019\u0131n yay\u0131nlad\u0131\u011f\u0131 listede, her y\u0131l farkl\u0131 kategorilerde se\u00e7ilen en iyi 50 kitap yer al\u0131yor. Para Ne S\u00f6yler, Biz Ne Anlar\u0131z? bu listede yer alan 50 en iyi kurgu d\u0131\u015f\u0131 kitaptan biridir.   \u2022                Para hayat\u0131n\u0131zda nas\u0131l bir yer tutuyor? \u2022                Paran\u0131n hayat\u0131n\u0131zda kaplad\u0131\u011f\u0131 yerin ve enerjisinin fark\u0131nda m\u0131s\u0131n\u0131z? \u2022                Para, \u00fcretim enerjinizle aran\u0131za girmi\u015f olabilir mi? \u2022                Sizin i\u00e7in de\u011ferli olmak ne anlam ta\u015f\u0131yor? \u2022                Kendinizi hangi durumlarda de\u011ferli ya da de\u011fersiz hissediyorsunuz? Meltem Reyhan uzun y\u0131llard\u0131r s\u00fcrd\u00fcrd\u00fc\u011f\u00fc \u201cPara ve Paha ile Bar\u0131\u015f At\u00f6lyeleri\u201dnin \u00f6zeti niteli\u011findeki bu kitapta, t\u00fcm bu sorular\u0131n cevaplar\u0131n\u0131 aramaya y\u00f6neltiyor bizleri. Parayla ili\u015fkimizi a\u00e7\u0131\u011fa \u00e7\u0131kartmam\u0131z ve bu ili\u015fkideki negatif yanlar\u0131 d\u00f6n\u00fc\u015ft\u00fcrmemiz yolunda bize rehberlik ediyor. Hayatla al\u0131\u015fveri\u015fte kendimize bi\u00e7ti\u011fimiz de\u011fere, alma-verme dengesine, hayallerimizi ger\u00e7ekle\u015ftirmek i\u00e7in \u00f6nko\u015fullar koymam\u0131z\u0131n nedenlerine ve kendi potansiyelimizi a\u00e7\u0131\u011fa \u00e7\u0131karma yolunda inan\u00e7 kal\u0131plar\u0131ndan nas\u0131l \u00f6zg\u00fcrle\u015fece\u011fimize odaklanmaya davet ediyor.   Para Ne S\u00f6yler, Biz Ne Anlar\u0131z? kitab\u0131, parayla ili\u015fkinizi d\u00f6n\u00fc\u015ft\u00fcrerek, kendinize verdi\u011finiz de\u011feri ve hayat\u0131n\u0131z\u0131 iyile\u015ftirmenize arac\u0131 olacak. <\/p>\n","protected":false},"excerpt":{"rendered":"<p>2021\u2019in En \u0130yi 50 Kurgu D\u0131\u015f\u0131 Kitab\u0131ndan biri. H\u00fcrriyet Kitap Sanat\u2019\u0131n yay\u0131nlad\u0131\u011f\u0131 listede, her y\u0131l farkl\u0131 kategorilerde se\u00e7ilen en iyi 50 kitap yer al\u0131yor. Para Ne<span class=\"excerpt-hellip\"> [\u2026]<\/span><\/p>\n","protected":false},"featured_media":0,"template":"","meta":{"_monsterinsights_skip_tracking":false,"_monsterinsights_sitenote_active":false,"_monsterinsights_sitenote_note":"","_monsterinsights_sitenote_category":0},"product_brand":[],"product_cat":[12364,12376],"product_tag":[],"class_list":{"0":"post-750696","1":"product","2":"type-product","3":"status-publish","5":"product_cat-genel-konular","6":"product_cat-kisisel-gelisim","7":"pa_cilt-ciltsiz","8":"pa_tur-kitap","9":"pa_yayinevi-muptela-yayinevi","10":"pa_yazar-meltem-reyhan","12":"first","13":"instock","14":"sale","15":"shipping-taxable","16":"purchasable","17":"product-type-simple"},"_links":{"self":[{"href":"https:\/\/roveyayinevi.com.tr\/index.php\/wp-json\/wp\/v2\/product\/750696","targetHints":{"allow":["GET"]}}],"collection":[{"href":"https:\/\/roveyayinevi.com.tr\/index.php\/wp-json\/wp\/v2\/product"}],"about":[{"href":"https:\/\/roveyayinevi.com.tr\/index.php\/wp-json\/wp\/v2\/types\/product"}],"wp:attachment":[{"href":"https:\/\/roveyayinevi.com.tr\/index.php\/wp-json\/wp\/v2\/media?parent=750696"}],"wp:term":[{"taxonomy":"product_brand","embeddable":true,"href":"https:\/\/roveyayinevi.com.tr\/index.php\/wp-json\/wp\/v2\/product_brand?post=750696"},{"taxonomy":"product_cat","embeddable":true,"href":"https:\/\/roveyayinevi.com.tr\/index.php\/wp-json\/wp\/v2\/product_cat?post=750696"},{"taxonomy":"product_tag","embeddable":true,"href":"https:\/\/roveyayinevi.com.tr\/index.php\/wp-json\/wp\/v2\/product_tag?post=750696"}],"curies":[{"name":"wp","href":"https:\/\/api.w.org\/{rel}","templated":true}]}}