{"id":750695,"date":"2025-08-28T04:27:52","date_gmt":"2025-08-28T01:27:52","guid":{"rendered":"https:\/\/roveyayinevi.com.tr\/index.php\/urun\/ruya-3\/"},"modified":"2026-04-16T03:03:58","modified_gmt":"2026-04-16T00:03:58","slug":"ruya-3","status":"publish","type":"product","link":"https:\/\/roveyayinevi.com.tr\/index.php\/urun\/ruya-3\/","title":{"rendered":"R\u00fcya"},"content":{"rendered":"<p>R\u00fcyalar\u0131n\u0131z\u0131n s\u0131rlar\u0131n\u0131 a\u00e7maya, i\u00e7 d\u00fcnyan\u0131z\u0131n gizemlerini ke\u015ffetmeye haz\u0131r m\u0131s\u0131n\u0131z?    1500\u2019\u00fc a\u015fk\u0131n sembol\u00fc i\u00e7eren bir r\u00fcya s\u00f6zl\u00fc\u011f\u00fcyle tamamlanan bu kitap, ruhunun f\u0131s\u0131ldad\u0131\u011f\u0131 s\u0131rlar\u0131 a\u00e7mak ve i\u00e7 d\u00fcnyas\u0131n\u0131n gizemlerini ke\u015ffetmek isteyenler i\u00e7in bir ba\u015fucu kitab\u0131 niteli\u011finde.   Her gece \u00f6l\u00fcme benzer bir deneyimle girdi\u011fimiz yatakta d\u0131\u015f d\u00fcnyayla ba\u011flant\u0131m\u0131z kesilir, bilmedi\u011fimiz bir d\u00fcnyaya yolculuk ba\u015flar. R\u00fcyalar sadece ilham postas\u0131 de\u011fildir. R\u00fcyalar bizim hazine sand\u0131\u011f\u0131m\u0131z, \u00e7\u00f6z\u00fcm kap\u0131m\u0131z, \u015fifa elimiz, en iyi dostumuz, bize bizi anlatan terapistimiz, g\u00f6rmezden geldiklerimizin ayd\u0131nlat\u0131c\u0131s\u0131, arad\u0131klar\u0131m\u0131za \u0131\u015f\u0131k tutan dedektif ve hayal d\u00fcnyam\u0131za ge\u00e7i\u015fin pasaportudur. R\u00fcya kendimizle ba\u015f ba\u015fa ge\u00e7irdi\u011fimiz hayat\u0131m\u0131z\u0131 yeniden formatlayabilece\u011fimiz bir veri taban\u0131d\u0131r. Bu kitap; r\u00fcyas\u0131n\u0131n rehberli\u011fiyle kendine yak\u0131nla\u015fmaya, sembollerin kadim diliyle kendi kodlar\u0131n\u0131 okuyarak yenilenmeye, korkular\u0131ndan \u00f6zg\u00fcrle\u015fmeye, gelene\u011finden geleni fark ederek, gelece\u011fe katacaklar\u0131na karar vermeye ve en \u00f6nemlisi \u201ciki d\u00fcnyay\u0131 bir etmeye\u201d niyeti olanlar i\u00e7in yaz\u0131ld\u0131. Meltem Reyhan R\u00fcya kitab\u0131nda r\u00fcyalar\u0131n sembol dilini nas\u0131l okuyaca\u011f\u0131m\u0131z\u0131 ve yapaca\u011f\u0131m\u0131z yorumlar\u0131n hayat\u0131m\u0131z\u0131 nas\u0131l kolayla\u015ft\u0131rabilece\u011fini anlat\u0131yor. <\/p>\n","protected":false},"excerpt":{"rendered":"<p>R\u00fcyalar\u0131n\u0131z\u0131n s\u0131rlar\u0131n\u0131 a\u00e7maya, i\u00e7 d\u00fcnyan\u0131z\u0131n gizemlerini ke\u015ffetmeye haz\u0131r m\u0131s\u0131n\u0131z? 1500\u2019\u00fc a\u015fk\u0131n sembol\u00fc i\u00e7eren bir r\u00fcya s\u00f6zl\u00fc\u011f\u00fcyle tamamlanan bu kitap, ruhunun f\u0131s\u0131ldad\u0131\u011f\u0131 s\u0131rlar\u0131 a\u00e7mak ve i\u00e7 d\u00fcnyas\u0131n\u0131n<span class=\"excerpt-hellip\"> [\u2026]<\/span><\/p>\n","protected":false},"featured_media":0,"template":"","meta":{"_monsterinsights_skip_tracking":false,"_monsterinsights_sitenote_active":false,"_monsterinsights_sitenote_note":"","_monsterinsights_sitenote_category":0},"product_brand":[],"product_cat":[12364,12376],"product_tag":[],"class_list":{"0":"post-750695","1":"product","2":"type-product","3":"status-publish","5":"product_cat-genel-konular","6":"product_cat-kisisel-gelisim","7":"pa_cilt-ciltsiz","8":"pa_tur-kitap","9":"pa_yayinevi-muptela-yayinevi","10":"pa_yazar-meltem-reyhan","12":"first","13":"instock","14":"sale","15":"shipping-taxable","16":"purchasable","17":"product-type-simple"},"_links":{"self":[{"href":"https:\/\/roveyayinevi.com.tr\/index.php\/wp-json\/wp\/v2\/product\/750695","targetHints":{"allow":["GET"]}}],"collection":[{"href":"https:\/\/roveyayinevi.com.tr\/index.php\/wp-json\/wp\/v2\/product"}],"about":[{"href":"https:\/\/roveyayinevi.com.tr\/index.php\/wp-json\/wp\/v2\/types\/product"}],"wp:attachment":[{"href":"https:\/\/roveyayinevi.com.tr\/index.php\/wp-json\/wp\/v2\/media?parent=750695"}],"wp:term":[{"taxonomy":"product_brand","embeddable":true,"href":"https:\/\/roveyayinevi.com.tr\/index.php\/wp-json\/wp\/v2\/product_brand?post=750695"},{"taxonomy":"product_cat","embeddable":true,"href":"https:\/\/roveyayinevi.com.tr\/index.php\/wp-json\/wp\/v2\/product_cat?post=750695"},{"taxonomy":"product_tag","embeddable":true,"href":"https:\/\/roveyayinevi.com.tr\/index.php\/wp-json\/wp\/v2\/product_tag?post=750695"}],"curies":[{"name":"wp","href":"https:\/\/api.w.org\/{rel}","templated":true}]}}