{"id":750693,"date":"2025-08-28T04:27:48","date_gmt":"2025-08-28T01:27:48","guid":{"rendered":"https:\/\/roveyayinevi.com.tr\/index.php\/urun\/kundakcilarin-sehri\/"},"modified":"2026-04-16T03:03:58","modified_gmt":"2026-04-16T00:03:58","slug":"kundakcilarin-sehri","status":"publish","type":"product","link":"https:\/\/roveyayinevi.com.tr\/index.php\/urun\/kundakcilarin-sehri\/","title":{"rendered":"Kundak\u00e7\u0131lar\u0131n \u015eehri"},"content":{"rendered":"<p>2022 Aspen Literary Prize Finalisti \u00d6d\u00fcll\u00fc yazar Hala Alyan, bilgelik, s\u0131cakl\u0131k ve dikkate de\u011fer insan i\u00e7g\u00f6r\u00fcs\u00fcnden do\u011fan karakterlerle dolu bu romanda, &#8220;kurgunun \u00e7o\u011fu zaman \u00e7evremizdeki ger\u00e7ek d\u00fcnya i\u00e7in en iyi filtre oldu\u011funu bize bir kez daha g\u00f6steriyor &#8220;. (NPR)   \u201cKundak\u00e7\u0131lar \u015eehri, eski moda bir destan\u0131n t\u00fcm zevklerini bizlere sunarken Alyan&#8217;\u0131n kalemiyle bir ailenin hikayesi bir ulusun hikayesine d\u00f6n\u00fc\u015f\u00fcyor &#8211; evet L\u00fcbnan ve Suriye, ama ayn\u0131 zamanda Amerika Birle\u015fik Devletleri. Sahip oldu\u011fumuz i\u00e7in \u015fansl\u0131 oldu\u011fumuz t\u00fcrden bir kitap.\u201d &#8211; Rumaan Alam   Zengin bir aile hikayesi, Orta Do\u011fu&#8217;daki sava\u015f\u0131n miras\u0131na ki\u015fisel bir bak\u0131\u015f ve evimiz olarak adland\u0131rd\u0131\u011f\u0131m\u0131z insanlara ve yerlere nas\u0131l tutundu\u011fumuzun silinmez bir anlat\u0131m\u0131.   Nasr ailesi d\u00fcnyan\u0131n d\u00f6rt bir yan\u0131na da\u011f\u0131lm\u0131\u015ft\u0131r: Beyrut, Brooklyn, Austin, Kaliforniya \u00e7\u00f6l\u00fc. Suriyeli bir anne, L\u00fcbnanl\u0131 bir baba ve \u00fc\u00e7 Amerikal\u0131 \u00e7ocuk, hepsi g\u00f6\u00e7 hayat\u0131 ya\u015fam\u0131\u015f. Yine de, Beyrut\u2019taki atalar\u0131n\u0131n evleri onlar i\u00e7in de\u011fi\u015fmez bir mihenk ta\u015f\u0131d\u0131r ve onlar\u0131 birbirine ba\u011flayan karma\u015f\u0131k, da\u011f\u0131n\u0131k aile sevgisine sahiptir. Ancak babas\u0131n\u0131n k\u0131sa s\u00fcre \u00f6nce \u00f6l\u00fcm\u00fcn\u00fcn ard\u0131ndan ailenin yeni b\u00fcy\u00fc\u011f\u00fc olan \u0130dris evi satmaya karar verir.   Bu karar, aile bireylerini evi kurtarmak i\u00e7in \u0130dris&#8217;e kar\u015f\u0131 birle\u015ftirir ve herkesi Beyrut&#8217;ta bulu\u015fturur. Hepsinin s\u0131rlar\u0131 vard\u0131r : kay\u0131p a\u015fklar, ac\u0131 k\u0131skan\u00e7l\u0131klar, terk edilmi\u015f tutkular, derin utan\u00e7 \u2013 mesafe bu duygular\u0131n gizlenmesine yard\u0131mc\u0131 olmaktad\u0131r. Ancak sava\u015f\u0131n miras\u0131, devam eden bir m\u00fclteci ak\u0131\u015f\u0131, dini gerilim ve siyasi protestolarla i\u00e7in i\u00e7in yanan bir \u015fehirde, bu s\u0131rlar tutu\u015farak bu aileyi bir arada tutan k\u0131r\u0131lgan ba\u011flar\u0131 tehlikeye atar. <\/p>\n","protected":false},"excerpt":{"rendered":"<p>2022 Aspen Literary Prize Finalisti \u00d6d\u00fcll\u00fc yazar Hala Alyan, bilgelik, s\u0131cakl\u0131k ve dikkate de\u011fer insan i\u00e7g\u00f6r\u00fcs\u00fcnden do\u011fan karakterlerle dolu bu romanda, &#8220;kurgunun \u00e7o\u011fu zaman \u00e7evremizdeki ger\u00e7ek<span class=\"excerpt-hellip\"> [\u2026]<\/span><\/p>\n","protected":false},"featured_media":0,"template":"","meta":{"_monsterinsights_skip_tracking":false,"_monsterinsights_sitenote_active":false,"_monsterinsights_sitenote_note":"","_monsterinsights_sitenote_category":0},"product_brand":[],"product_cat":[12291,12711],"product_tag":[],"class_list":{"0":"post-750693","1":"product","2":"type-product","3":"status-publish","5":"product_cat-edebiyat","6":"product_cat-roman-oyku","7":"pa_cilt-ciltsiz","8":"pa_tur-kitap","9":"pa_yayinevi-perseus","10":"pa_yazar-hala-alyan","12":"first","13":"instock","14":"sale","15":"shipping-taxable","16":"purchasable","17":"product-type-simple"},"_links":{"self":[{"href":"https:\/\/roveyayinevi.com.tr\/index.php\/wp-json\/wp\/v2\/product\/750693","targetHints":{"allow":["GET"]}}],"collection":[{"href":"https:\/\/roveyayinevi.com.tr\/index.php\/wp-json\/wp\/v2\/product"}],"about":[{"href":"https:\/\/roveyayinevi.com.tr\/index.php\/wp-json\/wp\/v2\/types\/product"}],"wp:attachment":[{"href":"https:\/\/roveyayinevi.com.tr\/index.php\/wp-json\/wp\/v2\/media?parent=750693"}],"wp:term":[{"taxonomy":"product_brand","embeddable":true,"href":"https:\/\/roveyayinevi.com.tr\/index.php\/wp-json\/wp\/v2\/product_brand?post=750693"},{"taxonomy":"product_cat","embeddable":true,"href":"https:\/\/roveyayinevi.com.tr\/index.php\/wp-json\/wp\/v2\/product_cat?post=750693"},{"taxonomy":"product_tag","embeddable":true,"href":"https:\/\/roveyayinevi.com.tr\/index.php\/wp-json\/wp\/v2\/product_tag?post=750693"}],"curies":[{"name":"wp","href":"https:\/\/api.w.org\/{rel}","templated":true}]}}