{"id":750691,"date":"2025-08-28T04:27:45","date_gmt":"2025-08-28T01:27:45","guid":{"rendered":"https:\/\/roveyayinevi.com.tr\/index.php\/urun\/insanlar-kotuydu-cocukluguma-sigindim\/"},"modified":"2026-04-16T03:03:58","modified_gmt":"2026-04-16T00:03:58","slug":"insanlar-kotuydu-cocukluguma-sigindim","status":"publish","type":"product","link":"https:\/\/roveyayinevi.com.tr\/index.php\/urun\/insanlar-kotuydu-cocukluguma-sigindim\/","title":{"rendered":"\u0130nsanlar K\u00f6t\u00fcyd\u00fc \u00c7ocuklu\u011fuma S\u0131\u011f\u0131nd\u0131m"},"content":{"rendered":"<p>Bir \u00e7ocuk\u2026 Bir mecnun\u2026 Bir k\u00f6\u015fe\u2026 Ve bir dolu hik\u00e1ve\u2026 Herkesinki gibi, herkesinkinden ba\u015fka\u2026 B\u00fcy\u00fcyor \u00e7ocuk. Verdi\u011fi her \u015fevi geri al\u0131vor zaman. Kalan\u0131n her gidenle bir parma\u011f\u0131 eksiliyor. Her g\u00fcn bir \u00e5demo\u011flu deliriyor. D\u00fcnyan\u0131n k\u00f6t\u00fcl\u00fc\u011f\u00fcnden nasibini alanlar \u00e7ocuklu\u011funa s\u0131\u011f\u0131n\u0131p A\u015f\u0131klar K\u00f6\u015fesi&#8217;nden olan\u0131 biteni izliyor. &#8220;Birlikte kitaplar okumu\u015f, \u015fiirlerden fal tutmu\u015f, yazarlar\u0131n hayatlar\u0131nu didik didik incelemi\u015ftik bir zamanlar. Kitaplar- kuca\u011f\u0131m\u0131zda, ba\u015f\u0131m\u0131z birbirimize dayanm\u0131\u015f uyand\u0131\u011f\u0131m\u0131z sabahlar\u0131nuz oldu bizim. Hayat\u0131, duygulan payla\u015ft\u0131k. \u0130hanetin bir sebebi olmal\u0131 m\u0131 bilmiyorum. Teselli olacaksa kendimi su\u00e7lamaya bile haz\u0131r\u0131m, ama yok. Hediyeleri bile birbirine- kar\u0131\u015fm\u0131\u015f, ayr\u0131 adama a\u015f\u0131k olmu\u015f iki kad\u0131nd\u0131k biz. Ve erkek di\u011fer kad\u0131n\u0131 se\u00e7ti. E\u015f olan kad\u0131n dul kald\u0131. Yuvay\u0131 y\u0131kan e\u015f oldu. Sevmek bu kadar ac\u0131tmamal\u0131 geride kalar\u0131.&#8221; <\/p>\n","protected":false},"excerpt":{"rendered":"<p>Bir \u00e7ocuk\u2026 Bir mecnun\u2026 Bir k\u00f6\u015fe\u2026 Ve bir dolu hik\u00e1ve\u2026 Herkesinki gibi, herkesinkinden ba\u015fka\u2026 B\u00fcy\u00fcyor \u00e7ocuk. Verdi\u011fi her \u015fevi geri al\u0131vor zaman. Kalan\u0131n her gidenle bir<span class=\"excerpt-hellip\"> [\u2026]<\/span><\/p>\n","protected":false},"featured_media":0,"template":"","meta":{"_monsterinsights_skip_tracking":false,"_monsterinsights_sitenote_active":false,"_monsterinsights_sitenote_note":"","_monsterinsights_sitenote_category":0},"product_brand":[],"product_cat":[12291,12711],"product_tag":[],"class_list":{"0":"post-750691","1":"product","2":"type-product","3":"status-publish","5":"product_cat-edebiyat","6":"product_cat-roman-oyku","7":"pa_cilt-ciltsiz","8":"pa_tur-kitap","9":"pa_yayinevi-theseus-yayinevi","10":"pa_yazar-n-pinar-aksu","12":"first","13":"instock","14":"sale","15":"shipping-taxable","16":"purchasable","17":"product-type-simple"},"_links":{"self":[{"href":"https:\/\/roveyayinevi.com.tr\/index.php\/wp-json\/wp\/v2\/product\/750691","targetHints":{"allow":["GET"]}}],"collection":[{"href":"https:\/\/roveyayinevi.com.tr\/index.php\/wp-json\/wp\/v2\/product"}],"about":[{"href":"https:\/\/roveyayinevi.com.tr\/index.php\/wp-json\/wp\/v2\/types\/product"}],"wp:attachment":[{"href":"https:\/\/roveyayinevi.com.tr\/index.php\/wp-json\/wp\/v2\/media?parent=750691"}],"wp:term":[{"taxonomy":"product_brand","embeddable":true,"href":"https:\/\/roveyayinevi.com.tr\/index.php\/wp-json\/wp\/v2\/product_brand?post=750691"},{"taxonomy":"product_cat","embeddable":true,"href":"https:\/\/roveyayinevi.com.tr\/index.php\/wp-json\/wp\/v2\/product_cat?post=750691"},{"taxonomy":"product_tag","embeddable":true,"href":"https:\/\/roveyayinevi.com.tr\/index.php\/wp-json\/wp\/v2\/product_tag?post=750691"}],"curies":[{"name":"wp","href":"https:\/\/api.w.org\/{rel}","templated":true}]}}