{"id":750688,"date":"2025-08-28T04:27:39","date_gmt":"2025-08-28T01:27:39","guid":{"rendered":"https:\/\/roveyayinevi.com.tr\/index.php\/urun\/cinayet-defteri\/"},"modified":"2026-04-16T03:03:58","modified_gmt":"2026-04-16T00:03:58","slug":"cinayet-defteri","status":"publish","type":"product","link":"https:\/\/roveyayinevi.com.tr\/index.php\/urun\/cinayet-defteri\/","title":{"rendered":"Cinayet Defteri"},"content":{"rendered":"<p>\u201c1920\u2019lerde B\u00fcy\u00fck Britanya\u2019da sat\u0131lan t\u00fcm kitaplar\u0131n d\u00f6rtte birini sadece tek bir ki\u015fi kaleme alm\u0131\u015ft\u0131: Edgar Wallace.\u201d \u2013Harry Pearson   J. G. Reeder g\u00f6zleri iyi g\u00f6rmeyen, \u00e7ekingen, s\u0131radan ve pejm\u00fcrde bir adam gibi g\u00f6r\u00fcnebilir. Ancak g\u00f6r\u00fcn\u00fc\u015f yan\u0131lt\u0131c\u0131d\u0131r. Bu orta ya\u015fl\u0131 adam savc\u0131l\u0131k i\u00e7in \u00e7al\u0131\u015f\u0131rken s\u0131rad\u0131\u015f\u0131 zihnini zorlayacak pek \u00e7ok davayla kar\u015f\u0131la\u015fsa da hepsinin alt\u0131ndan kalkmay\u0131 bilecektir.    Edgar Wallace, birbirinden ilgin\u00e7 sekiz vakan\u0131n yer ald\u0131\u011f\u0131 bu \u00f6yk\u00fc derlemesinde okurlara J. G. Reeder\u2019\u0131n zihnine s\u0131zman\u0131n anahtar\u0131n\u0131 veriyor. 1925\u2019te yay\u0131mlanan Cinayet Defteri, polisiyenin unutulmazlar\u0131ndan J. G. Reeder serisinin ikinci kitab\u0131. <\/p>\n","protected":false},"excerpt":{"rendered":"<p>\u201c1920\u2019lerde B\u00fcy\u00fck Britanya\u2019da sat\u0131lan t\u00fcm kitaplar\u0131n d\u00f6rtte birini sadece tek bir ki\u015fi kaleme alm\u0131\u015ft\u0131: Edgar Wallace.\u201d \u2013Harry Pearson J. G. Reeder g\u00f6zleri iyi g\u00f6rmeyen, \u00e7ekingen, s\u0131radan<span class=\"excerpt-hellip\"> [\u2026]<\/span><\/p>\n","protected":false},"featured_media":0,"template":"","meta":{"_monsterinsights_skip_tracking":false,"_monsterinsights_sitenote_active":false,"_monsterinsights_sitenote_note":"","_monsterinsights_sitenote_category":0},"product_brand":[],"product_cat":[12291,15445],"product_tag":[],"class_list":{"0":"post-750688","1":"product","2":"type-product","3":"status-publish","5":"product_cat-edebiyat","6":"product_cat-polisiye","7":"pa_cilt-ciltsiz","8":"pa_tur-kitap","9":"pa_yayinevi-ithaki-yayinlari","10":"pa_yazar-edgar-wallace","12":"first","13":"instock","14":"sale","15":"shipping-taxable","16":"purchasable","17":"product-type-simple"},"_links":{"self":[{"href":"https:\/\/roveyayinevi.com.tr\/index.php\/wp-json\/wp\/v2\/product\/750688","targetHints":{"allow":["GET"]}}],"collection":[{"href":"https:\/\/roveyayinevi.com.tr\/index.php\/wp-json\/wp\/v2\/product"}],"about":[{"href":"https:\/\/roveyayinevi.com.tr\/index.php\/wp-json\/wp\/v2\/types\/product"}],"wp:attachment":[{"href":"https:\/\/roveyayinevi.com.tr\/index.php\/wp-json\/wp\/v2\/media?parent=750688"}],"wp:term":[{"taxonomy":"product_brand","embeddable":true,"href":"https:\/\/roveyayinevi.com.tr\/index.php\/wp-json\/wp\/v2\/product_brand?post=750688"},{"taxonomy":"product_cat","embeddable":true,"href":"https:\/\/roveyayinevi.com.tr\/index.php\/wp-json\/wp\/v2\/product_cat?post=750688"},{"taxonomy":"product_tag","embeddable":true,"href":"https:\/\/roveyayinevi.com.tr\/index.php\/wp-json\/wp\/v2\/product_tag?post=750688"}],"curies":[{"name":"wp","href":"https:\/\/api.w.org\/{rel}","templated":true}]}}