{"id":750687,"date":"2025-08-28T04:27:38","date_gmt":"2025-08-28T01:27:38","guid":{"rendered":"https:\/\/roveyayinevi.com.tr\/index.php\/urun\/hasbihal\/"},"modified":"2026-04-16T03:03:58","modified_gmt":"2026-04-16T00:03:58","slug":"hasbihal","status":"publish","type":"product","link":"https:\/\/roveyayinevi.com.tr\/index.php\/urun\/hasbihal\/","title":{"rendered":"Hasbihal"},"content":{"rendered":"<p>Sessizli\u011fin g\u00f6lgesinde bir \u00e7\u0131\u011fl\u0131k \u00c7\u0131\u011fl\u0131\u011f\u0131n ortas\u0131nda bir \u00e7ocuk \u00c7ocu\u011fun y\u00fcre\u011finde bir yara Ortal\u0131k karma kar\u0131\u015f\u0131k Ufkun \u00f6tesinde bir \u00e7izgi \u00c7izginin d\u0131\u015f\u0131nda bir \u00e7ocuk \u00c7ocu\u011fun y\u00fcz\u00fcnde bir yara Ortal\u0131k toz duman karma kar\u0131\u015f\u0131k Gecenin yar\u0131s\u0131nda bir siren Sirenin ucunda bir hayat Hayat\u0131n i\u00e7inde bir k\u0131yam K\u0131yam\u0131n ortas\u0131nda bir k\u0131yamet Yine de umut dolu \u00e7ocuk Y\u00fcre\u011findeki yarayla Gecenin karanl\u0131\u011f\u0131nda \u00c7izginin d\u0131\u015f\u0131ndan umutla bak\u0131yor \u00c7izginin i\u00e7indeki hayata Yine de ya\u015f\u0131yor \u00e7ocuk \u00c7izginin d\u0131\u015f\u0131nda hayat\u0131n ucunda K\u0131yametin tam ortas\u0131nda. <\/p>\n","protected":false},"excerpt":{"rendered":"<p>Sessizli\u011fin g\u00f6lgesinde bir \u00e7\u0131\u011fl\u0131k \u00c7\u0131\u011fl\u0131\u011f\u0131n ortas\u0131nda bir \u00e7ocuk \u00c7ocu\u011fun y\u00fcre\u011finde bir yara Ortal\u0131k karma kar\u0131\u015f\u0131k Ufkun \u00f6tesinde bir \u00e7izgi \u00c7izginin d\u0131\u015f\u0131nda bir \u00e7ocuk \u00c7ocu\u011fun y\u00fcz\u00fcnde bir<span class=\"excerpt-hellip\"> [\u2026]<\/span><\/p>\n","protected":false},"featured_media":0,"template":"","meta":{"_monsterinsights_skip_tracking":false,"_monsterinsights_sitenote_active":false,"_monsterinsights_sitenote_note":"","_monsterinsights_sitenote_category":0},"product_brand":[],"product_cat":[12291,12509],"product_tag":[],"class_list":{"0":"post-750687","1":"product","2":"type-product","3":"status-publish","5":"product_cat-edebiyat","6":"product_cat-siir","7":"pa_cilt-ciltsiz","8":"pa_tur-kitap","9":"pa_yayinevi-gulnar-yayinlari","10":"pa_yazar-sefa-beyazit-cevazi","12":"first","13":"instock","14":"sale","15":"shipping-taxable","16":"purchasable","17":"product-type-simple"},"_links":{"self":[{"href":"https:\/\/roveyayinevi.com.tr\/index.php\/wp-json\/wp\/v2\/product\/750687","targetHints":{"allow":["GET"]}}],"collection":[{"href":"https:\/\/roveyayinevi.com.tr\/index.php\/wp-json\/wp\/v2\/product"}],"about":[{"href":"https:\/\/roveyayinevi.com.tr\/index.php\/wp-json\/wp\/v2\/types\/product"}],"wp:attachment":[{"href":"https:\/\/roveyayinevi.com.tr\/index.php\/wp-json\/wp\/v2\/media?parent=750687"}],"wp:term":[{"taxonomy":"product_brand","embeddable":true,"href":"https:\/\/roveyayinevi.com.tr\/index.php\/wp-json\/wp\/v2\/product_brand?post=750687"},{"taxonomy":"product_cat","embeddable":true,"href":"https:\/\/roveyayinevi.com.tr\/index.php\/wp-json\/wp\/v2\/product_cat?post=750687"},{"taxonomy":"product_tag","embeddable":true,"href":"https:\/\/roveyayinevi.com.tr\/index.php\/wp-json\/wp\/v2\/product_tag?post=750687"}],"curies":[{"name":"wp","href":"https:\/\/api.w.org\/{rel}","templated":true}]}}