{"id":750686,"date":"2025-08-28T04:27:36","date_gmt":"2025-08-28T01:27:36","guid":{"rendered":"https:\/\/roveyayinevi.com.tr\/index.php\/urun\/13-numarali-oda\/"},"modified":"2026-04-16T03:03:58","modified_gmt":"2026-04-16T00:03:58","slug":"13-numarali-oda","status":"publish","type":"product","link":"https:\/\/roveyayinevi.com.tr\/index.php\/urun\/13-numarali-oda\/","title":{"rendered":"13 Numaral\u0131 Oda"},"content":{"rendered":"<p>\u201cEdgar Wallace\u2019\u0131n 13 Numaral\u0131 Oda roman\u0131nda profesyonel doland\u0131r\u0131c\u0131lar \u00e7ok, kahraman bile onlardan biri.\u201d \u2013The Spectator   Hapisten yeni \u00e7\u0131kan Johnny Gray, eski dostu Peter Kane\u2019i ziyaret etti\u011finde o g\u00fcn\u00fcn nice k\u00f6t\u00fc olaya gebe oldu\u011funu bilmemektedir. Kane ile karanl\u0131k bir ge\u00e7mi\u015fi payla\u015fan polis katili Emanuel Legge de kendisini ziyaret etmek i\u00e7in tam o g\u00fcn\u00fc, k\u0131z\u0131n\u0131n d\u00fc\u011f\u00fcn g\u00fcn\u00fcn\u00fc se\u00e7mi\u015ftir. Johnny Gray bir \u00f6fke kas\u0131rgas\u0131 i\u00e7inde, Kane\u2019in biricik k\u0131z\u0131n\u0131 emanet etti\u011fi yeni kocas\u0131 Binba\u015f\u0131 Floyd\u2019un en u\u011fursuz t\u00fcrden bir doland\u0131r\u0131c\u0131 oldu\u011funu \u00f6\u011frenecektir. Yine de bu entrikaya dahil olan herkes, J. G. Reeder isimli bir dedektifin nefesini enselerinde hissedecektir.   1924\u2019te yay\u0131mlanan 13 Numaral\u0131 Oda, polisiyenin unutulmazlar\u0131ndan J. G. Reeder serisinin ilk kitab\u0131. <\/p>\n","protected":false},"excerpt":{"rendered":"<p>\u201cEdgar Wallace\u2019\u0131n 13 Numaral\u0131 Oda roman\u0131nda profesyonel doland\u0131r\u0131c\u0131lar \u00e7ok, kahraman bile onlardan biri.\u201d \u2013The Spectator Hapisten yeni \u00e7\u0131kan Johnny Gray, eski dostu Peter Kane\u2019i ziyaret etti\u011finde<span class=\"excerpt-hellip\"> [\u2026]<\/span><\/p>\n","protected":false},"featured_media":0,"template":"","meta":{"_monsterinsights_skip_tracking":false,"_monsterinsights_sitenote_active":false,"_monsterinsights_sitenote_note":"","_monsterinsights_sitenote_category":0},"product_brand":[],"product_cat":[12291,15445],"product_tag":[],"class_list":{"0":"post-750686","1":"product","2":"type-product","3":"status-publish","5":"product_cat-edebiyat","6":"product_cat-polisiye","7":"pa_cilt-ciltsiz","8":"pa_tur-kitap","9":"pa_yayinevi-ithaki-yayinlari","10":"pa_yazar-edgar-wallace","12":"first","13":"instock","14":"sale","15":"shipping-taxable","16":"purchasable","17":"product-type-simple"},"_links":{"self":[{"href":"https:\/\/roveyayinevi.com.tr\/index.php\/wp-json\/wp\/v2\/product\/750686","targetHints":{"allow":["GET"]}}],"collection":[{"href":"https:\/\/roveyayinevi.com.tr\/index.php\/wp-json\/wp\/v2\/product"}],"about":[{"href":"https:\/\/roveyayinevi.com.tr\/index.php\/wp-json\/wp\/v2\/types\/product"}],"wp:attachment":[{"href":"https:\/\/roveyayinevi.com.tr\/index.php\/wp-json\/wp\/v2\/media?parent=750686"}],"wp:term":[{"taxonomy":"product_brand","embeddable":true,"href":"https:\/\/roveyayinevi.com.tr\/index.php\/wp-json\/wp\/v2\/product_brand?post=750686"},{"taxonomy":"product_cat","embeddable":true,"href":"https:\/\/roveyayinevi.com.tr\/index.php\/wp-json\/wp\/v2\/product_cat?post=750686"},{"taxonomy":"product_tag","embeddable":true,"href":"https:\/\/roveyayinevi.com.tr\/index.php\/wp-json\/wp\/v2\/product_tag?post=750686"}],"curies":[{"name":"wp","href":"https:\/\/api.w.org\/{rel}","templated":true}]}}