{"id":750685,"date":"2025-08-28T04:27:35","date_gmt":"2025-08-28T01:27:35","guid":{"rendered":"https:\/\/roveyayinevi.com.tr\/index.php\/urun\/ayet-ve-hadis-isiginda-yaradilis\/"},"modified":"2026-03-01T03:28:28","modified_gmt":"2026-03-01T00:28:28","slug":"ayet-ve-hadis-isiginda-yaradilis","status":"publish","type":"product","link":"https:\/\/roveyayinevi.com.tr\/index.php\/urun\/ayet-ve-hadis-isiginda-yaradilis\/","title":{"rendered":"Ayet ve Hadis I\u015f\u0131\u011f\u0131nda Yarad\u0131l\u0131\u015f"},"content":{"rendered":"<p>Hamd, Y\u00fcceler Y\u00fccesi, Halim, H\u00e2kim, \u011eafur, Rahim olan \u00e2lemlerin Rabbi Allah\u2019a mahsustur. O Allah ki; Rahmeti t\u00fcm \u00e2lemi ihata eden Rahman ve Rahmeti M\u00fcminlere has olan Rahim ve K\u0131yamet G\u00fcn\u00fc sahibidir. G\u00f6kleri ve Yeri alt\u0131 g\u00fcnde yaratan o\u2019dur ve Ebu\u2019l Be\u015fer olan ilk insan\u0131 (\u00c2dem a.s.) s\u00fcz\u00fclm\u00fc\u015f \u00e7amurdan (s\u00fcl\u00e2leden) yaratand\u0131r. (Bu mertebe ilk insan olan \u00c2dem&#8217;in yarat\u0131ld\u0131\u011f\u0131 dolay\u0131s\u0131yla insan cinsinin, insan organlar\u0131n\u0131n ba\u015flang\u0131\u00e7 evresidir. Sonra onu nutfe halinde sa\u011flam bir yere koyand\u0131r. Sonra g\u00f6renler i\u00e7in siyah bir p\u0131ht\u0131 olan nutfeden Alak\u2019\u0131 yaratt\u0131. Sonra alaktan bir \u00e7i\u011fnem et miktar\u0131 kadar olan mud\u011fay\u0131 yaratt\u0131. Sonra bu mud\u011fadan \u00fczerinde kurulacak olan sa\u011flam binan\u0131n (insan iskeleti) esas\u0131n\u0131 te\u015fkil eden muhtelif ebat ve \u015fekillerde kemikler yaratt\u0131. Sonra bu kemikleri elbise giydirir gibi etle giydirdi. Ve b\u00f6ylece bamba\u015fka bir mahl\u00fbk yaratt\u0131 ve en g\u00fczel yarat\u0131c\u0131 olan Allah (c.c.) ne y\u00fccedir. <\/p>\n","protected":false},"excerpt":{"rendered":"<p>Hamd, Y\u00fcceler Y\u00fccesi, Halim, H\u00e2kim, \u011eafur, Rahim olan \u00e2lemlerin Rabbi Allah\u2019a mahsustur. O Allah ki; Rahmeti t\u00fcm \u00e2lemi ihata eden Rahman ve Rahmeti M\u00fcminlere has olan<span class=\"excerpt-hellip\"> [\u2026]<\/span><\/p>\n","protected":false},"featured_media":0,"template":"","meta":{"_monsterinsights_skip_tracking":false,"_monsterinsights_sitenote_active":false,"_monsterinsights_sitenote_note":"","_monsterinsights_sitenote_category":0},"product_brand":[],"product_cat":[13036,12718,12719],"product_tag":[],"class_list":{"0":"post-750685","1":"product","2":"type-product","3":"status-publish","5":"product_cat-arastirma-inceleme-islam","6":"product_cat-din","7":"product_cat-islam","8":"pa_cilt-ciltsiz","9":"pa_tur-kitap","10":"pa_yayinevi-gulnar-yayinlari","11":"pa_yazar-mehmet-hasip-taylan","13":"first","14":"instock","15":"sale","16":"shipping-taxable","17":"purchasable","18":"product-type-simple"},"_links":{"self":[{"href":"https:\/\/roveyayinevi.com.tr\/index.php\/wp-json\/wp\/v2\/product\/750685","targetHints":{"allow":["GET"]}}],"collection":[{"href":"https:\/\/roveyayinevi.com.tr\/index.php\/wp-json\/wp\/v2\/product"}],"about":[{"href":"https:\/\/roveyayinevi.com.tr\/index.php\/wp-json\/wp\/v2\/types\/product"}],"wp:attachment":[{"href":"https:\/\/roveyayinevi.com.tr\/index.php\/wp-json\/wp\/v2\/media?parent=750685"}],"wp:term":[{"taxonomy":"product_brand","embeddable":true,"href":"https:\/\/roveyayinevi.com.tr\/index.php\/wp-json\/wp\/v2\/product_brand?post=750685"},{"taxonomy":"product_cat","embeddable":true,"href":"https:\/\/roveyayinevi.com.tr\/index.php\/wp-json\/wp\/v2\/product_cat?post=750685"},{"taxonomy":"product_tag","embeddable":true,"href":"https:\/\/roveyayinevi.com.tr\/index.php\/wp-json\/wp\/v2\/product_tag?post=750685"}],"curies":[{"name":"wp","href":"https:\/\/api.w.org\/{rel}","templated":true}]}}