{"id":750684,"date":"2025-08-28T04:27:34","date_gmt":"2025-08-28T01:27:34","guid":{"rendered":"https:\/\/roveyayinevi.com.tr\/index.php\/urun\/manhattan-plaji\/"},"modified":"2026-04-16T03:03:58","modified_gmt":"2026-04-16T00:03:58","slug":"manhattan-plaji","status":"publish","type":"product","link":"https:\/\/roveyayinevi.com.tr\/index.php\/urun\/manhattan-plaji\/","title":{"rendered":"Manhattan Plaj\u0131"},"content":{"rendered":"<p>1994\u2019te yay\u0131mlanan ilk roman\u0131yla birlikte Amerikan edebiyat\u0131n\u0131n y\u00fckselen y\u0131ld\u0131zlar\u0131ndan biri olarak g\u00f6sterilen ve art\u0131k g\u00fcn\u00fcm\u00fcz\u00fcn en nitelikli kalemlerinden biri kabul edilen, \u0130t Kopuk Tak\u0131m\u0131 adl\u0131 eseriyle Pulitzer \u00d6d\u00fcl\u00fc ile birlikte Ulusal Kitap Ele\u015ftirmenleri \u00d6d\u00fcl\u00fc\u2019n\u00fc kazanan ba\u015far\u0131l\u0131 yazar Jennifer Egan, 2018-2020 y\u0131llar\u0131 aras\u0131nda PEN Amerika\u2019n\u0131n da ba\u015fkanl\u0131\u011f\u0131n\u0131 y\u00fcr\u00fctt\u00fc.    Egan\u2019\u0131n 2018 Andrew Carnegie Edebiyat \u00d6d\u00fcl\u00fc\u2019ne lay\u0131k g\u00f6r\u00fclen, Ulusal Kitap \u00d6d\u00fcl\u00fc\u2019ne aday g\u00f6sterilen eseri Manhattan Plaj\u0131 ise New York\u2019a nostaljik bir yolculu\u011fa \u00e7\u0131kar\u0131yor bizi. Anna Kerrigan, 2. D\u00fcnya Sava\u015f\u0131\u2019nda g\u00f6rev alan gemilerin bak\u0131m\u0131yla ilgilenenler aras\u0131ndaki ilk kad\u0131n dalg\u0131\u00e7t\u0131r. Bir gece, \u00e7ocuklu\u011funda babas\u0131 sayesinde tan\u0131d\u0131\u011f\u0131 gizemli Dexter Styles\u2019la yine kar\u015f\u0131la\u015f\u0131r ve zaman\u0131nda kay\u0131plara kar\u0131\u015fan babas\u0131yla ilgili baz\u0131 ger\u00e7ekler su y\u00fcz\u00fcne \u00e7\u0131kmaya ba\u015flar.   Manhattan Plaj\u0131, okurlar\u0131 ge\u00e7mi\u015fe g\u00f6t\u00fcr\u00fcrken polisiye romanlar\u0131n heyecan\u0131n\u0131 aratmayan unutulmaz bir tarihsel roman.   \u201cZengin, harikulade\u2026 Egan\u2019da bir yazarda olmas\u0131 gereken b\u00fct\u00fcn beceriler mevcut.\u201d \u2013USA Today   \u201cD\u00fcnyay\u0131 Egan\u2019\u0131n g\u00f6z\u00fcnden g\u00f6rmek, dil arac\u0131l\u0131\u011f\u0131yla d\u00fcnyaya yeni bir hayranl\u0131k duymakt\u0131r. G\u00fcn\u00fcm\u00fcz yazarlar\u0131 aras\u0131nda ondan daha iyisini tan\u0131m\u0131yorum.\u201d \u2013George Saunders <\/p>\n","protected":false},"excerpt":{"rendered":"<p>1994\u2019te yay\u0131mlanan ilk roman\u0131yla birlikte Amerikan edebiyat\u0131n\u0131n y\u00fckselen y\u0131ld\u0131zlar\u0131ndan biri olarak g\u00f6sterilen ve art\u0131k g\u00fcn\u00fcm\u00fcz\u00fcn en nitelikli kalemlerinden biri kabul edilen, \u0130t Kopuk Tak\u0131m\u0131 adl\u0131 eseriyle<span class=\"excerpt-hellip\"> [\u2026]<\/span><\/p>\n","protected":false},"featured_media":0,"template":"","meta":{"_monsterinsights_skip_tracking":false,"_monsterinsights_sitenote_active":false,"_monsterinsights_sitenote_note":"","_monsterinsights_sitenote_category":0},"product_brand":[],"product_cat":[12291,12711],"product_tag":[],"class_list":{"0":"post-750684","1":"product","2":"type-product","3":"status-publish","5":"product_cat-edebiyat","6":"product_cat-roman-oyku","7":"pa_cilt-ciltsiz","8":"pa_tur-kitap","9":"pa_yayinevi-ithaki-yayinlari","10":"pa_yazar-jennifer-egan","12":"first","13":"instock","14":"sale","15":"shipping-taxable","16":"purchasable","17":"product-type-simple"},"_links":{"self":[{"href":"https:\/\/roveyayinevi.com.tr\/index.php\/wp-json\/wp\/v2\/product\/750684","targetHints":{"allow":["GET"]}}],"collection":[{"href":"https:\/\/roveyayinevi.com.tr\/index.php\/wp-json\/wp\/v2\/product"}],"about":[{"href":"https:\/\/roveyayinevi.com.tr\/index.php\/wp-json\/wp\/v2\/types\/product"}],"wp:attachment":[{"href":"https:\/\/roveyayinevi.com.tr\/index.php\/wp-json\/wp\/v2\/media?parent=750684"}],"wp:term":[{"taxonomy":"product_brand","embeddable":true,"href":"https:\/\/roveyayinevi.com.tr\/index.php\/wp-json\/wp\/v2\/product_brand?post=750684"},{"taxonomy":"product_cat","embeddable":true,"href":"https:\/\/roveyayinevi.com.tr\/index.php\/wp-json\/wp\/v2\/product_cat?post=750684"},{"taxonomy":"product_tag","embeddable":true,"href":"https:\/\/roveyayinevi.com.tr\/index.php\/wp-json\/wp\/v2\/product_tag?post=750684"}],"curies":[{"name":"wp","href":"https:\/\/api.w.org\/{rel}","templated":true}]}}