{"id":750683,"date":"2025-08-28T04:27:33","date_gmt":"2025-08-28T01:27:33","guid":{"rendered":"https:\/\/roveyayinevi.com.tr\/index.php\/urun\/genclerle-sohbetler-7-basarinin-sirlari\/"},"modified":"2026-04-05T03:07:03","modified_gmt":"2026-04-05T00:07:03","slug":"genclerle-sohbetler-7-basarinin-sirlari","status":"publish","type":"product","link":"https:\/\/roveyayinevi.com.tr\/index.php\/urun\/genclerle-sohbetler-7-basarinin-sirlari\/","title":{"rendered":"Gen\u00e7lerle Sohbetler 7 Ba\u015far\u0131n\u0131n S\u0131rlar\u0131"},"content":{"rendered":"<p>\u00dcstat, gen\u00e7lerle sohbetlerinizi okuduk. O sohbetler \u015firkette i\u015fe girme ve i\u015fte y\u00fckselmeyle ilgili. Oysa biz, \u015firketlerde i\u015fe girmeyi d\u00fc\u015f\u00fcnm\u00fcyoruz. Kimimiz memur olacak, kimimiz \u00f6\u011fretmen, kimimiz yarg\u0131\u00e7, kimimiz ise kendi i\u015fini kuracak, kendi kendisinin patronu olacak, kimimiz ressam ve kimimiz m\u00fczisyen yani sanat\u00e7\u0131 olacak. Kimimiz ise ev han\u0131m\u0131 olacak ve \u00e7al\u0131\u015fmayacak. Ancak hepimiz bir \u015fekilde insanlarla ileti\u015fimi iyi, ya\u015fam\u0131m\u0131zda ba\u015far\u0131l\u0131 olmak istiyoruz. \u00dcstat, ya\u015fam\u0131m\u0131z\u0131 kolayla\u015ft\u0131racak, ya\u015fam\u0131m\u0131zda bize yard\u0131mc\u0131 olacak bilgiler istiyoruz. \u015eirketler d\u0131\u015f\u0131nda \u00e7al\u0131\u015facak gen\u00e7lere neler \u00f6nerirsin? Gen\u00e7ler, hayatta ba\u015far\u0131l\u0131 olmak veya di\u011fer bir de\u011fi\u015fle,  ba\u015far\u0131l\u0131 bir ya\u015fam\u0131n s\u0131rlar\u0131n\u0131 m\u0131 \u00f6\u011frenmek istiyorsunuz? Evet, \u00dcstat, ya\u015fam\u0131m\u0131zda bize yol g\u00f6sterecek, bize \u0131\u015f\u0131k tutacak, ba\u015far\u0131l\u0131 olmam\u0131z\u0131 sa\u011flayacak s\u0131rlar\u0131 istiyoruz. Peki, gen\u00e7ler, i\u015fte size ba\u015far\u0131n\u0131n s\u0131rlar\u0131! <\/p>\n","protected":false},"excerpt":{"rendered":"<p>\u00dcstat, gen\u00e7lerle sohbetlerinizi okuduk. O sohbetler \u015firkette i\u015fe girme ve i\u015fte y\u00fckselmeyle ilgili. Oysa biz, \u015firketlerde i\u015fe girmeyi d\u00fc\u015f\u00fcnm\u00fcyoruz. Kimimiz memur olacak, kimimiz \u00f6\u011fretmen, kimimiz yarg\u0131\u00e7,<span class=\"excerpt-hellip\"> [\u2026]<\/span><\/p>\n","protected":false},"featured_media":0,"template":"","meta":{"_monsterinsights_skip_tracking":false,"_monsterinsights_sitenote_active":false,"_monsterinsights_sitenote_note":"","_monsterinsights_sitenote_category":0},"product_brand":[],"product_cat":[12364,12376],"product_tag":[],"class_list":{"0":"post-750683","1":"product","2":"type-product","3":"status-publish","5":"product_cat-genel-konular","6":"product_cat-kisisel-gelisim","7":"pa_cilt-ciltsiz","8":"pa_tur-kitap","9":"pa_yayinevi-gulnar-yayinlari","10":"pa_yazar-khukleski","12":"first","13":"instock","14":"sale","15":"shipping-taxable","16":"purchasable","17":"product-type-simple"},"_links":{"self":[{"href":"https:\/\/roveyayinevi.com.tr\/index.php\/wp-json\/wp\/v2\/product\/750683","targetHints":{"allow":["GET"]}}],"collection":[{"href":"https:\/\/roveyayinevi.com.tr\/index.php\/wp-json\/wp\/v2\/product"}],"about":[{"href":"https:\/\/roveyayinevi.com.tr\/index.php\/wp-json\/wp\/v2\/types\/product"}],"wp:attachment":[{"href":"https:\/\/roveyayinevi.com.tr\/index.php\/wp-json\/wp\/v2\/media?parent=750683"}],"wp:term":[{"taxonomy":"product_brand","embeddable":true,"href":"https:\/\/roveyayinevi.com.tr\/index.php\/wp-json\/wp\/v2\/product_brand?post=750683"},{"taxonomy":"product_cat","embeddable":true,"href":"https:\/\/roveyayinevi.com.tr\/index.php\/wp-json\/wp\/v2\/product_cat?post=750683"},{"taxonomy":"product_tag","embeddable":true,"href":"https:\/\/roveyayinevi.com.tr\/index.php\/wp-json\/wp\/v2\/product_tag?post=750683"}],"curies":[{"name":"wp","href":"https:\/\/api.w.org\/{rel}","templated":true}]}}