{"id":750682,"date":"2025-08-28T04:27:30","date_gmt":"2025-08-28T01:27:30","guid":{"rendered":"https:\/\/roveyayinevi.com.tr\/index.php\/urun\/ortu\/"},"modified":"2026-04-16T03:03:58","modified_gmt":"2026-04-16T00:03:58","slug":"ortu","status":"publish","type":"product","link":"https:\/\/roveyayinevi.com.tr\/index.php\/urun\/ortu\/","title":{"rendered":"\u00d6rt\u00fc"},"content":{"rendered":"<p>Mutlulu\u011fu, yas\u0131 bazen kurtulu\u015fu \u00f6rter. C\u00fcmb\u00fc\u015f, musalla ve makber ekseriyetledir.   \u0130lk beyazda ne\u015feyle sa\u00e7\u0131l\u0131r g\u00fcl\u00fcc\u00fckler. Zaman\u0131n ne getirece\u011fini bilemezler. Yar\u0131nlar yokmu\u015f\u00e7as\u0131na daim e\u011flenirler.   \u0130kinci beyazda, itaat son saltanata. G\u00f6k kubbede i\u015fitince ad\u0131n\u0131, vedaya, ba\u015flang\u0131\u00e7t\u0131r asl\u0131nda, o ebedi r\u00fcyaya.   \u00dc\u00e7\u00fcnc\u00fc beyazda s\u00f6nm\u00fc\u015ft\u00fcr o \u00e7amurdan mum. Her canl\u0131 gibi o da toprak olmaya mahk\u00fbm. \u0130yisiyle k\u00f6t\u00fcs\u00fcyle ge\u00e7er yoldan umum.   Ezelden beridir yanan tun\u00e7 rengi me\u015fale, kar\u015f\u0131s\u0131nda g\u00fclg\u00fcn g\u00f6lgelikler ve \u015felale.   Yolun sonunda bir \u00f6m\u00fcrden kalan hat\u0131rat. ve i\u015fte ald\u0131\u011f\u0131n g\u00f6n\u00fcl en b\u00fcy\u00fck zanaat. <\/p>\n","protected":false},"excerpt":{"rendered":"<p>Mutlulu\u011fu, yas\u0131 bazen kurtulu\u015fu \u00f6rter. C\u00fcmb\u00fc\u015f, musalla ve makber ekseriyetledir. \u0130lk beyazda ne\u015feyle sa\u00e7\u0131l\u0131r g\u00fcl\u00fcc\u00fckler. Zaman\u0131n ne getirece\u011fini bilemezler. Yar\u0131nlar yokmu\u015f\u00e7as\u0131na daim e\u011flenirler. \u0130kinci beyazda, itaat<span class=\"excerpt-hellip\"> [\u2026]<\/span><\/p>\n","protected":false},"featured_media":0,"template":"","meta":{"_monsterinsights_skip_tracking":false,"_monsterinsights_sitenote_active":false,"_monsterinsights_sitenote_note":"","_monsterinsights_sitenote_category":0},"product_brand":[],"product_cat":[12291,12509],"product_tag":[],"class_list":{"0":"post-750682","1":"product","2":"type-product","3":"status-publish","5":"product_cat-edebiyat","6":"product_cat-siir","7":"pa_cilt-ciltsiz","8":"pa_tur-kitap","9":"pa_yayinevi-gulnar-yayinlari","10":"pa_yazar-cem-deniz","12":"first","13":"instock","14":"sale","15":"shipping-taxable","16":"purchasable","17":"product-type-simple"},"_links":{"self":[{"href":"https:\/\/roveyayinevi.com.tr\/index.php\/wp-json\/wp\/v2\/product\/750682","targetHints":{"allow":["GET"]}}],"collection":[{"href":"https:\/\/roveyayinevi.com.tr\/index.php\/wp-json\/wp\/v2\/product"}],"about":[{"href":"https:\/\/roveyayinevi.com.tr\/index.php\/wp-json\/wp\/v2\/types\/product"}],"wp:attachment":[{"href":"https:\/\/roveyayinevi.com.tr\/index.php\/wp-json\/wp\/v2\/media?parent=750682"}],"wp:term":[{"taxonomy":"product_brand","embeddable":true,"href":"https:\/\/roveyayinevi.com.tr\/index.php\/wp-json\/wp\/v2\/product_brand?post=750682"},{"taxonomy":"product_cat","embeddable":true,"href":"https:\/\/roveyayinevi.com.tr\/index.php\/wp-json\/wp\/v2\/product_cat?post=750682"},{"taxonomy":"product_tag","embeddable":true,"href":"https:\/\/roveyayinevi.com.tr\/index.php\/wp-json\/wp\/v2\/product_tag?post=750682"}],"curies":[{"name":"wp","href":"https:\/\/api.w.org\/{rel}","templated":true}]}}