{"id":750681,"date":"2025-08-28T04:27:29","date_gmt":"2025-08-28T01:27:29","guid":{"rendered":"https:\/\/roveyayinevi.com.tr\/index.php\/urun\/cocuklara-siirler-adi-cocuk-dersiniz\/"},"modified":"2026-04-16T03:03:58","modified_gmt":"2026-04-16T00:03:58","slug":"cocuklara-siirler-adi-cocuk-dersiniz","status":"publish","type":"product","link":"https:\/\/roveyayinevi.com.tr\/index.php\/urun\/cocuklara-siirler-adi-cocuk-dersiniz\/","title":{"rendered":"\u00c7ocuklara \u015eiirler \u201cAd\u0131 \u00c7ocuk Dersiniz\u201d"},"content":{"rendered":"<p>\u00c7ocuk dersiniz bize Bak\u0131n tek y\u00fcrek olduk bile Ne duruyorsunuz g\u00f6rsenize Kalpten duvar \u00f6rd\u00fck kendimize Kucak a\u00e7t\u0131k sevgiye, el ele \u00d6rnek al\u0131n bizden Yapt\u0131klar\u0131m\u0131z\u0131 yap\u0131n Verin el ele, y\u00fcrek y\u00fcre\u011fe Bizler de sizlerle g\u00fc\u00e7 katal\u0131m benli\u011fimize   <\/p>\n","protected":false},"excerpt":{"rendered":"<p>\u00c7ocuk dersiniz bize Bak\u0131n tek y\u00fcrek olduk bile Ne duruyorsunuz g\u00f6rsenize Kalpten duvar \u00f6rd\u00fck kendimize Kucak a\u00e7t\u0131k sevgiye, el ele \u00d6rnek al\u0131n bizden Yapt\u0131klar\u0131m\u0131z\u0131 yap\u0131n Verin<span class=\"excerpt-hellip\"> [\u2026]<\/span><\/p>\n","protected":false},"featured_media":0,"template":"","meta":{"_monsterinsights_skip_tracking":false,"_monsterinsights_sitenote_active":false,"_monsterinsights_sitenote_note":"","_monsterinsights_sitenote_category":0},"product_brand":[],"product_cat":[12274,12631],"product_tag":[],"class_list":{"0":"post-750681","1":"product","2":"type-product","3":"status-publish","5":"product_cat-cocuk-ve-genclik-kitaplari","6":"product_cat-diger-cocuk-ve-genclik-kitaplari","7":"pa_cilt-ciltsiz","8":"pa_tur-kitap","9":"pa_yayinevi-gulnar-yayinlari","10":"pa_yazar-ferhan-yesil","12":"first","13":"instock","14":"sale","15":"shipping-taxable","16":"purchasable","17":"product-type-simple"},"_links":{"self":[{"href":"https:\/\/roveyayinevi.com.tr\/index.php\/wp-json\/wp\/v2\/product\/750681","targetHints":{"allow":["GET"]}}],"collection":[{"href":"https:\/\/roveyayinevi.com.tr\/index.php\/wp-json\/wp\/v2\/product"}],"about":[{"href":"https:\/\/roveyayinevi.com.tr\/index.php\/wp-json\/wp\/v2\/types\/product"}],"wp:attachment":[{"href":"https:\/\/roveyayinevi.com.tr\/index.php\/wp-json\/wp\/v2\/media?parent=750681"}],"wp:term":[{"taxonomy":"product_brand","embeddable":true,"href":"https:\/\/roveyayinevi.com.tr\/index.php\/wp-json\/wp\/v2\/product_brand?post=750681"},{"taxonomy":"product_cat","embeddable":true,"href":"https:\/\/roveyayinevi.com.tr\/index.php\/wp-json\/wp\/v2\/product_cat?post=750681"},{"taxonomy":"product_tag","embeddable":true,"href":"https:\/\/roveyayinevi.com.tr\/index.php\/wp-json\/wp\/v2\/product_tag?post=750681"}],"curies":[{"name":"wp","href":"https:\/\/api.w.org\/{rel}","templated":true}]}}