{"id":750678,"date":"2025-08-28T04:27:23","date_gmt":"2025-08-28T01:27:23","guid":{"rendered":"https:\/\/roveyayinevi.com.tr\/index.php\/urun\/divan-cadisi\/"},"modified":"2026-04-16T03:03:58","modified_gmt":"2026-04-16T00:03:58","slug":"divan-cadisi","status":"publish","type":"product","link":"https:\/\/roveyayinevi.com.tr\/index.php\/urun\/divan-cadisi\/","title":{"rendered":"Divan Cad\u0131s\u0131"},"content":{"rendered":"<p>\u201c\u0130\u00e7imizdeki sesi b\u00f6yle kaybediyoruz i\u015fte. Duyup duymazl\u0131ktan gelince bir dahakine al\u00e7al\u0131yor desibeli. Sonra zaten duyan kalmay\u0131nca ses de kendili\u011finden bir \u00f6l\u00fcm uykusuna yat\u0131yor.\u201d   Hepsi birbirinden farkl\u0131 ama derinlerde birbirine ba\u011fl\u0131 toplam yedi \u00f6yk\u00fc, tam yedi yalan, yedi y\u00fczle\u015fme. Kendi bedenindeki co\u011frafyadan habersiz kad\u0131nlardan insan ruhunun ta\u015fras\u0131na, s\u0131rl\u0131 atlas yorganlardan bir divan \u015filtesinin alt\u0131ndaki \u015fifal\u0131 tohumlara\u2026 Divan Cad\u0131s\u0131, ki\u015fisel tarihi yeniden in\u015fa eden haf\u0131za oyunlar\u0131na, insan\u0131n k\u00f6\u015fe bucak ka\u00e7t\u0131\u011f\u0131 kendi hakikatiyle y\u00fczle\u015fmesine, hatta o hakikati do\u011furmas\u0131na dair bir karnaval.   Sinema ve televizyon d\u00fcnyas\u0131n\u0131n \u00fcretken isimlerinden, \u00f6d\u00fcll\u00fc senarist \u00d6zlem Y\u0131lmaz\u2019dan yarat\u0131c\u0131 betimler ve i\u00e7g\u00f6r\u00fclerle bezenmi\u015f, \u201cbilinen ama fark edilmeyen\u201d \u015feylere i\u015faret etmesiyle iz b\u0131rakan, sinematografik \u00f6\u011feleriyle adeta film izler gibi okunan g\u00fc\u00e7l\u00fc \u00f6yk\u00fcler. Divan Cad\u0131s\u0131, heyecan verici bir ilk kitap. <\/p>\n","protected":false},"excerpt":{"rendered":"<p>\u201c\u0130\u00e7imizdeki sesi b\u00f6yle kaybediyoruz i\u015fte. Duyup duymazl\u0131ktan gelince bir dahakine al\u00e7al\u0131yor desibeli. Sonra zaten duyan kalmay\u0131nca ses de kendili\u011finden bir \u00f6l\u00fcm uykusuna yat\u0131yor.\u201d Hepsi birbirinden farkl\u0131<span class=\"excerpt-hellip\"> [\u2026]<\/span><\/p>\n","protected":false},"featured_media":0,"template":"","meta":{"_monsterinsights_skip_tracking":false,"_monsterinsights_sitenote_active":false,"_monsterinsights_sitenote_note":"","_monsterinsights_sitenote_category":0},"product_brand":[],"product_cat":[12291,18202],"product_tag":[],"class_list":{"0":"post-750678","1":"product","2":"type-product","3":"status-publish","5":"product_cat-edebiyat","6":"product_cat-hikaye","7":"pa_cilt-ciltsiz","8":"pa_tur-kitap","9":"pa_yayinevi-everest-yayinlari","10":"pa_yazar-ozlem-yilmaz","12":"first","13":"instock","14":"sale","15":"shipping-taxable","16":"purchasable","17":"product-type-simple"},"_links":{"self":[{"href":"https:\/\/roveyayinevi.com.tr\/index.php\/wp-json\/wp\/v2\/product\/750678","targetHints":{"allow":["GET"]}}],"collection":[{"href":"https:\/\/roveyayinevi.com.tr\/index.php\/wp-json\/wp\/v2\/product"}],"about":[{"href":"https:\/\/roveyayinevi.com.tr\/index.php\/wp-json\/wp\/v2\/types\/product"}],"wp:attachment":[{"href":"https:\/\/roveyayinevi.com.tr\/index.php\/wp-json\/wp\/v2\/media?parent=750678"}],"wp:term":[{"taxonomy":"product_brand","embeddable":true,"href":"https:\/\/roveyayinevi.com.tr\/index.php\/wp-json\/wp\/v2\/product_brand?post=750678"},{"taxonomy":"product_cat","embeddable":true,"href":"https:\/\/roveyayinevi.com.tr\/index.php\/wp-json\/wp\/v2\/product_cat?post=750678"},{"taxonomy":"product_tag","embeddable":true,"href":"https:\/\/roveyayinevi.com.tr\/index.php\/wp-json\/wp\/v2\/product_tag?post=750678"}],"curies":[{"name":"wp","href":"https:\/\/api.w.org\/{rel}","templated":true}]}}