{"id":750677,"date":"2025-08-28T04:27:22","date_gmt":"2025-08-28T01:27:22","guid":{"rendered":"https:\/\/roveyayinevi.com.tr\/index.php\/urun\/oteki-seylerin-tarihi\/"},"modified":"2025-10-16T01:51:14","modified_gmt":"2025-10-15T22:51:14","slug":"oteki-seylerin-tarihi","status":"publish","type":"product","link":"https:\/\/roveyayinevi.com.tr\/index.php\/urun\/oteki-seylerin-tarihi\/","title":{"rendered":"\u00d6teki \u015eeylerin Tarihi"},"content":{"rendered":"<p>\u201cMangal Y\u00fcrekli\u201d deyimindeki Mangal kimdir? \u201cGel, gel, ne olursan ol yine gel!\u201d  s\u00f6z\u00fc ger\u00e7ekte kime ait? Karalar neden ba\u011flan\u0131r? Para nas\u0131l pul, adam nas\u0131l 40 paral\u0131k olur?   Atat\u00fcrk\u2019\u00fcn yazd\u0131\u011f\u0131 bir mektup neden sans\u00fcrlenmi\u015ftir? \u00d6teki \u015eeylerin Tarihi dilimizde, k\u00fclt\u00fcr\u00fcm\u00fczde, al\u0131\u015fkanl\u0131klar\u0131m\u0131zda, yanl\u0131\u015f bildiklerimizde, unuttuklar\u0131m\u0131z ve unutturulanlarda ya\u015fayan; ge\u00e7mi\u015fin izlerini takip ederken nedenleri ve nas\u0131llar\u0131 sorgulayan, \u015fa\u015f\u0131rt\u0131rken merakland\u0131ran, bilgi sevenler i\u00e7in haz\u0131rlanm\u0131\u015f s\u0131ra d\u0131\u015f\u0131 bir kitap. Sema Soykan, k\u00fclt\u00fcrel ortakl\u0131\u011f\u0131m\u0131z\u0131 sa\u011flayan atas\u00f6zleri ve deyimlerin \u00e7\u0131k\u0131\u015f noktalar\u0131na mercek tutarken, ilgin\u00e7 tarihi olaylar\u0131n ve de anlam kayb\u0131na u\u011frayan kelimelerin ser\u00fcvenlerini de \u00f6yk\u00fc tad\u0131nda sunuyor. Sinek Av\u0131 Seferberli\u011fi\u2019nden Mao\u2019nun Ser\u00e7e Katliam\u0131\u2019na, \u0130nsanat Bah\u00e7eleri\u2019nden Cobra Effect\u2019e, 731. Birim\u2019den The T\u00fcrk\u2019e,icatlar\u0131n karanl\u0131k tarihinden foyas\u0131 d\u00f6k\u00fclen s\u0131rlara, yerelden evrensele, Fabl\u2019l\u0131, mizahi ve renkli bir yolculuk sizleri bekliyor.   Ads\u0131z Roman: 1864 \u00c7erkes S\u00fcrg\u00fcn\u00fc ve Soyk\u0131r\u0131m\u0131, Ke\u015fke: Bir K\u00f6y Enstit\u00fcs\u00fc Roman\u0131 ve Kilit Ta\u015f\u0131: A\u015fk\u0131n, Cesaretin ve Dayan\u0131\u015fman\u0131n Roman\u0131 kitaplar\u0131yla tan\u0131d\u0131\u011f\u0131m\u0131z, a\u015fk kurgusu ile zengin tarihi bilgileri harmanlamas\u0131yla dikkatleri \u00e7eken Sema Soykan, uzun y\u0131llara yay\u0131lan titiz ara\u015ft\u0131rmalar\u0131yla biriktirdi\u011fi bilgileri bu kez sohbet tad\u0131nda kaleme ald\u0131. Siz de bu keyifli sohbete e\u015flik etmek ister misiniz? Kahveniz haz\u0131rsa ba\u015flayal\u0131m! <\/p>\n","protected":false},"excerpt":{"rendered":"<p>\u201cMangal Y\u00fcrekli\u201d deyimindeki Mangal kimdir? \u201cGel, gel, ne olursan ol yine gel!\u201d s\u00f6z\u00fc ger\u00e7ekte kime ait? Karalar neden ba\u011flan\u0131r? Para nas\u0131l pul, adam nas\u0131l 40 paral\u0131k<span class=\"excerpt-hellip\"> [\u2026]<\/span><\/p>\n","protected":false},"featured_media":0,"template":"","meta":{"_monsterinsights_skip_tracking":false,"_monsterinsights_sitenote_active":false,"_monsterinsights_sitenote_note":"","_monsterinsights_sitenote_category":0},"product_brand":[],"product_cat":[12365,12364],"product_tag":[],"class_list":{"0":"post-750677","1":"product","2":"type-product","3":"status-publish","5":"product_cat-diger-genel-konular","6":"product_cat-genel-konular","7":"pa_cilt-ciltsiz","8":"pa_tur-kitap","9":"pa_yayinevi-alfa-yayinlari","10":"pa_yazar-sema-soykan","12":"first","13":"instock","14":"sale","15":"shipping-taxable","16":"purchasable","17":"product-type-simple"},"_links":{"self":[{"href":"https:\/\/roveyayinevi.com.tr\/index.php\/wp-json\/wp\/v2\/product\/750677","targetHints":{"allow":["GET"]}}],"collection":[{"href":"https:\/\/roveyayinevi.com.tr\/index.php\/wp-json\/wp\/v2\/product"}],"about":[{"href":"https:\/\/roveyayinevi.com.tr\/index.php\/wp-json\/wp\/v2\/types\/product"}],"wp:attachment":[{"href":"https:\/\/roveyayinevi.com.tr\/index.php\/wp-json\/wp\/v2\/media?parent=750677"}],"wp:term":[{"taxonomy":"product_brand","embeddable":true,"href":"https:\/\/roveyayinevi.com.tr\/index.php\/wp-json\/wp\/v2\/product_brand?post=750677"},{"taxonomy":"product_cat","embeddable":true,"href":"https:\/\/roveyayinevi.com.tr\/index.php\/wp-json\/wp\/v2\/product_cat?post=750677"},{"taxonomy":"product_tag","embeddable":true,"href":"https:\/\/roveyayinevi.com.tr\/index.php\/wp-json\/wp\/v2\/product_tag?post=750677"}],"curies":[{"name":"wp","href":"https:\/\/api.w.org\/{rel}","templated":true}]}}