{"id":750676,"date":"2025-08-28T04:27:20","date_gmt":"2025-08-28T01:27:20","guid":{"rendered":"https:\/\/roveyayinevi.com.tr\/index.php\/urun\/karanligin-dokunusu\/"},"modified":"2026-04-16T03:03:58","modified_gmt":"2026-04-16T00:03:58","slug":"karanligin-dokunusu","status":"publish","type":"product","link":"https:\/\/roveyayinevi.com.tr\/index.php\/urun\/karanligin-dokunusu\/","title":{"rendered":"Karanl\u0131\u011f\u0131n Dokunu\u015fu"},"content":{"rendered":"<p>PERSEPHONE, SADECE \u0130SMEN BAHAR TANRI\u00c7ASIYDI.   \u0130\u015fin asl\u0131, k\u00fc\u00e7\u00fckl\u00fc\u011f\u00fcnden beri dokundu\u011fu \u00e7i\u00e7ekler kuruyup soluyordu. New Athens\u2019e ta\u015f\u0131nd\u0131ktan sonra, fani bir gazeteci k\u0131l\u0131\u011f\u0131nda, m\u00fctevaz\u0131 bir hayat s\u00fcrmeyi umuyordu.   \u00d6L\u00dcLER TANRISI HADES, FAN\u0130 D\u00dcNYADA  B\u0130R KUMAR \u0130MPARATORLU\u011eU \u0130N\u015eA ETM\u0130\u015eT\u0130 ve en sevdi\u011fi bahislerin de imk\u00e2ns\u0131z \u015feyler oldu\u011fu s\u00f6yleniyordu. Hades\u2019le tan\u0131\u015fmas\u0131n\u0131n ard\u0131ndan, Persephone kendini \u00d6l\u00fcler Tanr\u0131s\u0131 ile bir anla\u015fman\u0131n i\u00e7inde buldu ve bu anla\u015fman\u0131n \u015fartlar\u0131 imk\u00e2ns\u0131zd\u0131: Persephone ya Yeralt\u0131 D\u00fcnyas\u0131\u2019nda hayat yaratacakt\u0131 ya da \u00f6zg\u00fcrl\u00fc\u011f\u00fcn\u00fc ebediyen yitirecekti.   Fakat girdi\u011fi bu bahis, Persephone\u2019nin bir tanr\u0131\u00e7a olarak ba\u015far\u0131s\u0131zl\u0131\u011f\u0131n\u0131 ortaya \u00e7\u0131karmaktan fazlas\u0131n\u0131 yapacakt\u0131. \u00d6zg\u00fcrl\u00fc\u011f\u00fcn\u00fcn tohumlar\u0131n\u0131 ekmek i\u00e7in m\u00fccadele ederken \u00d6l\u00fcler Tanr\u0131s\u0131\u2019na duydu\u011fu a\u015fk b\u00fcy\u00fcyordu \u2014ve bu onun i\u00e7in en b\u00fcy\u00fck yasakt\u0131.<\/p>\n","protected":false},"excerpt":{"rendered":"<p>PERSEPHONE, SADECE \u0130SMEN BAHAR TANRI\u00c7ASIYDI. \u0130\u015fin asl\u0131, k\u00fc\u00e7\u00fckl\u00fc\u011f\u00fcnden beri dokundu\u011fu \u00e7i\u00e7ekler kuruyup soluyordu. New Athens\u2019e ta\u015f\u0131nd\u0131ktan sonra, fani bir gazeteci k\u0131l\u0131\u011f\u0131nda, m\u00fctevaz\u0131 bir hayat s\u00fcrmeyi umuyordu.<span class=\"excerpt-hellip\"> [\u2026]<\/span><\/p>\n","protected":false},"featured_media":0,"template":"","meta":{"_monsterinsights_skip_tracking":false,"_monsterinsights_sitenote_active":false,"_monsterinsights_sitenote_note":"","_monsterinsights_sitenote_category":0},"product_brand":[],"product_cat":[12291,14777],"product_tag":[],"class_list":{"0":"post-750676","1":"product","2":"type-product","3":"status-publish","5":"product_cat-edebiyat","6":"product_cat-fantastik","7":"pa_cilt-ciltsiz","8":"pa_tur-kitap","9":"pa_yayinevi-marti-yayinlari","10":"pa_yazar-scarlett-st-clair","12":"first","13":"instock","14":"sale","15":"shipping-taxable","16":"purchasable","17":"product-type-simple"},"_links":{"self":[{"href":"https:\/\/roveyayinevi.com.tr\/index.php\/wp-json\/wp\/v2\/product\/750676","targetHints":{"allow":["GET"]}}],"collection":[{"href":"https:\/\/roveyayinevi.com.tr\/index.php\/wp-json\/wp\/v2\/product"}],"about":[{"href":"https:\/\/roveyayinevi.com.tr\/index.php\/wp-json\/wp\/v2\/types\/product"}],"wp:attachment":[{"href":"https:\/\/roveyayinevi.com.tr\/index.php\/wp-json\/wp\/v2\/media?parent=750676"}],"wp:term":[{"taxonomy":"product_brand","embeddable":true,"href":"https:\/\/roveyayinevi.com.tr\/index.php\/wp-json\/wp\/v2\/product_brand?post=750676"},{"taxonomy":"product_cat","embeddable":true,"href":"https:\/\/roveyayinevi.com.tr\/index.php\/wp-json\/wp\/v2\/product_cat?post=750676"},{"taxonomy":"product_tag","embeddable":true,"href":"https:\/\/roveyayinevi.com.tr\/index.php\/wp-json\/wp\/v2\/product_tag?post=750676"}],"curies":[{"name":"wp","href":"https:\/\/api.w.org\/{rel}","templated":true}]}}