{"id":750674,"date":"2025-08-28T04:27:16","date_gmt":"2025-08-28T01:27:16","guid":{"rendered":"https:\/\/roveyayinevi.com.tr\/index.php\/urun\/bir-fikrim-var-2\/"},"modified":"2026-04-16T03:03:58","modified_gmt":"2026-04-16T00:03:58","slug":"bir-fikrim-var-2","status":"publish","type":"product","link":"https:\/\/roveyayinevi.com.tr\/index.php\/urun\/bir-fikrim-var-2\/","title":{"rendered":"Bir Fikrim Var !"},"content":{"rendered":"<p>Her \u015fey iyi bir fikirle ba\u015flar! Deniz bir gece, akl\u0131nda d\u00f6n\u00fcp duran bir \u015feyle uyand\u0131. Bu, bir fikirdi! Fikir, \u00fczerinde d\u00fc\u015f\u00fcnd\u00fck\u00e7e b\u00fcy\u00fcyor, \u015f\u00fcpheye kap\u0131ld\u0131k\u00e7a k\u00fc\u00e7\u00fcl\u00fcyordu. Fikirlerimiz ve hayal g\u00fcc\u00fcm\u00fcz bizi zihnimizde yolculuklara \u00e7\u0131kar\u0131r. Bakal\u0131m Deniz\u2019in fikri onu nereye g\u00f6t\u00fcrecek? <\/p>\n","protected":false},"excerpt":{"rendered":"<p>Her \u015fey iyi bir fikirle ba\u015flar! Deniz bir gece, akl\u0131nda d\u00f6n\u00fcp duran bir \u015feyle uyand\u0131. Bu, bir fikirdi! Fikir, \u00fczerinde d\u00fc\u015f\u00fcnd\u00fck\u00e7e b\u00fcy\u00fcyor, \u015f\u00fcpheye kap\u0131ld\u0131k\u00e7a k\u00fc\u00e7\u00fcl\u00fcyordu. Fikirlerimiz<span class=\"excerpt-hellip\"> [\u2026]<\/span><\/p>\n","protected":false},"featured_media":0,"template":"","meta":{"_monsterinsights_skip_tracking":false,"_monsterinsights_sitenote_active":false,"_monsterinsights_sitenote_note":"","_monsterinsights_sitenote_category":0},"product_brand":[],"product_cat":[12274,12518],"product_tag":[],"class_list":{"0":"post-750674","1":"product","2":"type-product","3":"status-publish","5":"product_cat-cocuk-ve-genclik-kitaplari","6":"product_cat-okul-oncesi-kitaplar","7":"pa_cilt-ciltsiz","8":"pa_tur-kitap","9":"pa_yayinevi-is-bankasi-kultur-yayinlari","10":"pa_yazar-bree-galbraith","12":"first","13":"instock","14":"sale","15":"shipping-taxable","16":"purchasable","17":"product-type-simple"},"_links":{"self":[{"href":"https:\/\/roveyayinevi.com.tr\/index.php\/wp-json\/wp\/v2\/product\/750674","targetHints":{"allow":["GET"]}}],"collection":[{"href":"https:\/\/roveyayinevi.com.tr\/index.php\/wp-json\/wp\/v2\/product"}],"about":[{"href":"https:\/\/roveyayinevi.com.tr\/index.php\/wp-json\/wp\/v2\/types\/product"}],"wp:attachment":[{"href":"https:\/\/roveyayinevi.com.tr\/index.php\/wp-json\/wp\/v2\/media?parent=750674"}],"wp:term":[{"taxonomy":"product_brand","embeddable":true,"href":"https:\/\/roveyayinevi.com.tr\/index.php\/wp-json\/wp\/v2\/product_brand?post=750674"},{"taxonomy":"product_cat","embeddable":true,"href":"https:\/\/roveyayinevi.com.tr\/index.php\/wp-json\/wp\/v2\/product_cat?post=750674"},{"taxonomy":"product_tag","embeddable":true,"href":"https:\/\/roveyayinevi.com.tr\/index.php\/wp-json\/wp\/v2\/product_tag?post=750674"}],"curies":[{"name":"wp","href":"https:\/\/api.w.org\/{rel}","templated":true}]}}