{"id":750671,"date":"2025-08-28T04:27:11","date_gmt":"2025-08-28T01:27:11","guid":{"rendered":"https:\/\/roveyayinevi.com.tr\/index.php\/urun\/yavru-tilkinin-ilk-yazi\/"},"modified":"2026-04-16T03:03:58","modified_gmt":"2026-04-16T00:03:58","slug":"yavru-tilkinin-ilk-yazi","status":"publish","type":"product","link":"https:\/\/roveyayinevi.com.tr\/index.php\/urun\/yavru-tilkinin-ilk-yazi\/","title":{"rendered":"Yavru Tilkinin \u0130lk Yaz\u0131"},"content":{"rendered":"<p>Yaz\u0131n ilk g\u00fcn\u00fc ba\u015flam\u0131\u015ft\u0131. Yavru tilki, daha yeni uyanm\u0131\u015ft\u0131. \u201cG\u00fcnd\u00fczler neden bu kadar uzun art\u0131k?\u201d diye sordu annesine. Annesi g\u00fclerek cevap verdi. \u201cE\u011flenmeye daha \u00e7ok vaktimiz olsun diye!\u201d Yavru tilki ile annesinin yaz mevsimiyle tan\u0131\u015fma hik\u00e2yesine e\u015flik etmek ister misin? <\/p>\n","protected":false},"excerpt":{"rendered":"<p>Yaz\u0131n ilk g\u00fcn\u00fc ba\u015flam\u0131\u015ft\u0131. Yavru tilki, daha yeni uyanm\u0131\u015ft\u0131. \u201cG\u00fcnd\u00fczler neden bu kadar uzun art\u0131k?\u201d diye sordu annesine. Annesi g\u00fclerek cevap verdi. \u201cE\u011flenmeye daha \u00e7ok vaktimiz<span class=\"excerpt-hellip\"> [\u2026]<\/span><\/p>\n","protected":false},"featured_media":0,"template":"","meta":{"_monsterinsights_skip_tracking":false,"_monsterinsights_sitenote_active":false,"_monsterinsights_sitenote_note":"","_monsterinsights_sitenote_category":0},"product_brand":[],"product_cat":[12274,12518],"product_tag":[],"class_list":{"0":"post-750671","1":"product","2":"type-product","3":"status-publish","5":"product_cat-cocuk-ve-genclik-kitaplari","6":"product_cat-okul-oncesi-kitaplar","7":"pa_cilt-ciltsiz","8":"pa_tur-kitap","9":"pa_yayinevi-is-bankasi-kultur-yayinlari","10":"pa_yazar-rebecca-elliott","12":"first","13":"instock","14":"sale","15":"shipping-taxable","16":"purchasable","17":"product-type-simple"},"_links":{"self":[{"href":"https:\/\/roveyayinevi.com.tr\/index.php\/wp-json\/wp\/v2\/product\/750671","targetHints":{"allow":["GET"]}}],"collection":[{"href":"https:\/\/roveyayinevi.com.tr\/index.php\/wp-json\/wp\/v2\/product"}],"about":[{"href":"https:\/\/roveyayinevi.com.tr\/index.php\/wp-json\/wp\/v2\/types\/product"}],"wp:attachment":[{"href":"https:\/\/roveyayinevi.com.tr\/index.php\/wp-json\/wp\/v2\/media?parent=750671"}],"wp:term":[{"taxonomy":"product_brand","embeddable":true,"href":"https:\/\/roveyayinevi.com.tr\/index.php\/wp-json\/wp\/v2\/product_brand?post=750671"},{"taxonomy":"product_cat","embeddable":true,"href":"https:\/\/roveyayinevi.com.tr\/index.php\/wp-json\/wp\/v2\/product_cat?post=750671"},{"taxonomy":"product_tag","embeddable":true,"href":"https:\/\/roveyayinevi.com.tr\/index.php\/wp-json\/wp\/v2\/product_tag?post=750671"}],"curies":[{"name":"wp","href":"https:\/\/api.w.org\/{rel}","templated":true}]}}