{"id":750670,"date":"2025-08-28T04:27:09","date_gmt":"2025-08-28T01:27:09","guid":{"rendered":"https:\/\/roveyayinevi.com.tr\/index.php\/urun\/turna-ile-guguk-kusu\/"},"modified":"2026-04-16T03:03:57","modified_gmt":"2026-04-16T00:03:57","slug":"turna-ile-guguk-kusu","status":"publish","type":"product","link":"https:\/\/roveyayinevi.com.tr\/index.php\/urun\/turna-ile-guguk-kusu\/","title":{"rendered":"Turna \u0130le Guguk Ku\u015fu"},"content":{"rendered":"<p>Turna, ailesi onsuz g\u00fcneye u\u00e7tu\u011fu i\u00e7in \u00fcz\u00fcl\u00fcrken Guguk ku\u015fuyla tan\u0131\u015ft\u0131. Hemen arkada\u015f oldular ve birlikte Turna\u2019n\u0131n ailesini bulmak i\u00e7in plan yapt\u0131lar. Turna havalanmaya \u00e7al\u0131\u015f\u0131rken bir tepeden yuvarland\u0131 ve annesinin ayaklar\u0131n\u0131n dibinde buluverdi kendini\u2026 <\/p>\n","protected":false},"excerpt":{"rendered":"<p>Turna, ailesi onsuz g\u00fcneye u\u00e7tu\u011fu i\u00e7in \u00fcz\u00fcl\u00fcrken Guguk ku\u015fuyla tan\u0131\u015ft\u0131. Hemen arkada\u015f oldular ve birlikte Turna\u2019n\u0131n ailesini bulmak i\u00e7in plan yapt\u0131lar. Turna havalanmaya \u00e7al\u0131\u015f\u0131rken bir tepeden<span class=\"excerpt-hellip\"> [\u2026]<\/span><\/p>\n","protected":false},"featured_media":0,"template":"","meta":{"_monsterinsights_skip_tracking":false,"_monsterinsights_sitenote_active":false,"_monsterinsights_sitenote_note":"","_monsterinsights_sitenote_category":0},"product_brand":[],"product_cat":[12274,12518],"product_tag":[],"class_list":{"0":"post-750670","1":"product","2":"type-product","3":"status-publish","5":"product_cat-cocuk-ve-genclik-kitaplari","6":"product_cat-okul-oncesi-kitaplar","7":"pa_cilt-ciltsiz","8":"pa_tur-kitap","9":"pa_yayinevi-is-bankasi-kultur-yayinlari","10":"pa_yazar-yvonne-hergane","12":"first","13":"instock","14":"sale","15":"shipping-taxable","16":"purchasable","17":"product-type-simple"},"_links":{"self":[{"href":"https:\/\/roveyayinevi.com.tr\/index.php\/wp-json\/wp\/v2\/product\/750670","targetHints":{"allow":["GET"]}}],"collection":[{"href":"https:\/\/roveyayinevi.com.tr\/index.php\/wp-json\/wp\/v2\/product"}],"about":[{"href":"https:\/\/roveyayinevi.com.tr\/index.php\/wp-json\/wp\/v2\/types\/product"}],"wp:attachment":[{"href":"https:\/\/roveyayinevi.com.tr\/index.php\/wp-json\/wp\/v2\/media?parent=750670"}],"wp:term":[{"taxonomy":"product_brand","embeddable":true,"href":"https:\/\/roveyayinevi.com.tr\/index.php\/wp-json\/wp\/v2\/product_brand?post=750670"},{"taxonomy":"product_cat","embeddable":true,"href":"https:\/\/roveyayinevi.com.tr\/index.php\/wp-json\/wp\/v2\/product_cat?post=750670"},{"taxonomy":"product_tag","embeddable":true,"href":"https:\/\/roveyayinevi.com.tr\/index.php\/wp-json\/wp\/v2\/product_tag?post=750670"}],"curies":[{"name":"wp","href":"https:\/\/api.w.org\/{rel}","templated":true}]}}